{"id":10125,"date":"2025-07-11T10:09:29","date_gmt":"2025-07-11T03:09:29","guid":{"rendered":"https:\/\/xedop.com\/?post_type=product&#038;p=10125"},"modified":"2025-07-11T10:09:29","modified_gmt":"2025-07-11T03:09:29","slug":"kinh-doi-mau-xe-dap-giant-gale","status":"publish","type":"product","link":"https:\/\/xedop.com\/en\/san-pham\/kinh-doi-mau-xe-dap-giant-gale\/","title":{"rendered":"K\u00ednh \u0111\u1ed5i m\u00e0u xe \u0111\u1ea1p GIANT GALE"},"content":{"rendered":"<ul>\n<li>Thi\u1ebft k\u1ebf theo ng\u01b0\u1eddi th\u1ef1c ch\u00e2u \u00c1 Asia-Fit3D, t\u1ea7m nh\u00ecn r\u1ed9ng, \u0111\u1ed9 cong g\u1ecdng h\u1ee3p l\u00fd, \u0111\u1ed9 ch\u00e9o v\u1eeba \u0111\u1ee7, khi \u0111eo \u1ed5n \u0111\u1ecbnh h\u01a1n.<\/li>\n<li>G\u1ecdng k\u00ednh v\u00e0 ch\u00e2n k\u00ednh \u0111\u01b0\u1ee3c l\u00e0m b\u1eb1ng v\u1eadt li\u1ec7u copolyamide trong su\u1ed1t hi\u1ec7u su\u1ea5t cao G850, m\u1ed9t ph\u1ea7n d\u1ef1a tr\u00ean ngu\u1ed3n t\u00e0i nguy\u00ean t\u00e1i t\u1ea1o (bao g\u1ed3m 45% th\u00e0nh ph\u1ea7n sinh h\u1ecdc t\u1eeb d\u1ea7u h\u1ea1t c\u00e2y gai d\u1ea7u). N\u00f3 nh\u1eb9, b\u1ec1n v\u00e0 c\u00f3 \u0111\u1ed9 \u0111\u00e0n h\u1ed3i cao. B\u1ec1 m\u1eb7t \u0111\u01b0\u1ee3c x\u1eed l\u00fd ch\u1ed1ng \u1ed1 v\u00e0ng v\u00e0 \u0111\u00e3 v\u01b0\u1ee3t qua qu\u00e1 tr\u00ecnh ki\u1ec3m tra th\u1ea9m m\u1ef9.<\/li>\n<li>Thi\u1ebft k\u1ebf mi\u1ebfng \u0111\u1ec7m m\u0169i b\u1eb1ng silicon th\u00e2n thi\u1ec7n v\u1edbi da, ch\u1ed1ng m\u1ed3 h\u00f4i, ch\u1ed1ng tr\u01b0\u1ee3t v\u00e0 h\u1ea5p th\u1ee5 s\u1ed1c. K\u1ebft h\u1ee3p v\u1edbi mi\u1ebfng \u0111\u1ec7m m\u0169i ph\u00e2n \u0111o\u1ea1n c\u00f3 th\u1ec3 \u0111i\u1ec1u ch\u1ec9nh kh\u00f4ng ch\u1ee9a kim lo\u1ea1i, t\u0103ng c\u01b0\u1eddng \u0111\u1ed9 b\u00e1m v\u00e0 \u00f4m s\u00e1t trong khi t\u1eadp th\u1ec3 d\u1ee5c.<\/li>\n<li>M\u1eaft k\u00ednh s\u1eed d\u1ee5ng c\u00f4ng ngh\u1ec7 t\u01b0\u01a1ng ph\u1ea3n cao trong \u0111i\u1ec1u ki\u1ec7n \u00e1nh s\u00e1ng y\u1ebfu v\u1edbi \u0111\u1ed9 truy\u1ec1n s\u00e1ng tr\u00ean 75%. S\u1eed d\u1ee5ng c\u00f4ng ngh\u1ec7 t\u0103ng c\u01b0\u1eddng m\u00e0u s\u1eafc \u0111\u1ec3 c\u1ea3i thi\u1ec7n \u0111\u1ed9 t\u01b0\u01a1ng ph\u1ea3n c\u1ee7a m\u00f4i tr\u01b0\u1eddng \u0111\u1ea1p xe bu\u1ed5i t\u1ed1i v\u00e0 \u0111\u00e1p \u1ee9ng nhu c\u1ea7u quang h\u1ecdc khi \u0111\u1ea1p xe.<\/li>\n<\/ul>\n","protected":false},"excerpt":{"rendered":"<p>Thi\u1ebft k\u1ebf theo ng\u01b0\u1eddi th\u1ef1c ch\u00e2u \u00c1 Asia-Fit3D, t\u1ea7m nh\u00ecn r\u1ed9ng, \u0111\u1ed9 cong g\u1ecdng h\u1ee3p l\u00fd, \u0111\u1ed9 ch\u00e9o v\u1eeba \u0111\u1ee7, khi \u0111eo \u1ed5n \u0111\u1ecbnh h\u01a1n. G\u1ecdng<span class=\"excerpt-hellip\"> [\u2026]<\/span><\/p>\n","protected":false},"featured_media":10126,"comment_status":"closed","ping_status":"closed","template":"","meta":[],"product_cat":[74],"product_tag":[],"class_list":["post-10125","product","type-product","status-publish","has-post-thumbnail","hentry","product_cat-kinh"],"_links":{"self":[{"href":"https:\/\/xedop.com\/en\/wp-json\/wp\/v2\/product\/10125","targetHints":{"allow":["GET"]}}],"collection":[{"href":"https:\/\/xedop.com\/en\/wp-json\/wp\/v2\/product"}],"about":[{"href":"https:\/\/xedop.com\/en\/wp-json\/wp\/v2\/types\/product"}],"replies":[{"embeddable":true,"href":"https:\/\/xedop.com\/en\/wp-json\/wp\/v2\/comments?post=10125"}],"version-history":[{"count":2,"href":"https:\/\/xedop.com\/en\/wp-json\/wp\/v2\/product\/10125\/revisions"}],"predecessor-version":[{"id":10129,"href":"https:\/\/xedop.com\/en\/wp-json\/wp\/v2\/product\/10125\/revisions\/10129"}],"wp:featuredmedia":[{"embeddable":true,"href":"https:\/\/xedop.com\/en\/wp-json\/wp\/v2\/media\/10126"}],"wp:attachment":[{"href":"https:\/\/xedop.com\/en\/wp-json\/wp\/v2\/media?parent=10125"}],"wp:term":[{"taxonomy":"product_cat","embeddable":true,"href":"https:\/\/xedop.com\/en\/wp-json\/wp\/v2\/product_cat?post=10125"},{"taxonomy":"product_tag","embeddable":true,"href":"https:\/\/xedop.com\/en\/wp-json\/wp\/v2\/product_tag?post=10125"}],"curies":[{"name":"wp","href":"https:\/\/api.w.org\/{rel}","templated":true}]}}