{"id":10188,"date":"2025-07-12T14:55:09","date_gmt":"2025-07-12T07:55:09","guid":{"rendered":"https:\/\/xedop.com\/?post_type=product&#038;p=10188"},"modified":"2025-07-12T14:55:10","modified_gmt":"2025-07-12T07:55:10","slug":"mu-bao-hiem-giro-helios-spherical","status":"publish","type":"product","link":"https:\/\/xedop.com\/en\/san-pham\/mu-bao-hiem-giro-helios-spherical\/","title":{"rendered":"M\u0169 b\u1ea3o hi\u1ec3m GIRO HELIOS SPHERICAL"},"content":{"rendered":"<h2><span>Th\u00f4ng s\u1ed1 k\u1ef9 thu\u1eadt<\/span><\/h2>\n<div><\/div>\n<table class=\"table\">\n<tbody>\n<tr>\n<th class=\"spec-label spec-label-padding border-0\"><span>\u0110\u1ed9 ph\u1ea3n x\u1ea1<\/span><\/th>\n<td class=\"spec-value border-0\">\n<div><span>Decal ph\u1ea3n quang<\/span><\/div>\n<\/td>\n<\/tr>\n<tr>\n<th class=\"spec-label spec-label-padding \"><span>S\u1ef1 thi c\u00f4ng<\/span><\/th>\n<td class=\"spec-value \">\n<div><span>L\u1edbp l\u00f3t \u0111\u1ed9c l\u1eadp, In-Mold v\u1edbi thi\u1ebft k\u1ebf bi v\u00e0 \u1ed5 c\u1eafm h\u00ecnh c\u1ea7u<\/span><\/div>\n<div><span>V\u1ecf polycarbonate In-Mold c\u00f3 l\u1edbp l\u00f3t EPS<\/span><\/div>\n<div><span>Ph\u1ee7 k\u00edn to\u00e0n b\u1ed9 ph\u1ea7n th\u00e2n c\u1ee9ng ph\u00eda d\u01b0\u1edbi<\/span><\/div>\n<\/td>\n<\/tr>\n<tr>\n<th class=\"spec-label spec-label-padding \"><span>Th\u00f4ng gi\u00f3<\/span><\/th>\n<td class=\"spec-value \">\n<div><span>15 l\u1ed7 th\u00f4ng gi\u00f3 h\u1ea7m gi\u00f3 c\u00f3 k\u00eanh d\u1eabn b\u00ean trong<\/span><\/div>\n<\/td>\n<\/tr>\n<tr>\n<th class=\"spec-label spec-label-padding \"><span>H\u1ec7 th\u1ed1ng ph\u00f9 h\u1ee3p<\/span><\/th>\n<td class=\"spec-value \">\n<div><span>Roc Loc\u00ae 5 Air<\/span><\/div>\n<\/td>\n<\/tr>\n<tr>\n<th class=\"spec-label spec-label-padding \"><span>Tr\u1ecdng l\u01b0\u1ee3ng s\u1ea3n ph\u1ea9m<\/span><\/th>\n<td class=\"spec-value \">\n<div><span>270 (k\u00edch th\u01b0\u1edbc Trung b\u00ecnh CPSC, CE)<\/span><\/div>\n<\/td>\n<\/tr>\n<tr>\n<th class=\"spec-label spec-label-padding \"><span>Ch\u1ee9ng nh\u1eadn<\/span><\/th>\n<td class=\"spec-value \">\n<div><span>Tu\u00e2n th\u1ee7 Ti\u00eau chu\u1ea9n An to\u00e0n CPSC c\u1ee7a Hoa K\u1ef3 d\u00e0nh cho M\u0169 b\u1ea3o hi\u1ec3m xe \u0111\u1ea1p d\u00e0nh cho ng\u01b0\u1eddi t\u1eeb 5 tu\u1ed5i tr\u1edf l\u00ean<\/span><\/div>\n<div><span>EU: CE EN1078<\/span><\/div>\n<\/td>\n<\/tr>\n<tr>\n<th class=\"spec-label spec-label-padding \"><span>\u0110i\u1ec3m n\u1ed5i b\u1eadt<\/span><\/th>\n<td class=\"spec-value \">\n<div><span>B\u1ecdt EPS Nanobead\u2122<\/span><\/div>\n<div><span>L\u1edbp \u0111\u1ec7m kh\u00e1ng khu\u1ea9n Ionic+\u2122<\/span><\/div>\n<\/td>\n<\/tr>\n<\/tbody>\n<\/table>\n","protected":false},"excerpt":{"rendered":"<p>\u0110i\u1ec3m nh\u1ea5n trong thi\u1ebft k\u1ebf v\u00e0 hi\u1ec7u su\u1ea5t v\u01b0\u1ee3t tr\u1ed9i c\u1ee7a Helios ch\u00ednh l\u00e0 C\u00f4ng ngh\u1ec7 H\u00ecnh c\u1ea7u, s\u1eed d\u1ee5ng thi\u1ebft k\u1ebf bi-socket \u0111\u01b0\u1ee3c h\u1ed7 tr\u1ee3 b\u1edfi Mips\u00ae, h\u1ec7 th\u1ed1ng b\u1ea3o v\u1ec7 n\u00e3o h\u00e0ng \u0111\u1ea7u th\u1ecb tr\u01b0\u1eddng, gi\u00fap gi\u1ea3m l\u1ef1c xoay. C\u00f4ng ngh\u1ec7 H\u00ecnh c\u1ea7u cho ph\u00e9p l\u1edbp l\u00f3t ngo\u00e0i c\u1ee7a m\u0169 xoay quanh l\u1edbp l\u00f3t trong khi va ch\u1ea1m, \u0111\u1ed3ng th\u1eddi cho ph\u00e9p l\u1edbp l\u00f3t trong v\u00e0 ngo\u00e0i \u0111\u01b0\u1ee3c x\u1ebfp l\u1edbp theo t\u1eebng l\u1edbp, mang l\u1ea1i kh\u1ea3 n\u0103ng b\u1ea3o v\u1ec7 v\u00e0 hi\u1ec7u su\u1ea5t to\u00e0n di\u1ec7n h\u01a1n. B\u00ean c\u1ea1nh kh\u1ea3 n\u0103ng b\u1ea3o v\u1ec7 \u0111\u1ea7u ti\u00ean ti\u1ebfn, 15 l\u1ed7 th\u00f4ng gi\u00f3 Wind Tunnel c\u1ee7a Helios mang l\u1ea1i kh\u1ea3 n\u0103ng l\u00e0m m\u00e1t v\u01b0\u1ee3t tr\u1ed9i, \u0111\u01b0\u1ee3c t\u0103ng c\u01b0\u1eddng b\u1edfi h\u1ec7 th\u1ed1ng Roc Loc 5 Air \u0111\u01b0\u1ee3c c\u1ea5p b\u1eb1ng s\u00e1ng ch\u1ebf v\u00e0 l\u1edbp \u0111\u1ec7m XT2 kh\u00e1ng khu\u1ea9n sang tr\u1ecdng, th\u1ea5m h\u00fat m\u1ed3 h\u00f4i v\u01b0\u1ee3t tr\u1ed9i. \u0110\u00e2y l\u00e0 s\u1ef1 l\u1ef1a ch\u1ecdn l\u00fd t\u01b0\u1edfng cho nh\u1eefng chuy\u1ebfn phi\u00eau l\u01b0u tr\u00ean \u0111\u01b0\u1eddng tr\u01b0\u1eddng v\u00e0 \u0111\u01b0\u1eddng s\u1ecfi c\u1ee7a b\u1ea1n.<\/p>\n","protected":false},"featured_media":10189,"comment_status":"closed","ping_status":"closed","template":"","meta":[],"product_cat":[73],"product_tag":[],"class_list":["post-10188","product","type-product","status-publish","has-post-thumbnail","hentry","product_cat-mu-bao-hiem"],"_links":{"self":[{"href":"https:\/\/xedop.com\/en\/wp-json\/wp\/v2\/product\/10188","targetHints":{"allow":["GET"]}}],"collection":[{"href":"https:\/\/xedop.com\/en\/wp-json\/wp\/v2\/product"}],"about":[{"href":"https:\/\/xedop.com\/en\/wp-json\/wp\/v2\/types\/product"}],"replies":[{"embeddable":true,"href":"https:\/\/xedop.com\/en\/wp-json\/wp\/v2\/comments?post=10188"}],"version-history":[{"count":2,"href":"https:\/\/xedop.com\/en\/wp-json\/wp\/v2\/product\/10188\/revisions"}],"predecessor-version":[{"id":10192,"href":"https:\/\/xedop.com\/en\/wp-json\/wp\/v2\/product\/10188\/revisions\/10192"}],"wp:featuredmedia":[{"embeddable":true,"href":"https:\/\/xedop.com\/en\/wp-json\/wp\/v2\/media\/10189"}],"wp:attachment":[{"href":"https:\/\/xedop.com\/en\/wp-json\/wp\/v2\/media?parent=10188"}],"wp:term":[{"taxonomy":"product_cat","embeddable":true,"href":"https:\/\/xedop.com\/en\/wp-json\/wp\/v2\/product_cat?post=10188"},{"taxonomy":"product_tag","embeddable":true,"href":"https:\/\/xedop.com\/en\/wp-json\/wp\/v2\/product_tag?post=10188"}],"curies":[{"name":"wp","href":"https:\/\/api.w.org\/{rel}","templated":true}]}}