{"id":10275,"date":"2025-07-16T11:20:01","date_gmt":"2025-07-16T04:20:01","guid":{"rendered":"https:\/\/xedop.com\/?post_type=product&#038;p=10275"},"modified":"2026-04-20T20:31:46","modified_gmt":"2026-04-20T13:31:46","slug":"xe-dap-dia-hinh-vinabike-26","status":"publish","type":"product","link":"https:\/\/xedop.com\/en\/san-pham\/xe-dap-dia-hinh-vinabike-26\/","title":{"rendered":"Xe \u0111\u1ea1p \u0111\u1ecba h\u00ecnh VINABIKE 26"},"content":{"rendered":"<ul>\n<li>Khung: th\u00e9p<\/li>\n<li>Phu\u1ed9c: th\u00e9p<\/li>\n<li>Tay \u0111\u1ec1 SHIMANO 3\u00d77 t\u1ed1c \u0111\u1ed9<\/li>\n<li>C\u1ecdc y\u00ean: th\u00e9p<\/li>\n<li>Phanh: \u0111\u0129a c\u01a1<\/li>\n<li>\u0110\u00f9i \u0111\u0129a: th\u00e9p<\/li>\n<li>V\u00e0nh: nh\u00f4m 26 inch<\/li>\n<li>Ph\u1ee5 ki\u1ec7n k\u00e8m theo: Gi\u00e1 \u0111\u1ec3 binh n\u01b0\u1edbc + 3 ph\u1ee5 ki\u1ec7n th\u00e1o l\u1eafp k\u00e8m theo<\/li>\n<\/ul>\n","protected":false},"excerpt":{"rendered":"<p>Khung: th\u00e9p Phu\u1ed9c: th\u00e9p Tay \u0111\u1ec1 SHIMANO 3\u00d77 t\u1ed1c \u0111\u1ed9 C\u1ecdc y\u00ean: th\u00e9p Phanh: \u0111\u0129a c\u01a1 \u0110\u00f9i \u0111\u0129a: th\u00e9p V\u00e0nh: nh\u00f4m 26 inch Ph\u1ee5 ki\u1ec7n k\u00e8m<span class=\"excerpt-hellip\"> [\u2026]<\/span><\/p>\n","protected":false},"featured_media":10276,"comment_status":"closed","ping_status":"closed","template":"","meta":[],"product_cat":[115,117],"product_tag":[],"class_list":["post-10275","product","type-product","status-publish","has-post-thumbnail","hentry","product_cat-xe-dap-khac","product_cat-xe-dap-vinabike"],"_links":{"self":[{"href":"https:\/\/xedop.com\/en\/wp-json\/wp\/v2\/product\/10275","targetHints":{"allow":["GET"]}}],"collection":[{"href":"https:\/\/xedop.com\/en\/wp-json\/wp\/v2\/product"}],"about":[{"href":"https:\/\/xedop.com\/en\/wp-json\/wp\/v2\/types\/product"}],"replies":[{"embeddable":true,"href":"https:\/\/xedop.com\/en\/wp-json\/wp\/v2\/comments?post=10275"}],"version-history":[{"count":1,"href":"https:\/\/xedop.com\/en\/wp-json\/wp\/v2\/product\/10275\/revisions"}],"predecessor-version":[{"id":10282,"href":"https:\/\/xedop.com\/en\/wp-json\/wp\/v2\/product\/10275\/revisions\/10282"}],"wp:featuredmedia":[{"embeddable":true,"href":"https:\/\/xedop.com\/en\/wp-json\/wp\/v2\/media\/10276"}],"wp:attachment":[{"href":"https:\/\/xedop.com\/en\/wp-json\/wp\/v2\/media?parent=10275"}],"wp:term":[{"taxonomy":"product_cat","embeddable":true,"href":"https:\/\/xedop.com\/en\/wp-json\/wp\/v2\/product_cat?post=10275"},{"taxonomy":"product_tag","embeddable":true,"href":"https:\/\/xedop.com\/en\/wp-json\/wp\/v2\/product_tag?post=10275"}],"curies":[{"name":"wp","href":"https:\/\/api.w.org\/{rel}","templated":true}]}}