{"id":10315,"date":"2025-07-16T15:19:53","date_gmt":"2025-07-16T08:19:53","guid":{"rendered":"https:\/\/xedop.com\/?post_type=product&#038;p=10315"},"modified":"2025-07-16T15:19:53","modified_gmt":"2025-07-16T08:19:53","slug":"coc-sac-pin-sram-etap","status":"publish","type":"product","link":"https:\/\/xedop.com\/en\/san-pham\/coc-sac-pin-sram-etap\/","title":{"rendered":"C\u1ed1c s\u1ea1c pin Sram Etap"},"content":{"rendered":"<p>B\u1ed9 s\u1ea1c pin SRAM ti\u00eau chu\u1ea9n c\u1ee7a b\u1ea1n s\u1ebd \u0111i k\u00e8m v\u1edbi c\u00e1p USB. N\u1ebfu b\u1ea1n \u0111ang s\u1eed d\u1ee5ng b\u1ed9 chuy\u1ec3n \u0111\u1ed5i USB AC, h\u00e3y \u0111\u1ea3m b\u1ea3o n\u00f3 cung c\u1ea5p \u00edt nh\u1ea5t 1A \u1edf m\u1ee9c 5V. N\u1ebfu b\u1ea1n c\u1eafm v\u00e0o m\u00e1y t\u00ednh ho\u1eb7c m\u00e1y t\u00ednh x\u00e1ch tay, h\u00e3y \u0111\u1ea3m b\u1ea3o n\u00f3 c\u00f3 c\u1ed5ng s\u1ea1c USB 3.0 tr\u1edf l\u00ean.<\/p>\n<p>Khi pin \u0111\u01b0\u1ee3c l\u1eafp \u0111\u00fang c\u00e1ch v\u00e0o b\u1ed9 s\u1ea1c, \u0111\u00e8n LED m\u00e0u h\u1ed5 ph\u00e1ch s\u1ebd b\u00e1o hi\u1ec7u pin \u0111ang s\u1ea1c. Khi \u0111\u00e8n chuy\u1ec3n sang m\u00e0u xanh l\u00e1 c\u00e2y, pin \u0111\u00e3 s\u1eb5n s\u00e0ng. S\u1ea1c \u0111\u1ea7y pin ch\u1ec9 m\u1ea5t ch\u01b0a \u0111\u1ebfn m\u1ed9t gi\u1edd.<\/p>\n<p>M\u1eb9o k\u1ef9 thu\u1eadt: N\u1ebfu b\u1ea1n th\u1ea5y \u0111\u00e8n LED m\u00e0u \u0111\u1ecf tr\u00ean b\u1ed9 s\u1ea1c, t\u1ee9c l\u00e0 \u0111\u00e3 x\u1ea3y ra l\u1ed7i. Ch\u1ec9 c\u1ea7n th\u00e1o pin ra kh\u1ecfi b\u1ed9 s\u1ea1c v\u00e0 l\u1eafp l\u1ea1i. Sau \u0111\u00f3, ng\u1eaft k\u1ebft n\u1ed1i v\u00e0 k\u1ebft n\u1ed1i l\u1ea1i b\u1ed9 s\u1ea1c.<\/p>\n","protected":false},"excerpt":{"rendered":"<p>B\u1ed9 s\u1ea1c pin SRAM ti\u00eau chu\u1ea9n c\u1ee7a b\u1ea1n s\u1ebd \u0111i k\u00e8m v\u1edbi c\u00e1p USB. N\u1ebfu b\u1ea1n \u0111ang s\u1eed d\u1ee5ng b\u1ed9 chuy\u1ec3n \u0111\u1ed5i USB AC, h\u00e3y \u0111\u1ea3m<span class=\"excerpt-hellip\"> [\u2026]<\/span><\/p>\n","protected":false},"featured_media":10316,"comment_status":"closed","ping_status":"closed","template":"","meta":[],"product_cat":[94],"product_tag":[],"class_list":["post-10315","product","type-product","status-publish","has-post-thumbnail","hentry","product_cat-he-thong-truyen-dong-tay-de-dui-dia-gat-de"],"_links":{"self":[{"href":"https:\/\/xedop.com\/en\/wp-json\/wp\/v2\/product\/10315","targetHints":{"allow":["GET"]}}],"collection":[{"href":"https:\/\/xedop.com\/en\/wp-json\/wp\/v2\/product"}],"about":[{"href":"https:\/\/xedop.com\/en\/wp-json\/wp\/v2\/types\/product"}],"replies":[{"embeddable":true,"href":"https:\/\/xedop.com\/en\/wp-json\/wp\/v2\/comments?post=10315"}],"version-history":[{"count":1,"href":"https:\/\/xedop.com\/en\/wp-json\/wp\/v2\/product\/10315\/revisions"}],"predecessor-version":[{"id":10322,"href":"https:\/\/xedop.com\/en\/wp-json\/wp\/v2\/product\/10315\/revisions\/10322"}],"wp:featuredmedia":[{"embeddable":true,"href":"https:\/\/xedop.com\/en\/wp-json\/wp\/v2\/media\/10316"}],"wp:attachment":[{"href":"https:\/\/xedop.com\/en\/wp-json\/wp\/v2\/media?parent=10315"}],"wp:term":[{"taxonomy":"product_cat","embeddable":true,"href":"https:\/\/xedop.com\/en\/wp-json\/wp\/v2\/product_cat?post=10315"},{"taxonomy":"product_tag","embeddable":true,"href":"https:\/\/xedop.com\/en\/wp-json\/wp\/v2\/product_tag?post=10315"}],"curies":[{"name":"wp","href":"https:\/\/api.w.org\/{rel}","templated":true}]}}