{"id":10388,"date":"2026-04-21T10:43:20","date_gmt":"2026-04-21T03:43:20","guid":{"rendered":"https:\/\/xedop.com\/?post_type=product&#038;p=10388"},"modified":"2026-04-21T14:40:57","modified_gmt":"2026-04-21T07:40:57","slug":"xe-dap-liv-2025-avail-ar-4-gc","status":"publish","type":"product","link":"https:\/\/xedop.com\/en\/san-pham\/xe-dap-liv-2025-avail-ar-4-gc\/","title":{"rendered":"Xe \u0111\u1ea1p LIV 2025 AVAIL AR 4-GC"},"content":{"rendered":"<div>\n<h4>KHUNG<\/h4>\n<p>K\u00edch c\u1ee1\/Sizes:XXS<\/p>\n<p>M\u00e0u s\u1eafc\/Colors:T\u00edm ghi, t\u00edm nh\u1ea1t<\/p>\n<p>Ch\u1ea5t li\u1ec7u khung\/Frame:GIANT, h\u1ee3p kim nh\u00f4m<\/p>\n<p>Phu\u1ed9c\/Fork:GIANT, Carbon<\/p>\n<p>Gi\u1ea3m x\u00f3c\/Shock:&#8212;<\/p>\n<h4>H\u00ca\u0323 TH\u00d4\u0301NG BA\u0301NH XE<\/h4>\n<p>V\u00e0nh xe\/Rims:H\u1ee3p kim nh\u00f4m<\/p>\n<p>Moay \u01a1\/Hubs:H\u1ee3p kim nh\u00f4m<\/p>\n<p>Nan hoa\/Spokes:14G HTSS<\/p>\n<p>L\u1ed1p xe\/Tires:KENDA S-R3<\/p>\n<h4>KHA\u0301C<\/h4>\n<p>Th\u00eam\/Extras:M\u1ed9t s\u1ed1 linh ki\u1ec7n c\u00f3 th\u1ec3 thay th\u1ebf lo\u1ea1i t\u01b0\u01a1ng \u0111\u01b0\u01a1ng<\/p>\n<\/div>\n<div>\n<h4>CA\u0301C B\u00d4\u0323 PH\u00c2\u0323N<\/h4>\n<p>Ghi \u0111\u00f4ng\/Handlebar:GIANT, h\u1ee3p kim nh\u00f4m<\/p>\n<p>P\u00f4 t\u0103ng\/Stem:Sport<\/p>\n<p>C\u1ecdc y\u00ean\/Seatpost:D-FUSE<\/p>\n<p>Y\u00ean\/Saddle:LIV APPROACH<\/p>\n<p>Ba\u0300n \u0111a\u0323p\/Pedals:C\u00f3 s\u1eb5n<\/p>\n<h4>B\u00d4\u0323 TRUY\u00ca\u0300N \u0110\u00d4\u0323NG<\/h4>\n<p>Tay \u0111\u1ec1\/Shifters:SHIMANO CLARIS 2x8S<\/p>\n<p>B\u1ed9 chuy\u1ec3n \u0111\u1ec1 tr\u01b0\u1edbc\/Front Derailleur:SHIMANO CLARIS 2S<\/p>\n<p>B\u1ed9 chuy\u1ec3n \u0111\u1ec1 sau\/Rear Derailleur:SHIMANO CLARIS 8S<\/p>\n<p>Phanh\/Brakes:\u0110\u0129a c\u01a1 TEKTRO<\/p>\n<p>Tay phanh\/Brake Levers:TEKTRO<\/p>\n<p>L\u00edp\/Cassette:SHIMANO CS-HG50<\/p>\n<p>X\u00edch\/Chain:KMC Z8.3<\/p>\n<p>\u0110\u00f9i \u0111\u0129a\/Crankset:H\u1ee3p kim nh\u00f4m<\/p>\n<\/div>\n","protected":false},"excerpt":{"rendered":"<p>KHUNG K\u00edch c\u1ee1\/Sizes:XXS M\u00e0u s\u1eafc\/Colors:T\u00edm ghi, t\u00edm nh\u1ea1t Ch\u1ea5t li\u1ec7u khung\/Frame:GIANT, h\u1ee3p kim nh\u00f4m Phu\u1ed9c\/Fork:GIANT, Carbon Gi\u1ea3m x\u00f3c\/Shock:&#8212; H\u00ca\u0323 TH\u00d4\u0301NG BA\u0301NH XE V\u00e0nh xe\/Rims:H\u1ee3p kim nh\u00f4m<span class=\"excerpt-hellip\"> [\u2026]<\/span><\/p>\n","protected":false},"featured_media":10389,"comment_status":"closed","ping_status":"closed","template":"","meta":[],"product_cat":[71],"product_tag":[],"class_list":["post-10388","product","type-product","status-publish","has-post-thumbnail","hentry","product_cat-xe-dap-dua-duong-truong"],"_links":{"self":[{"href":"https:\/\/xedop.com\/en\/wp-json\/wp\/v2\/product\/10388","targetHints":{"allow":["GET"]}}],"collection":[{"href":"https:\/\/xedop.com\/en\/wp-json\/wp\/v2\/product"}],"about":[{"href":"https:\/\/xedop.com\/en\/wp-json\/wp\/v2\/types\/product"}],"replies":[{"embeddable":true,"href":"https:\/\/xedop.com\/en\/wp-json\/wp\/v2\/comments?post=10388"}],"version-history":[{"count":2,"href":"https:\/\/xedop.com\/en\/wp-json\/wp\/v2\/product\/10388\/revisions"}],"predecessor-version":[{"id":10394,"href":"https:\/\/xedop.com\/en\/wp-json\/wp\/v2\/product\/10388\/revisions\/10394"}],"wp:featuredmedia":[{"embeddable":true,"href":"https:\/\/xedop.com\/en\/wp-json\/wp\/v2\/media\/10389"}],"wp:attachment":[{"href":"https:\/\/xedop.com\/en\/wp-json\/wp\/v2\/media?parent=10388"}],"wp:term":[{"taxonomy":"product_cat","embeddable":true,"href":"https:\/\/xedop.com\/en\/wp-json\/wp\/v2\/product_cat?post=10388"},{"taxonomy":"product_tag","embeddable":true,"href":"https:\/\/xedop.com\/en\/wp-json\/wp\/v2\/product_tag?post=10388"}],"curies":[{"name":"wp","href":"https:\/\/api.w.org\/{rel}","templated":true}]}}