{"id":10407,"date":"2025-08-02T15:43:02","date_gmt":"2025-08-02T08:43:02","guid":{"rendered":"https:\/\/xedop.com\/?post_type=product&#038;p=10407"},"modified":"2026-04-21T17:56:27","modified_gmt":"2026-04-21T10:56:27","slug":"xe-dap-liv-2025-devote-adv-2","status":"publish","type":"product","link":"https:\/\/xedop.com\/en\/san-pham\/xe-dap-liv-2025-devote-adv-2\/","title":{"rendered":"Xe \u0111\u1ea1p LIV 2025 DEVOTE ADV 2"},"content":{"rendered":"<figure id=\"attachment_31111\" class=\"wp-caption aligncenter\" aria-describedby=\"caption-attachment-31111\"><img fetchpriority=\"high\" decoding=\"async\" class=\"alignnone size-medium wp-image-10725\" src=\"https:\/\/xedop.com\/wp-content\/uploads\/2025\/08\/LIV-2025-DEVOTE-ADV-2-1100-X-600-01-500x273.jpg\" alt=\"\" width=\"500\" height=\"273\" srcset=\"https:\/\/xedop.com\/wp-content\/uploads\/2025\/08\/LIV-2025-DEVOTE-ADV-2-1100-X-600-01-500x273.jpg 500w, https:\/\/xedop.com\/wp-content\/uploads\/2025\/08\/LIV-2025-DEVOTE-ADV-2-1100-X-600-01-300x164.jpg 300w, https:\/\/xedop.com\/wp-content\/uploads\/2025\/08\/LIV-2025-DEVOTE-ADV-2-1100-X-600-01-768x419.jpg 768w, https:\/\/xedop.com\/wp-content\/uploads\/2025\/08\/LIV-2025-DEVOTE-ADV-2-1100-X-600-01-138x75.jpg 138w, https:\/\/xedop.com\/wp-content\/uploads\/2025\/08\/LIV-2025-DEVOTE-ADV-2-1100-X-600-01-480x262.jpg 480w, https:\/\/xedop.com\/wp-content\/uploads\/2025\/08\/LIV-2025-DEVOTE-ADV-2-1100-X-600-01-800x436.jpg 800w, https:\/\/xedop.com\/wp-content\/uploads\/2025\/08\/LIV-2025-DEVOTE-ADV-2-1100-X-600-01.jpg 1100w\" sizes=\"(max-width:767px) 480px, 500px\" \/><figcaption id=\"caption-attachment-31111\" class=\"wp-caption-text\">\u0110\u01b0\u1ee3c \u0111\u1ecbnh h\u00ecnh l\u00e0 m\u1eabu\u00a0xe \u0111\u1ea1p \u0111\u1ecba h\u00ecnh d\u00e0nh ri\u00eang cho ph\u00e1i n\u1eef,\u00a0<strong>LIV 2025 DEVOTE ADV 2<\/strong>\u00a0to\u00e1t l\u00ean v\u1ebb nh\u1eb9 nh\u00e0ng, thanh tho\u00e1t v\u00e0 hi\u1ec7n \u0111\u1ea1i. Ki\u1ec3u d\u00e1ng h\u00e0i h\u00f2a k\u1ebft h\u1ee3p t\u00ednh th\u1ea9m m\u1ef9 cao mang l\u1ea1i v\u1ebb \u0111\u1eb9p c\u00f9ng s\u1ef1 linh ho\u1ea1t cho ng\u01b0\u1eddi \u0111\u1ea1p xe.<\/figcaption><\/figure>\n<figure id=\"attachment_31131\" class=\"wp-caption aligncenter\" aria-describedby=\"caption-attachment-31131\"><img decoding=\"async\" class=\"alignnone size-medium wp-image-10730\" src=\"https:\/\/xedop.com\/wp-content\/uploads\/2025\/08\/LIV-2025-DEVOTE-ADV-2-1100-X-600-08-500x273.jpg\" alt=\"\" width=\"500\" height=\"273\" srcset=\"https:\/\/xedop.com\/wp-content\/uploads\/2025\/08\/LIV-2025-DEVOTE-ADV-2-1100-X-600-08-500x273.jpg 500w, https:\/\/xedop.com\/wp-content\/uploads\/2025\/08\/LIV-2025-DEVOTE-ADV-2-1100-X-600-08-300x164.jpg 300w, https:\/\/xedop.com\/wp-content\/uploads\/2025\/08\/LIV-2025-DEVOTE-ADV-2-1100-X-600-08-768x419.jpg 768w, https:\/\/xedop.com\/wp-content\/uploads\/2025\/08\/LIV-2025-DEVOTE-ADV-2-1100-X-600-08-138x75.jpg 138w, https:\/\/xedop.com\/wp-content\/uploads\/2025\/08\/LIV-2025-DEVOTE-ADV-2-1100-X-600-08-480x262.jpg 480w, https:\/\/xedop.com\/wp-content\/uploads\/2025\/08\/LIV-2025-DEVOTE-ADV-2-1100-X-600-08-800x436.jpg 800w, https:\/\/xedop.com\/wp-content\/uploads\/2025\/08\/LIV-2025-DEVOTE-ADV-2-1100-X-600-08.jpg 1100w\" sizes=\"(max-width:767px) 480px, 500px\" \/><figcaption id=\"caption-attachment-31131\" class=\"wp-caption-text\">Khung xe\u00a0<strong>LIV 2025 DEVOTE ADV 2<\/strong>\u00a0\u0111\u01b0\u1ee3c ch\u1ebf t\u00e1c t\u1eeb ch\u1ea5t li\u1ec7u carbon Advanced-Grade Composite si\u00eau nh\u1eb9, cho \u0111\u1ed9 c\u1ee9ng cao v\u00e0 \u0111\u1ed9 b\u1ec1n \u1ea5n t\u01b0\u1ee3ng, gi\u00fap t\u1ed1i \u01b0u hi\u1ec7u su\u1ea5t v\u00e0 tr\u1ea3i nghi\u1ec7m t\u1ed1i \u0111a.<\/figcaption><\/figure>\n<figure id=\"attachment_31114\" class=\"wp-caption aligncenter\" aria-describedby=\"caption-attachment-31114\"><img decoding=\"async\" class=\"alignnone size-medium wp-image-10732\" src=\"https:\/\/xedop.com\/wp-content\/uploads\/2025\/08\/LIV-2025-DEVOTE-ADV-2-1100-X-600-04-500x273.jpg\" alt=\"\" width=\"500\" height=\"273\" srcset=\"https:\/\/xedop.com\/wp-content\/uploads\/2025\/08\/LIV-2025-DEVOTE-ADV-2-1100-X-600-04-500x273.jpg 500w, https:\/\/xedop.com\/wp-content\/uploads\/2025\/08\/LIV-2025-DEVOTE-ADV-2-1100-X-600-04-300x164.jpg 300w, https:\/\/xedop.com\/wp-content\/uploads\/2025\/08\/LIV-2025-DEVOTE-ADV-2-1100-X-600-04-768x419.jpg 768w, https:\/\/xedop.com\/wp-content\/uploads\/2025\/08\/LIV-2025-DEVOTE-ADV-2-1100-X-600-04-138x75.jpg 138w, https:\/\/xedop.com\/wp-content\/uploads\/2025\/08\/LIV-2025-DEVOTE-ADV-2-1100-X-600-04-480x262.jpg 480w, https:\/\/xedop.com\/wp-content\/uploads\/2025\/08\/LIV-2025-DEVOTE-ADV-2-1100-X-600-04-800x436.jpg 800w, https:\/\/xedop.com\/wp-content\/uploads\/2025\/08\/LIV-2025-DEVOTE-ADV-2-1100-X-600-04.jpg 1100w\" sizes=\"(max-width:767px) 480px, 500px\" \/><figcaption id=\"caption-attachment-31114\" class=\"wp-caption-text\">L\u1ed1p xe \u0111\u1ea1p LIV 2025 DEVOTE ADV 2 b\u1ea3n r\u1ed9ng cho \u0111\u1ed9 b\u00e1m \u0111\u01b0\u1eddng v\u01b0\u1ee3t tr\u1ed9i, gi\u00fap ng\u01b0\u1eddi \u0111\u1ea1p xe t\u1ef1 tin di chuy\u1ec3n tr\u00ean nhi\u1ec1u lo\u1ea1i \u0111\u1ecba h\u00ecnh kh\u00e1c nhau nh\u01b0 \u0111\u1ed3i n\u00fai, \u0111\u01b0\u1eddng m\u00f2n, s\u1ecfi \u0111\u00e1 ho\u1eb7c\u00a0\u0111\u1ecba h\u00ecnh h\u1ed7n h\u1ee3p.<\/figcaption><\/figure>\n<figure id=\"attachment_31128\" class=\"wp-caption aligncenter\" aria-describedby=\"caption-attachment-31128\"><img loading=\"lazy\" decoding=\"async\" class=\"alignnone size-medium wp-image-10735\" src=\"https:\/\/xedop.com\/wp-content\/uploads\/2025\/08\/LIV-2025-DEVOTE-ADV-2-1100-X-600-05-500x273.jpg\" alt=\"\" width=\"500\" height=\"273\" srcset=\"https:\/\/xedop.com\/wp-content\/uploads\/2025\/08\/LIV-2025-DEVOTE-ADV-2-1100-X-600-05-500x273.jpg 500w, https:\/\/xedop.com\/wp-content\/uploads\/2025\/08\/LIV-2025-DEVOTE-ADV-2-1100-X-600-05-300x164.jpg 300w, https:\/\/xedop.com\/wp-content\/uploads\/2025\/08\/LIV-2025-DEVOTE-ADV-2-1100-X-600-05-768x419.jpg 768w, https:\/\/xedop.com\/wp-content\/uploads\/2025\/08\/LIV-2025-DEVOTE-ADV-2-1100-X-600-05-138x75.jpg 138w, https:\/\/xedop.com\/wp-content\/uploads\/2025\/08\/LIV-2025-DEVOTE-ADV-2-1100-X-600-05-480x262.jpg 480w, https:\/\/xedop.com\/wp-content\/uploads\/2025\/08\/LIV-2025-DEVOTE-ADV-2-1100-X-600-05-800x436.jpg 800w, https:\/\/xedop.com\/wp-content\/uploads\/2025\/08\/LIV-2025-DEVOTE-ADV-2-1100-X-600-05.jpg 1100w\" sizes=\"(max-width:767px) 480px, 500px\" \/><figcaption id=\"caption-attachment-31128\" class=\"wp-caption-text\">Ph\u1ea7n y\u00ean xe \u0111\u01b0\u1ee3c thi\u1ebft k\u1ebf chuy\u00ean bi\u1ec7t cho ph\u00e1i n\u1eef, v\u1edbi h\u00ecnh d\u00e1ng c\u00f4ng th\u00e1i h\u1ecdc gi\u00fap ph\u00e2n b\u1ed5 \u00e1p l\u1ef1c \u0111\u1ed3ng \u0111\u1ec1u, gi\u1ea3m t\u00ea m\u1ecfi khi \u0111i \u0111\u01b0\u1eddng d\u00e0i. \u0110\u1ec7m \u00eam \u00e1i, tr\u1ecdng l\u01b0\u1ee3ng nh\u1eb9 v\u00e0 khe r\u00e3nh tho\u00e1ng kh\u00ed mang l\u1ea1i c\u1ea3m gi\u00e1c tho\u1ea3i m\u00e1i tr\u00ean m\u1ecdi h\u00e0nh tr\u00ecnh.<\/figcaption><\/figure>\n<figure id=\"attachment_31129\" class=\"wp-caption aligncenter\" aria-describedby=\"caption-attachment-31129\"><img loading=\"lazy\" decoding=\"async\" class=\"alignnone size-medium wp-image-10737\" src=\"https:\/\/xedop.com\/wp-content\/uploads\/2025\/08\/LIV-2025-DEVOTE-ADV-2-1100-X-600-06-500x273.jpg\" alt=\"\" width=\"500\" height=\"273\" srcset=\"https:\/\/xedop.com\/wp-content\/uploads\/2025\/08\/LIV-2025-DEVOTE-ADV-2-1100-X-600-06-500x273.jpg 500w, https:\/\/xedop.com\/wp-content\/uploads\/2025\/08\/LIV-2025-DEVOTE-ADV-2-1100-X-600-06-300x164.jpg 300w, https:\/\/xedop.com\/wp-content\/uploads\/2025\/08\/LIV-2025-DEVOTE-ADV-2-1100-X-600-06-768x419.jpg 768w, https:\/\/xedop.com\/wp-content\/uploads\/2025\/08\/LIV-2025-DEVOTE-ADV-2-1100-X-600-06-138x75.jpg 138w, https:\/\/xedop.com\/wp-content\/uploads\/2025\/08\/LIV-2025-DEVOTE-ADV-2-1100-X-600-06-480x262.jpg 480w, https:\/\/xedop.com\/wp-content\/uploads\/2025\/08\/LIV-2025-DEVOTE-ADV-2-1100-X-600-06-800x436.jpg 800w, https:\/\/xedop.com\/wp-content\/uploads\/2025\/08\/LIV-2025-DEVOTE-ADV-2-1100-X-600-06.jpg 1100w\" sizes=\"(max-width:767px) 480px, 500px\" \/><figcaption id=\"caption-attachment-31129\" class=\"wp-caption-text\">B\u1ed9 chuy\u1ec3n \u0111\u1ec1 SHIMANO GRX RX-820 t\u1ed1c \u0111\u1ed9, gi\u00fap b\u1ea1n linh ho\u1ea1t chuy\u1ec3n \u0111\u1ed5i t\u1ed1c \u0111\u1ed9 nh\u1eb9 nh\u00e0ng, m\u01b0\u1ee3t m\u00e0 tr\u00ean \u0111\u01b0\u1eddng.<\/figcaption><\/figure>\n<figure id=\"attachment_31130\" class=\"wp-caption aligncenter\" aria-describedby=\"caption-attachment-31130\"><img loading=\"lazy\" decoding=\"async\" class=\"alignnone size-medium wp-image-10739\" src=\"https:\/\/xedop.com\/wp-content\/uploads\/2025\/08\/LIV-2025-DEVOTE-ADV-2-1100-X-600-07-500x273.jpg\" alt=\"\" width=\"500\" height=\"273\" srcset=\"https:\/\/xedop.com\/wp-content\/uploads\/2025\/08\/LIV-2025-DEVOTE-ADV-2-1100-X-600-07-500x273.jpg 500w, https:\/\/xedop.com\/wp-content\/uploads\/2025\/08\/LIV-2025-DEVOTE-ADV-2-1100-X-600-07-300x164.jpg 300w, https:\/\/xedop.com\/wp-content\/uploads\/2025\/08\/LIV-2025-DEVOTE-ADV-2-1100-X-600-07-768x419.jpg 768w, https:\/\/xedop.com\/wp-content\/uploads\/2025\/08\/LIV-2025-DEVOTE-ADV-2-1100-X-600-07-138x75.jpg 138w, https:\/\/xedop.com\/wp-content\/uploads\/2025\/08\/LIV-2025-DEVOTE-ADV-2-1100-X-600-07-480x262.jpg 480w, https:\/\/xedop.com\/wp-content\/uploads\/2025\/08\/LIV-2025-DEVOTE-ADV-2-1100-X-600-07-800x436.jpg 800w, https:\/\/xedop.com\/wp-content\/uploads\/2025\/08\/LIV-2025-DEVOTE-ADV-2-1100-X-600-07.jpg 1100w\" sizes=\"(max-width:767px) 480px, 500px\" \/><figcaption id=\"caption-attachment-31130\" class=\"wp-caption-text\">Ph\u1ea7n \u0111\u1ea7u xe \u0111\u1ea1p LIV 2025 DEVOTE ADV 2 \u0111\u01b0\u1ee3c thi\u1ebft k\u1ebf t\u1ed1i \u0111a h\u00f3a kh\u1ea3 n\u0103ng kh\u00ed \u0111\u1ed9ng h\u1ecdc k\u1ebft h\u1ee3p v\u1edbi tay phanh SHIMANO GRX RX-610 HRD, \u0111\u1ea3m b\u1ea3o cho thao t\u00e1c nhanh v\u00e0 ch\u00ednh x\u00e1c ngay c\u1ea3 khi \u0111\u1ecba h\u00ecnh g\u1ed3 gh\u1ec1.<\/p>\n<p>B\u1ea2NG K\u00cdCH TH\u01af\u1edaC THAM KH\u1ea2O<br \/>\n<img loading=\"lazy\" decoding=\"async\" class=\"alignnone size-medium wp-image-10743\" src=\"https:\/\/xedop.com\/wp-content\/uploads\/2025\/08\/7-500x62.jpg\" alt=\"\" width=\"500\" height=\"62\" srcset=\"https:\/\/xedop.com\/wp-content\/uploads\/2025\/08\/7-500x62.jpg 500w, https:\/\/xedop.com\/wp-content\/uploads\/2025\/08\/7-300x37.jpg 300w, https:\/\/xedop.com\/wp-content\/uploads\/2025\/08\/7-768x95.jpg 768w, https:\/\/xedop.com\/wp-content\/uploads\/2025\/08\/7-150x19.jpg 150w, https:\/\/xedop.com\/wp-content\/uploads\/2025\/08\/7-480x59.jpg 480w, https:\/\/xedop.com\/wp-content\/uploads\/2025\/08\/7-800x99.jpg 800w, https:\/\/xedop.com\/wp-content\/uploads\/2025\/08\/7.jpg 1100w\" sizes=\"(max-width:767px) 480px, 500px\" \/><\/p>\n<div>\n<h4>KHUNG<\/h4>\n<p>K\u00edch c\u1ee1\/Sizes:XS<\/p>\n<p>M\u00e0u s\u1eafc\/Colors:Xanh l\u00e1<\/p>\n<p>Ch\u1ea5t li\u1ec7u khung\/Frame:Advanced-Grade Composite<\/p>\n<p>Phu\u1ed9c\/Fork:Advanced-Grade Composite, Full-Composite OverDrive one Steerer, flat mount disc 12mm thru-axle<\/p>\n<p>Gi\u1ea3m x\u00f3c\/Shock:&#8212;<\/p>\n<h4>H\u00ca\u0323 TH\u00d4\u0301NG BA\u0301NH XE<\/h4>\n<p>V\u00e0nh xe\/Rims:&#8212;<\/p>\n<p>Moay \u01a1\/Hubs:&#8212;<\/p>\n<p>Nan hoa\/Spokes:&#8212;<\/p>\n<p>L\u1ed1p xe\/Tires:&#8212;<\/p>\n<h4>KHA\u0301C<\/h4>\n<p>Th\u00eam\/Extras:M\u1ed9t s\u1ed1 linh ki\u1ec7n c\u00f3 th\u1ec3 thay th\u1ebf t\u01b0\u01a1ng \u0111\u01b0\u01a1ng<\/p>\n<\/div>\n<div>\n<h4>CA\u0301C B\u00d4\u0323 PH\u00c2\u0323N<\/h4>\n<p>Ghi \u0111\u00f4ng\/Handlebar:&#8212;<\/p>\n<p>P\u00f4 t\u0103ng\/Stem:&#8212;<\/p>\n<p>C\u1ecdc y\u00ean\/Seatpost:&#8212;<\/p>\n<p>Y\u00ean\/Saddle:LIV Approach<\/p>\n<p>Ba\u0300n \u0111a\u0323p\/Pedals:&#8212;<\/p>\n<h4>B\u00d4\u0323 TRUY\u00ca\u0300N \u0110\u00d4\u0323NG<\/h4>\n<p>Tay \u0111\u1ec1\/Shifters:SHIMANO GRX RX-820<\/p>\n<p>B\u1ed9 chuy\u1ec3n \u0111\u1ec1 tr\u01b0\u1edbc\/Front Derailleur:SHIMANO GRX RX-820<\/p>\n<p>B\u1ed9 chuy\u1ec3n \u0111\u1ec1 sau\/Rear Derailleur:SHIMANO GRX RX-820<\/p>\n<p>Phanh\/Brakes:SHIMANO GRX RX-610 HRD<\/p>\n<p>Tay phanh\/Brake Levers:&#8212;<\/p>\n<p>L\u00edp\/Cassette:&#8212;<\/p>\n<p>X\u00edch\/Chain:&#8212;<\/p>\n<p>\u0110\u00f9i \u0111\u0129a\/Crankset:FSA Omega Modular AGX+ 32\/48<\/p>\n<\/div>\n<\/figcaption><\/figure>\n","protected":false},"excerpt":{"rendered":"<p>\u0110\u01b0\u1ee3c \u0111\u1ecbnh h\u00ecnh l\u00e0 m\u1eabu\u00a0xe \u0111\u1ea1p \u0111\u1ecba h\u00ecnh d\u00e0nh ri\u00eang cho ph\u00e1i n\u1eef,\u00a0LIV 2025 DEVOTE ADV 2\u00a0to\u00e1t l\u00ean v\u1ebb nh\u1eb9 nh\u00e0ng, thanh tho\u00e1t v\u00e0 hi\u1ec7n \u0111\u1ea1i.<span class=\"excerpt-hellip\"> [\u2026]<\/span><\/p>\n","protected":false},"featured_media":10408,"comment_status":"closed","ping_status":"closed","template":"","meta":[],"product_cat":[70],"product_tag":[],"class_list":["post-10407","product","type-product","status-publish","has-post-thumbnail","hentry","product_cat-xe-dap-duong-hon-hop"],"_links":{"self":[{"href":"https:\/\/xedop.com\/en\/wp-json\/wp\/v2\/product\/10407","targetHints":{"allow":["GET"]}}],"collection":[{"href":"https:\/\/xedop.com\/en\/wp-json\/wp\/v2\/product"}],"about":[{"href":"https:\/\/xedop.com\/en\/wp-json\/wp\/v2\/types\/product"}],"replies":[{"embeddable":true,"href":"https:\/\/xedop.com\/en\/wp-json\/wp\/v2\/comments?post=10407"}],"version-history":[{"count":10,"href":"https:\/\/xedop.com\/en\/wp-json\/wp\/v2\/product\/10407\/revisions"}],"predecessor-version":[{"id":10745,"href":"https:\/\/xedop.com\/en\/wp-json\/wp\/v2\/product\/10407\/revisions\/10745"}],"wp:featuredmedia":[{"embeddable":true,"href":"https:\/\/xedop.com\/en\/wp-json\/wp\/v2\/media\/10408"}],"wp:attachment":[{"href":"https:\/\/xedop.com\/en\/wp-json\/wp\/v2\/media?parent=10407"}],"wp:term":[{"taxonomy":"product_cat","embeddable":true,"href":"https:\/\/xedop.com\/en\/wp-json\/wp\/v2\/product_cat?post=10407"},{"taxonomy":"product_tag","embeddable":true,"href":"https:\/\/xedop.com\/en\/wp-json\/wp\/v2\/product_tag?post=10407"}],"curies":[{"name":"wp","href":"https:\/\/api.w.org\/{rel}","templated":true}]}}