{"id":10440,"date":"2026-04-21T14:38:00","date_gmt":"2026-04-21T07:38:00","guid":{"rendered":"https:\/\/xedop.com\/?post_type=product&#038;p=10440"},"modified":"2026-04-21T17:56:57","modified_gmt":"2026-04-21T10:56:57","slug":"xe-dap-liv-2026-meme-3","status":"publish","type":"product","link":"https:\/\/xedop.com\/en\/san-pham\/xe-dap-liv-2026-meme-3\/","title":{"rendered":"Xe \u0111\u1ea1p LIV 2026 MEME 3"},"content":{"rendered":"<div>\n<h4>KHUNG<\/h4>\n<p>K\u00edch c\u1ee1\/Sizes:S<\/p>\n<p>M\u00e0u s\u1eafc\/Colors:H\u1ed3ng, Xanh<\/p>\n<p>Ch\u1ea5t li\u1ec7u khung\/Frame:H\u1ee3p kim nh\u00f4m, LIV MEME 26&#8243;<\/p>\n<p>Phu\u1ed9c\/Fork:26&#8243;, Vai h\u1ee3p kim nh\u00f4m, ch\u00e2n Th\u00e9p Carbon<\/p>\n<p>Gi\u1ea3m x\u00f3c\/Shock:&#8212;<\/p>\n<h4>H\u00ca\u0323 TH\u00d4\u0301NG BA\u0301NH XE<\/h4>\n<p>V\u00e0nh xe\/Rims:&#8212;<\/p>\n<p>Moay \u01a1\/Hubs:&#8212;<\/p>\n<p>Nan hoa\/Spokes:&#8212;<\/p>\n<p>L\u1ed1p xe\/Tires:&#8212;<\/p>\n<h4>KHA\u0301C<\/h4>\n<p>Th\u00eam\/Extras:&#8212;<\/p>\n<\/div>\n<div>\n<h4>CA\u0301C B\u00d4\u0323 PH\u00c2\u0323N<\/h4>\n<p>Ghi \u0111\u00f4ng\/Handlebar:H\u1ee3p kim nh\u00f4m, 31.8mm<\/p>\n<p>P\u00f4 t\u0103ng\/Stem:H\u1ee3p kim nh\u00f4m, 31.8mm, c\u00f3 th\u1ec3 ng\u1eeda 10 \u0111\u1ed9<\/p>\n<p>C\u1ecdc y\u00ean\/Seatpost:H\u1ee3p kim nh\u00f4m, 30.9mm<\/p>\n<p>Y\u00ean\/Saddle:Th\u1ec3 thao<\/p>\n<p>Ba\u0300n \u0111a\u0323p\/Pedals:C\u00f3 s\u1eb5n<\/p>\n<h4>B\u00d4\u0323 TRUY\u00ca\u0300N \u0110\u00d4\u0323NG<\/h4>\n<p>Tay \u0111\u1ec1\/Shifters:SHIMANO ALTUS 3x7S<\/p>\n<p>B\u1ed9 chuy\u1ec3n \u0111\u1ec1 tr\u01b0\u1edbc\/Front Derailleur:SHIMANO TOURNEY 3S<\/p>\n<p>B\u1ed9 chuy\u1ec3n \u0111\u1ec1 sau\/Rear Derailleur:SHIMANO 7S<\/p>\n<p>Phanh\/Brakes:\u0110\u0129a d\u1ea7u<\/p>\n<p>Tay phanh\/Brake Levers:&#8212;<\/p>\n<p>L\u00edp\/Cassette:14-28T 7S<\/p>\n<p>X\u00edch\/Chain:KMC 7S<\/p>\n<p>\u0110\u00f9i \u0111\u0129a\/Crankset:Th\u00e9p Carbon, 24\/34\/42T<\/p>\n<\/div>\n","protected":false},"excerpt":{"rendered":"<p>KHUNG K\u00edch c\u1ee1\/Sizes:S M\u00e0u s\u1eafc\/Colors:H\u1ed3ng, Xanh Ch\u1ea5t li\u1ec7u khung\/Frame:H\u1ee3p kim nh\u00f4m, LIV MEME 26&#8243; Phu\u1ed9c\/Fork:26&#8243;, Vai h\u1ee3p kim nh\u00f4m, ch\u00e2n Th\u00e9p Carbon Gi\u1ea3m x\u00f3c\/Shock:&#8212; H\u00ca\u0323 TH\u00d4\u0301NG<span class=\"excerpt-hellip\"> [\u2026]<\/span><\/p>\n","protected":false},"featured_media":10676,"comment_status":"closed","ping_status":"closed","template":"","meta":[],"product_cat":[72],"product_tag":[],"class_list":["post-10440","product","type-product","status-publish","has-post-thumbnail","hentry","product_cat-xe-dap-dia-hinh"],"_links":{"self":[{"href":"https:\/\/xedop.com\/en\/wp-json\/wp\/v2\/product\/10440","targetHints":{"allow":["GET"]}}],"collection":[{"href":"https:\/\/xedop.com\/en\/wp-json\/wp\/v2\/product"}],"about":[{"href":"https:\/\/xedop.com\/en\/wp-json\/wp\/v2\/types\/product"}],"replies":[{"embeddable":true,"href":"https:\/\/xedop.com\/en\/wp-json\/wp\/v2\/comments?post=10440"}],"version-history":[{"count":3,"href":"https:\/\/xedop.com\/en\/wp-json\/wp\/v2\/product\/10440\/revisions"}],"predecessor-version":[{"id":10675,"href":"https:\/\/xedop.com\/en\/wp-json\/wp\/v2\/product\/10440\/revisions\/10675"}],"wp:featuredmedia":[{"embeddable":true,"href":"https:\/\/xedop.com\/en\/wp-json\/wp\/v2\/media\/10676"}],"wp:attachment":[{"href":"https:\/\/xedop.com\/en\/wp-json\/wp\/v2\/media?parent=10440"}],"wp:term":[{"taxonomy":"product_cat","embeddable":true,"href":"https:\/\/xedop.com\/en\/wp-json\/wp\/v2\/product_cat?post=10440"},{"taxonomy":"product_tag","embeddable":true,"href":"https:\/\/xedop.com\/en\/wp-json\/wp\/v2\/product_tag?post=10440"}],"curies":[{"name":"wp","href":"https:\/\/api.w.org\/{rel}","templated":true}]}}