{"id":10789,"date":"2025-09-09T09:13:51","date_gmt":"2025-09-09T02:13:51","guid":{"rendered":"https:\/\/xedop.com\/?post_type=product&#038;p=10789"},"modified":"2025-09-09T09:15:48","modified_gmt":"2025-09-09T02:15:48","slug":"mu-bao-hiem-xe-dap-liv-hn-01","status":"publish","type":"product","link":"https:\/\/xedop.com\/en\/san-pham\/mu-bao-hiem-xe-dap-liv-hn-01\/","title":{"rendered":"M\u0168 B\u1ea2O HI\u1ec2M XE \u0110\u1ea0P LIV HN 01"},"content":{"rendered":"<p>\u2013 M\u0169 xe \u0111\u1ecba h\u00ecnh,\u00a0 c\u00f3 n\u1eafp ch\u1ed1ng n\u1eafng.<br \/>\n\u2013 V\u1ecf \u0111\u01b0\u1ee3c l\u00e0m t\u1eeb EPS m\u1eadt \u0111\u1ed9 cao v\u00e0 PC, th\u00eam \u0111\u1ed9 c\u1ee9ng, b\u1ea3o v\u1ec7 t\u1ed1t ph\u1ea7n \u0111\u1ea7u.<br \/>\n\u2013 S\u1eed d\u1ee5ng nguy\u00ean l\u00fd kh\u00f4ng kh\u00ed \u0111\u1ed9ng l\u1ef1c h\u1ecdc, thi\u1ebft k\u1ebf 11 l\u1ed7 th\u00f4ng kh\u00ed, t\u1ea3n nhi\u1ec7t t\u1ed1t, gi\u1ea3m l\u1ef1c c\u1ea3n c\u1ee7a gi\u00f3.<br \/>\n\u2013 C\u00f3 th\u1ec3 th\u00e1o \u0111\u1ec7m b\u00ean trong \u0111\u1ec3 gi\u1eb7t<br \/>\n\u2013 C\u00f3 \u0111i\u1ec1u ch\u1ec9nh v\u00f2ng \u0111\u1ea7u \u1edf ph\u00eda sau, n\u00fat xo\u00e1y d\u1ec5 s\u1eed d\u1ee5ng\uff1b<br \/>\n\u2013 Size\uff1aM\/L\uff0854-58CM, L\/XL\uff0858-62cm)<br \/>\n\u2013 Tr\u1ecdng l\u01b0\u1ee3ng\uff1aM\/L: 275g\u00b130g\uff0c L\/XL: 290g\u00b130g\uff0cXL\/2XL: 300g\u00b130g<\/p>\n<p>\u2013 M\u00e0u: h\u1ed3ng tr\u1eafng<\/p>\n<p>\u2013 SKU: 805200717-18<\/p>\n","protected":false},"excerpt":{"rendered":"<p>\u2013 M\u0169 xe \u0111\u1ecba h\u00ecnh,\u00a0 c\u00f3 n\u1eafp ch\u1ed1ng n\u1eafng. \u2013 V\u1ecf \u0111\u01b0\u1ee3c l\u00e0m t\u1eeb EPS m\u1eadt \u0111\u1ed9 cao v\u00e0 PC, th\u00eam \u0111\u1ed9 c\u1ee9ng, b\u1ea3o v\u1ec7 t\u1ed1t<span class=\"excerpt-hellip\"> [\u2026]<\/span><\/p>\n","protected":false},"featured_media":10790,"comment_status":"closed","ping_status":"closed","template":"","meta":[],"product_cat":[73],"product_tag":[],"class_list":["post-10789","product","type-product","status-publish","has-post-thumbnail","hentry","product_cat-mu-bao-hiem"],"_links":{"self":[{"href":"https:\/\/xedop.com\/en\/wp-json\/wp\/v2\/product\/10789","targetHints":{"allow":["GET"]}}],"collection":[{"href":"https:\/\/xedop.com\/en\/wp-json\/wp\/v2\/product"}],"about":[{"href":"https:\/\/xedop.com\/en\/wp-json\/wp\/v2\/types\/product"}],"replies":[{"embeddable":true,"href":"https:\/\/xedop.com\/en\/wp-json\/wp\/v2\/comments?post=10789"}],"version-history":[{"count":3,"href":"https:\/\/xedop.com\/en\/wp-json\/wp\/v2\/product\/10789\/revisions"}],"predecessor-version":[{"id":10794,"href":"https:\/\/xedop.com\/en\/wp-json\/wp\/v2\/product\/10789\/revisions\/10794"}],"wp:featuredmedia":[{"embeddable":true,"href":"https:\/\/xedop.com\/en\/wp-json\/wp\/v2\/media\/10790"}],"wp:attachment":[{"href":"https:\/\/xedop.com\/en\/wp-json\/wp\/v2\/media?parent=10789"}],"wp:term":[{"taxonomy":"product_cat","embeddable":true,"href":"https:\/\/xedop.com\/en\/wp-json\/wp\/v2\/product_cat?post=10789"},{"taxonomy":"product_tag","embeddable":true,"href":"https:\/\/xedop.com\/en\/wp-json\/wp\/v2\/product_tag?post=10789"}],"curies":[{"name":"wp","href":"https:\/\/api.w.org\/{rel}","templated":true}]}}