{"id":10852,"date":"2025-09-11T08:35:38","date_gmt":"2025-09-11T01:35:38","guid":{"rendered":"https:\/\/xedop.com\/?post_type=product&#038;p=10852"},"modified":"2025-09-11T08:35:38","modified_gmt":"2025-09-11T01:35:38","slug":"dau-tra-xich-zefal-extra-wet-120ml","status":"publish","type":"product","link":"https:\/\/xedop.com\/en\/san-pham\/dau-tra-xich-zefal-extra-wet-120ml\/","title":{"rendered":"D\u1ea7u tra x\u00edch Z\u00e9fal Extra Wet 120ml"},"content":{"rendered":"<h3><span dir=\"auto\">T\u1ea5t c\u1ea3 c\u00e1c \u0111i\u1ec1u ki\u1ec7n<\/span><\/h3>\n<p><span dir=\"auto\">C\u00f3 hi\u1ec7u qu\u1ea3 b\u1ea5t k\u1ec3 \u0111i\u1ec1u ki\u1ec7n nh\u01b0 th\u1ebf n\u00e0o.<\/span><\/p>\n<h3><span dir=\"auto\">\u0110\u1ed9 b\u1ec1n v\u01b0\u1ee3t tr\u1ed9i<\/span><\/h3>\n<p><span dir=\"auto\">C\u00f3 hi\u1ec7u qu\u1ea3 \u1edf kho\u1ea3ng c\u00e1ch r\u1ea5t xa.<\/span><\/p>\n<h3><span dir=\"auto\">Gi\u1ea3m ma s\u00e1t<\/span><\/h3>\n<p><span dir=\"auto\">\u0110\u1ea1p xe \u00eam \u00e1i h\u01a1n v\u00e0 h\u1ec7 th\u1ed1ng truy\u1ec1n \u0111\u1ed9ng y\u00ean t\u0129nh h\u01a1n.<\/span><\/p>\n<h3><span dir=\"auto\">Kh\u1ea3 n\u0103ng ch\u1ed1ng n\u01b0\u1edbc cao<\/span><\/h3>\n<p><span dir=\"auto\">T\u00ednh ch\u1ea5t ch\u1ed1ng \u0103n m\u00f2n, k\u00e9o d\u00e0i tu\u1ed5i th\u1ecd c\u1ee7a c\u00e1c b\u1ed9 ph\u1eadn.<\/span><\/p>\n<h3><span dir=\"auto\">N\u1eafp an to\u00e0n \u0111i\u1ec1u ch\u1ec9nh nh\u1ecf gi\u1ecdt<\/span><\/h3>\n<p><span dir=\"auto\">\u1ee8ng d\u1ee5ng d\u1ec5 d\u00e0ng.<\/span><\/p>\n","protected":false},"excerpt":{"rendered":"<p>D\u1ef1a tr\u00ean c\u00f4ng ngh\u1ec7 \u0111\u01b0\u1ee3c c\u1ea5p b\u1eb1ng s\u00e1ng ch\u1ebf, Extra Wet Lube c\u00f3 \u0111\u1ed9 b\u1ec1n v\u01b0\u1ee3t tr\u1ed9i b\u1ea5t k\u1ec3 \u0111i\u1ec1u ki\u1ec7n th\u1eddi ti\u1ebft. Nh\u1edd l\u1edbp h\u1ea1t nano g\u1ed1m \u0111\u01b0\u1ee3c gia c\u1ed1 b\u1eb1ng g\u1ed1m, Extra Wet Lube gi\u1ea3m \u0111\u00e1ng k\u1ec3 ma s\u00e1t, gi\u00fap t\u0103ng c\u01b0\u1eddng kh\u1ea3 n\u0103ng b\u1ea3o v\u1ec7 x\u00edch. C\u00f4ng th\u1ee9c g\u1ed1c Teflon \u0111\u01b0\u1ee3c gia c\u1ed1 b\u1eb1ng g\u1ed1m n\u00e0y mang l\u1ea1i hi\u1ec7u su\u1ea5t t\u1ed1t h\u01a1n 15% so v\u1edbi c\u00e1c lo\u1ea1i d\u1ea7u nh\u1edbt ch\u1ec9 \u0111\u01b0\u1ee3c l\u00e0m t\u1eeb Teflon. S\u1ea3n ph\u1ea9m b\u00f4i tr\u01a1n hi\u1ec7u qu\u1ea3 cao n\u00e0y ho\u00e0n to\u00e0n ph\u00f9 h\u1ee3p cho ng\u01b0\u1eddi \u0111i xe \u0111\u1ea1p tr\u00ean nhi\u1ec1u \u0111\u1ecba h\u00ecnh kh\u00e1c nhau (\u0111\u01b0\u1eddng m\u00f2n d\u00e0nh cho xe \u0111\u1ea1p leo n\u00fai, \u0111\u01b0\u1eddng s\u1ecfi, v.v.) \u0111ang t\u00ecm ki\u1ebfm hi\u1ec7u su\u1ea5t \u0111\u01b0\u1eddng d\u00e0i khi \u0111\u1ea1p xe trong \u0111i\u1ec1u ki\u1ec7n th\u1eddi ti\u1ebft thay \u0111\u1ed5i ho\u1eb7c th\u1eadm ch\u00ed kh\u1eafc nghi\u1ec7t.<\/p>\n","protected":false},"featured_media":10861,"comment_status":"closed","ping_status":"closed","template":"","meta":[],"product_cat":[82],"product_tag":[],"class_list":["post-10852","product","type-product","status-publish","has-post-thumbnail","hentry","product_cat-boi-tron"],"_links":{"self":[{"href":"https:\/\/xedop.com\/en\/wp-json\/wp\/v2\/product\/10852","targetHints":{"allow":["GET"]}}],"collection":[{"href":"https:\/\/xedop.com\/en\/wp-json\/wp\/v2\/product"}],"about":[{"href":"https:\/\/xedop.com\/en\/wp-json\/wp\/v2\/types\/product"}],"replies":[{"embeddable":true,"href":"https:\/\/xedop.com\/en\/wp-json\/wp\/v2\/comments?post=10852"}],"version-history":[{"count":1,"href":"https:\/\/xedop.com\/en\/wp-json\/wp\/v2\/product\/10852\/revisions"}],"predecessor-version":[{"id":10863,"href":"https:\/\/xedop.com\/en\/wp-json\/wp\/v2\/product\/10852\/revisions\/10863"}],"wp:featuredmedia":[{"embeddable":true,"href":"https:\/\/xedop.com\/en\/wp-json\/wp\/v2\/media\/10861"}],"wp:attachment":[{"href":"https:\/\/xedop.com\/en\/wp-json\/wp\/v2\/media?parent=10852"}],"wp:term":[{"taxonomy":"product_cat","embeddable":true,"href":"https:\/\/xedop.com\/en\/wp-json\/wp\/v2\/product_cat?post=10852"},{"taxonomy":"product_tag","embeddable":true,"href":"https:\/\/xedop.com\/en\/wp-json\/wp\/v2\/product_tag?post=10852"}],"curies":[{"name":"wp","href":"https:\/\/api.w.org\/{rel}","templated":true}]}}