{"id":10953,"date":"2025-09-12T09:23:05","date_gmt":"2025-09-12T02:23:05","guid":{"rendered":"https:\/\/xedop.com\/?post_type=product&#038;p=10953"},"modified":"2025-09-12T09:23:05","modified_gmt":"2025-09-12T02:23:05","slug":"dung-cu-giu-nan-det-super-b-tb-5501","status":"publish","type":"product","link":"https:\/\/xedop.com\/en\/san-pham\/dung-cu-giu-nan-det-super-b-tb-5501\/","title":{"rendered":"D\u1ee5ng c\u1ee5 gi\u1eef nan d\u1eb9t Super B TB-5501"},"content":{"rendered":"<ul class=\"single-product__feature\">\n<li><span dir=\"auto\">L\u00f5i th\u00e9p \u0111\u01b0\u1ee3c b\u1ecdc nylon gi\u00fap ng\u0103n ng\u1eeba h\u01b0 h\u1ecfng nan hoa.<\/span><\/li>\n<li><span dir=\"auto\">Thi\u1ebft k\u1ebf d\u1ea1ng nh\u1eabn gi\u00fap thao t\u00e1c d\u1ec5 d\u00e0ng v\u00e0 \u1ed5n \u0111\u1ecbnh h\u01a1n khi \u0111eo v\u00e0o ng\u00f3n tay.<\/span><\/li>\n<li><span dir=\"auto\">D\u00e0nh cho 0,9 \/ 1,1 \/ 1,3 \/ 1,9 mm.<\/span><\/li>\n<\/ul>\n","protected":false},"excerpt":{"rendered":"<p>L\u00f5i th\u00e9p \u0111\u01b0\u1ee3c b\u1ecdc nylon gi\u00fap ng\u0103n ng\u1eeba h\u01b0 h\u1ecfng nan hoa. Thi\u1ebft k\u1ebf d\u1ea1ng nh\u1eabn gi\u00fap thao t\u00e1c d\u1ec5 d\u00e0ng v\u00e0 \u1ed5n \u0111\u1ecbnh h\u01a1n khi<span class=\"excerpt-hellip\"> [\u2026]<\/span><\/p>\n","protected":false},"featured_media":10954,"comment_status":"closed","ping_status":"closed","template":"","meta":[],"product_cat":[84],"product_tag":[],"class_list":["post-10953","product","type-product","status-publish","has-post-thumbnail","hentry","product_cat-dung-cu-sua-chua"],"_links":{"self":[{"href":"https:\/\/xedop.com\/en\/wp-json\/wp\/v2\/product\/10953","targetHints":{"allow":["GET"]}}],"collection":[{"href":"https:\/\/xedop.com\/en\/wp-json\/wp\/v2\/product"}],"about":[{"href":"https:\/\/xedop.com\/en\/wp-json\/wp\/v2\/types\/product"}],"replies":[{"embeddable":true,"href":"https:\/\/xedop.com\/en\/wp-json\/wp\/v2\/comments?post=10953"}],"version-history":[{"count":2,"href":"https:\/\/xedop.com\/en\/wp-json\/wp\/v2\/product\/10953\/revisions"}],"predecessor-version":[{"id":10961,"href":"https:\/\/xedop.com\/en\/wp-json\/wp\/v2\/product\/10953\/revisions\/10961"}],"wp:featuredmedia":[{"embeddable":true,"href":"https:\/\/xedop.com\/en\/wp-json\/wp\/v2\/media\/10954"}],"wp:attachment":[{"href":"https:\/\/xedop.com\/en\/wp-json\/wp\/v2\/media?parent=10953"}],"wp:term":[{"taxonomy":"product_cat","embeddable":true,"href":"https:\/\/xedop.com\/en\/wp-json\/wp\/v2\/product_cat?post=10953"},{"taxonomy":"product_tag","embeddable":true,"href":"https:\/\/xedop.com\/en\/wp-json\/wp\/v2\/product_tag?post=10953"}],"curies":[{"name":"wp","href":"https:\/\/api.w.org\/{rel}","templated":true}]}}