{"id":10973,"date":"2025-09-12T09:56:55","date_gmt":"2025-09-12T02:56:55","guid":{"rendered":"https:\/\/xedop.com\/?post_type=product&#038;p=10973"},"modified":"2025-09-12T09:56:55","modified_gmt":"2025-09-12T02:56:55","slug":"co-le-ban-dap-va-tay-quay-bike-hand-yc-161","status":"publish","type":"product","link":"https:\/\/xedop.com\/en\/san-pham\/co-le-ban-dap-va-tay-quay-bike-hand-yc-161\/","title":{"rendered":"C\u1edd l\u00ea b\u00e0n \u200b\u200b\u0111\u1ea1p v\u00e0 tay quay Bike hand YC-161"},"content":{"rendered":"<p>Kh\u00f4ng c\u00f2n ph\u1ea3i d\u00f9ng nh\u1ea7m c\u1edd l\u00ea bu l\u00f4ng tr\u1ee5c khu\u1ef7u n\u1eefa&#8230;..14mm v\u00e0 15mm tr\u00ean m\u1ed9t d\u1ee5ng c\u1ee5 v\u1edbi c\u1edd l\u00ea b\u00e0n \u200b\u200b\u0111\u1ea1p \u1edf \u0111\u1ea7u kia.<\/p>\n<p>S\u1ef1 k\u1ebft h\u1ee3p h\u1eefu \u00edch gi\u1eefa \u0111\u1ea7u tu\u00fdp 14mm v\u00e0 15mm cho bu l\u00f4ng tr\u1ee5c khu\u1ef7u \u1edf m\u1ed9t \u0111\u1ea7u v\u00e0 \u0111\u1ea7u c\u00f2n l\u1ea1i l\u00e0 c\u1edd l\u00ea b\u00e0n \u200b\u200b\u0111\u1ea1p 15mm. S\u1ea3n ph\u1ea9m c\u0169ng ph\u00f9 h\u1ee3p v\u1edbi c\u1ea3 \u0111ai \u1ed1c x\u00edch sau v\u00e0 x\u00edch tr\u01b0\u1edbc n\u1ebfu b\u1ea1n s\u1eed d\u1ee5ng \u0111ai \u1ed1c x\u00edch tr\u01b0\u1edbc Miche 15mm.<\/p>\n","protected":false},"excerpt":{"rendered":"<p>Kh\u00f4ng c\u00f2n ph\u1ea3i d\u00f9ng nh\u1ea7m c\u1edd l\u00ea bu l\u00f4ng tr\u1ee5c khu\u1ef7u n\u1eefa&#8230;..14mm v\u00e0 15mm tr\u00ean m\u1ed9t d\u1ee5ng c\u1ee5 v\u1edbi c\u1edd l\u00ea b\u00e0n \u200b\u200b\u0111\u1ea1p \u1edf \u0111\u1ea7u kia.<span class=\"excerpt-hellip\"> [\u2026]<\/span><\/p>\n","protected":false},"featured_media":10976,"comment_status":"closed","ping_status":"closed","template":"","meta":[],"product_cat":[84],"product_tag":[],"class_list":["post-10973","product","type-product","status-publish","has-post-thumbnail","hentry","product_cat-dung-cu-sua-chua"],"_links":{"self":[{"href":"https:\/\/xedop.com\/en\/wp-json\/wp\/v2\/product\/10973","targetHints":{"allow":["GET"]}}],"collection":[{"href":"https:\/\/xedop.com\/en\/wp-json\/wp\/v2\/product"}],"about":[{"href":"https:\/\/xedop.com\/en\/wp-json\/wp\/v2\/types\/product"}],"replies":[{"embeddable":true,"href":"https:\/\/xedop.com\/en\/wp-json\/wp\/v2\/comments?post=10973"}],"version-history":[{"count":2,"href":"https:\/\/xedop.com\/en\/wp-json\/wp\/v2\/product\/10973\/revisions"}],"predecessor-version":[{"id":10983,"href":"https:\/\/xedop.com\/en\/wp-json\/wp\/v2\/product\/10973\/revisions\/10983"}],"wp:featuredmedia":[{"embeddable":true,"href":"https:\/\/xedop.com\/en\/wp-json\/wp\/v2\/media\/10976"}],"wp:attachment":[{"href":"https:\/\/xedop.com\/en\/wp-json\/wp\/v2\/media?parent=10973"}],"wp:term":[{"taxonomy":"product_cat","embeddable":true,"href":"https:\/\/xedop.com\/en\/wp-json\/wp\/v2\/product_cat?post=10973"},{"taxonomy":"product_tag","embeddable":true,"href":"https:\/\/xedop.com\/en\/wp-json\/wp\/v2\/product_tag?post=10973"}],"curies":[{"name":"wp","href":"https:\/\/api.w.org\/{rel}","templated":true}]}}