{"id":10998,"date":"2025-09-13T16:12:30","date_gmt":"2025-09-13T09:12:30","guid":{"rendered":"https:\/\/xedop.com\/?post_type=product&#038;p=10998"},"modified":"2025-09-13T16:12:30","modified_gmt":"2025-09-13T09:12:30","slug":"dui-dia-shimano-deore-fc-m6100-170mm-32t-khong-kem-bb","status":"publish","type":"product","link":"https:\/\/xedop.com\/en\/san-pham\/dui-dia-shimano-deore-fc-m6100-170mm-32t-khong-kem-bb\/","title":{"rendered":"\u0110\u00f9i \u0111\u0129a Shimano Deore FC-M6100\/ 170mm\/32t (kh\u00f4ng k\u00e8m BB)"},"content":{"rendered":"<p>\u0110\u00f9i \u0111\u0129a xe \u0111\u1ea1p Deore M6100 ch\u00ednh h\u00e3ng Full box\u00a0l\u00e0 m\u1ed9t s\u1ea3n ph\u1ea9m ch\u1ea5t l\u01b0\u1ee3ng c\u1ee7a th\u01b0\u01a1ng hi\u1ec7u Shimano, thi\u1ebft k\u1ebf \u0111\u1eb7c bi\u1ec7t cho nh\u1eefng ng\u01b0\u1eddi \u0111am m\u00ea xe \u0111\u1ea1p \u0111\u1ecba h\u00ecnh. D\u01b0\u1edbi \u0111\u00e2y l\u00e0 nh\u1eefng \u0111i\u1ec3m n\u1ed5i b\u1eadt c\u1ee7a s\u1ea3n ph\u1ea9m n\u00e0y:<\/p>\n<ol>\n<li>Ch\u1ea5t li\u1ec7u: \u0110\u00f9i \u0111\u0129a Deore M6100 \u0111\u01b0\u1ee3c l\u00e0m t\u1eeb h\u1ee3p kim nh\u00f4m cao c\u1ea5p, gi\u00fap gi\u1ea3m tr\u1ecdng l\u01b0\u1ee3ng m\u00e0 v\u1eabn \u0111\u1ea3m b\u1ea3o \u0111\u1ed9 b\u1ec1n v\u00e0 kh\u1ea3 n\u0103ng ch\u1ecbu \u00e1p l\u1ef1c cao, th\u00edch h\u1ee3p cho c\u00e1c chuy\u1ebfn \u0111i \u0111\u1ecba h\u00ecnh kh\u1eafc nghi\u1ec7t.<\/li>\n<li>Thi\u1ebft k\u1ebf 12 t\u1ed1c \u0111\u1ed9: \u0110\u01b0\u1ee3c t\u1ed1i \u01b0u h\u00f3a cho h\u1ec7 th\u1ed1ng truy\u1ec1n \u0111\u1ed9ng 12 t\u1ed1c \u0111\u1ed9, \u0111\u00f9i \u0111\u0129a n\u00e0y mang l\u1ea1i kh\u1ea3 n\u0103ng chuy\u1ec3n s\u1ed1 m\u01b0\u1ee3t m\u00e0 v\u00e0 ch\u00ednh x\u00e1c h\u01a1n, gi\u00fap ng\u01b0\u1eddi s\u1eed d\u1ee5ng d\u1ec5 d\u00e0ng t\u00ecm \u0111\u01b0\u1ee3c t\u1ec9 s\u1ed1 truy\u1ec1n \u0111\u1ed9ng ph\u00f9 h\u1ee3p trong c\u00e1c \u0111i\u1ec1u ki\u1ec7n kh\u00e1c nhau.<\/li>\n<li>T\u0103ng c\u01b0\u1eddng hi\u1ec7u su\u1ea5t: V\u1edbi thi\u1ebft k\u1ebf r\u0103ng c\u01b0a s\u1eafc n\u00e9t v\u00e0 b\u1ed1 tr\u00ed h\u1ee3p l\u00fd, \u0111\u00f9i \u0111\u0129a n\u00e0y cung c\u1ea5p kh\u1ea3 n\u0103ng b\u00e1m x\u00edch t\u1ed1t h\u01a1n, gi\u1ea3m thi\u1ec3u t\u00ecnh tr\u1ea1ng b\u1ecb r\u01a1i x\u00edch trong qu\u00e1 tr\u00ecnh di chuy\u1ec3n, \u0111\u1ed3ng th\u1eddi t\u0103ng c\u01b0\u1eddng hi\u1ec7u su\u1ea5t \u0111\u1ea1p.<\/li>\n<li>Th\u1ea9m m\u1ef9: S\u1ea3n ph\u1ea9m c\u00f3 thi\u1ebft k\u1ebf hi\u1ec7n \u0111\u1ea1i v\u00e0 tinh t\u1ebf, t\u1ea1o \u0111i\u1ec3m nh\u1ea5n cho xe \u0111\u1ea1p c\u1ee7a b\u1ea1n. M\u00e0u s\u1eafc v\u00e0 ki\u1ec3u d\u00e1ng \u0111\u1ec1u r\u1ea5t b\u1eaft m\u1eaft, ph\u00f9 h\u1ee3p v\u1edbi nhi\u1ec1u phong c\u00e1ch xe \u0111\u1ea1p kh\u00e1c nhau.<\/li>\n<\/ol>\n","protected":false},"excerpt":{"rendered":"<p>\u0110\u00f9i \u0111\u0129a xe \u0111\u1ea1p Deore M6100 ch\u00ednh h\u00e3ng Full box\u00a0l\u00e0 m\u1ed9t s\u1ea3n ph\u1ea9m ch\u1ea5t l\u01b0\u1ee3ng c\u1ee7a th\u01b0\u01a1ng hi\u1ec7u Shimano, thi\u1ebft k\u1ebf \u0111\u1eb7c bi\u1ec7t cho nh\u1eefng ng\u01b0\u1eddi<span class=\"excerpt-hellip\"> [\u2026]<\/span><\/p>\n","protected":false},"featured_media":10999,"comment_status":"closed","ping_status":"closed","template":"","meta":[],"product_cat":[94],"product_tag":[],"class_list":["post-10998","product","type-product","status-publish","has-post-thumbnail","hentry","product_cat-he-thong-truyen-dong-tay-de-dui-dia-gat-de"],"_links":{"self":[{"href":"https:\/\/xedop.com\/en\/wp-json\/wp\/v2\/product\/10998","targetHints":{"allow":["GET"]}}],"collection":[{"href":"https:\/\/xedop.com\/en\/wp-json\/wp\/v2\/product"}],"about":[{"href":"https:\/\/xedop.com\/en\/wp-json\/wp\/v2\/types\/product"}],"replies":[{"embeddable":true,"href":"https:\/\/xedop.com\/en\/wp-json\/wp\/v2\/comments?post=10998"}],"version-history":[{"count":1,"href":"https:\/\/xedop.com\/en\/wp-json\/wp\/v2\/product\/10998\/revisions"}],"predecessor-version":[{"id":11001,"href":"https:\/\/xedop.com\/en\/wp-json\/wp\/v2\/product\/10998\/revisions\/11001"}],"wp:featuredmedia":[{"embeddable":true,"href":"https:\/\/xedop.com\/en\/wp-json\/wp\/v2\/media\/10999"}],"wp:attachment":[{"href":"https:\/\/xedop.com\/en\/wp-json\/wp\/v2\/media?parent=10998"}],"wp:term":[{"taxonomy":"product_cat","embeddable":true,"href":"https:\/\/xedop.com\/en\/wp-json\/wp\/v2\/product_cat?post=10998"},{"taxonomy":"product_tag","embeddable":true,"href":"https:\/\/xedop.com\/en\/wp-json\/wp\/v2\/product_tag?post=10998"}],"curies":[{"name":"wp","href":"https:\/\/api.w.org\/{rel}","templated":true}]}}