{"id":11002,"date":"2025-09-13T16:24:56","date_gmt":"2025-09-13T09:24:56","guid":{"rendered":"https:\/\/xedop.com\/?post_type=product&#038;p=11002"},"modified":"2025-09-13T16:24:56","modified_gmt":"2025-09-13T09:24:56","slug":"dui-dia-shimano-fc-ty301-24-34-42t-170mm","status":"publish","type":"product","link":"https:\/\/xedop.com\/en\/san-pham\/dui-dia-shimano-fc-ty301-24-34-42t-170mm\/","title":{"rendered":"\u0110\u00f9i \u0111\u0129a Shimano FC-TY301 24-34-42T 170mm"},"content":{"rendered":"<p>\u0110\u00f9i D\u0129a Xe \u0110\u1ea1p 3 T\u1ea7ng SHIMANO 24-34-42T 170mm FC-TY301<br \/>\n&#8211; Th\u01b0\u01a1ng hi\u1ec7u: Shimano<br \/>\n&#8211; M\u00e3 h\u00e0ng: FC-TY301 (24-34-42T) 170L (170mm)<br \/>\n&#8211; Ch\u1ea5t li\u1ec7u: Gi\u00f2 h\u1ee3p kim nh\u00f4m 6061, r\u0103ng d\u0129a th\u00e9p<br \/>\n&#8211; Tr\u1ee5c d\u00e0i: 170mm<br \/>\n&#8211; Tr\u1ecdng l\u01b0\u1ee3ng: 995g<br \/>\n&#8211; M\u00e0u s\u1eafc: \u0110en<br \/>\n&#8211; T\u01b0\u01a1ng th\u00edch v\u1edbi c\u00e1c d\u00f2ng xe MTB v\u00e0 Touring s\u1eed d\u1ee5ng tr\u1ee5c gi\u1eefa c\u1ed1t vu\u00f4ng<br \/>\n&#8211; V\u1edbi 3 t\u1ea7ng \u0111\u0129a 24-34-42T th\u00edch h\u1ee3p v\u1edbi c\u00e1c d\u00f2ng xe 6-7-8 l\u00edp<\/p>\n","protected":false},"excerpt":{"rendered":"<p>\u0110\u00f9i D\u0129a Xe \u0110\u1ea1p 3 T\u1ea7ng SHIMANO 24-34-42T 170mm FC-TY301 &#8211; Th\u01b0\u01a1ng hi\u1ec7u: Shimano &#8211; M\u00e3 h\u00e0ng: FC-TY301 (24-34-42T) 170L (170mm) &#8211; Ch\u1ea5t li\u1ec7u: Gi\u00f2 h\u1ee3p<span class=\"excerpt-hellip\"> [\u2026]<\/span><\/p>\n","protected":false},"featured_media":11005,"comment_status":"closed","ping_status":"closed","template":"","meta":[],"product_cat":[94],"product_tag":[],"class_list":["post-11002","product","type-product","status-publish","has-post-thumbnail","hentry","product_cat-he-thong-truyen-dong-tay-de-dui-dia-gat-de"],"_links":{"self":[{"href":"https:\/\/xedop.com\/en\/wp-json\/wp\/v2\/product\/11002","targetHints":{"allow":["GET"]}}],"collection":[{"href":"https:\/\/xedop.com\/en\/wp-json\/wp\/v2\/product"}],"about":[{"href":"https:\/\/xedop.com\/en\/wp-json\/wp\/v2\/types\/product"}],"replies":[{"embeddable":true,"href":"https:\/\/xedop.com\/en\/wp-json\/wp\/v2\/comments?post=11002"}],"version-history":[{"count":1,"href":"https:\/\/xedop.com\/en\/wp-json\/wp\/v2\/product\/11002\/revisions"}],"predecessor-version":[{"id":11009,"href":"https:\/\/xedop.com\/en\/wp-json\/wp\/v2\/product\/11002\/revisions\/11009"}],"wp:featuredmedia":[{"embeddable":true,"href":"https:\/\/xedop.com\/en\/wp-json\/wp\/v2\/media\/11005"}],"wp:attachment":[{"href":"https:\/\/xedop.com\/en\/wp-json\/wp\/v2\/media?parent=11002"}],"wp:term":[{"taxonomy":"product_cat","embeddable":true,"href":"https:\/\/xedop.com\/en\/wp-json\/wp\/v2\/product_cat?post=11002"},{"taxonomy":"product_tag","embeddable":true,"href":"https:\/\/xedop.com\/en\/wp-json\/wp\/v2\/product_tag?post=11002"}],"curies":[{"name":"wp","href":"https:\/\/api.w.org\/{rel}","templated":true}]}}