{"id":11010,"date":"2025-09-14T09:27:58","date_gmt":"2025-09-14T02:27:58","guid":{"rendered":"https:\/\/xedop.com\/?post_type=product&#038;p=11010"},"modified":"2025-09-14T09:27:58","modified_gmt":"2025-09-14T02:27:58","slug":"xich-shimano-cn-lg500-128-mat-danh-cho-9-10-11-toc-doco-khoa-thao-nhanh","status":"publish","type":"product","link":"https:\/\/xedop.com\/en\/san-pham\/xich-shimano-cn-lg500-128-mat-danh-cho-9-10-11-toc-doco-khoa-thao-nhanh\/","title":{"rendered":"X\u00edch Shimano CN-LG500 128 m\u1eaft d\u00e0nh Cho 9\/10\/11 T\u1ed1c \u0110\u1ed9,c\u00f3 kho\u00e1 th\u00e1o nhanh"},"content":{"rendered":"<p>X\u00edch xe \u0111\u1ea1p th\u1ec3 thao<\/p>\n<p>Th\u01b0\u01a1ng hi\u1ec7u Shimano<\/p>\n<p>&#8211; S\u1eed d\u1ee5ng \u0111\u01b0\u1ee3c cho c\u00e1c d\u00f2ng group c\u00f4ng ngh\u1ec7 LinkGilde nh\u01b0 Cues 9 \/ 10 \/ 11 speed nh\u01b0 U4000 \/ U6000<br \/>\n&#8211; S\u1eed d\u1ee5ng \u0111\u01b0\u1ee3c cho c\u00e1c d\u00f2ng group c\u00f4ng ngh\u1ec7 HyperGlide 11 speed nh\u01b0 M5100 \/ M600 \/ M7000 \/ M8000<br \/>\n&#8211; C\u00f3 masterlink k\u00e8m theo<\/p>\n","protected":false},"excerpt":{"rendered":"<p>X\u00edch xe \u0111\u1ea1p th\u1ec3 thao Th\u01b0\u01a1ng hi\u1ec7u Shimano &#8211; S\u1eed d\u1ee5ng \u0111\u01b0\u1ee3c cho c\u00e1c d\u00f2ng group c\u00f4ng ngh\u1ec7 LinkGilde nh\u01b0 Cues 9 \/ 10 \/ 11<span class=\"excerpt-hellip\"> [\u2026]<\/span><\/p>\n","protected":false},"featured_media":11013,"comment_status":"closed","ping_status":"closed","template":"","meta":[],"product_cat":[113],"product_tag":[],"class_list":["post-11010","product","type-product","status-publish","has-post-thumbnail","hentry","product_cat-xich"],"_links":{"self":[{"href":"https:\/\/xedop.com\/en\/wp-json\/wp\/v2\/product\/11010","targetHints":{"allow":["GET"]}}],"collection":[{"href":"https:\/\/xedop.com\/en\/wp-json\/wp\/v2\/product"}],"about":[{"href":"https:\/\/xedop.com\/en\/wp-json\/wp\/v2\/types\/product"}],"replies":[{"embeddable":true,"href":"https:\/\/xedop.com\/en\/wp-json\/wp\/v2\/comments?post=11010"}],"version-history":[{"count":1,"href":"https:\/\/xedop.com\/en\/wp-json\/wp\/v2\/product\/11010\/revisions"}],"predecessor-version":[{"id":11015,"href":"https:\/\/xedop.com\/en\/wp-json\/wp\/v2\/product\/11010\/revisions\/11015"}],"wp:featuredmedia":[{"embeddable":true,"href":"https:\/\/xedop.com\/en\/wp-json\/wp\/v2\/media\/11013"}],"wp:attachment":[{"href":"https:\/\/xedop.com\/en\/wp-json\/wp\/v2\/media?parent=11010"}],"wp:term":[{"taxonomy":"product_cat","embeddable":true,"href":"https:\/\/xedop.com\/en\/wp-json\/wp\/v2\/product_cat?post=11010"},{"taxonomy":"product_tag","embeddable":true,"href":"https:\/\/xedop.com\/en\/wp-json\/wp\/v2\/product_tag?post=11010"}],"curies":[{"name":"wp","href":"https:\/\/api.w.org\/{rel}","templated":true}]}}