{"id":11095,"date":"2025-09-15T10:58:10","date_gmt":"2025-09-15T03:58:10","guid":{"rendered":"https:\/\/xedop.com\/?post_type=product&#038;p=11095"},"modified":"2025-09-15T10:58:11","modified_gmt":"2025-09-15T03:58:11","slug":"xich-xe-dap-ybn-8s","status":"publish","type":"product","link":"https:\/\/xedop.com\/en\/san-pham\/xich-xe-dap-ybn-8s\/","title":{"rendered":"X\u00edch xe \u0111\u1ea1p YBN 8s"},"content":{"rendered":"<p>&#8211; Nh\u00e3n hi\u1ec7u: YBN<\/p>\n<p>&#8211; Model:\u00a0\u00a0Tu\u1ef3 ch\u1ecdn S8-116L-Kho\u00e1 nhanh(C\u00f3 kh\u00e1o Quick Link)<\/p>\n<p>&#8211; Th\u00f4ng s\u1ed1 k\u1ef7 thu\u1eadt: D\u00e0nh cho xe l\u00edp 7 ho\u1eb7c 8 Speed (7\/8 t\u1ea7ng l\u00edp) , chi\u1ec1u d\u00e0i s\u00ean k\u00fd hi\u1ec7u L (S\u1ed1 m\u1eaft x\u00edch).<\/p>\n<p>&#8211; Tr\u1ecdng l\u01b0\u1ee3ng: kho\u1ea3ng 260gram\/S\u1ee3i.<\/p>\n<p>&#8211; M\u00e0u s\u1eafc: S8 h\u1ed9p gi\u1ea5y t\u00edm d\u00e0i x\u00edch m\u00e0u x\u00e1m.<\/p>\n<p>&#8211; Lo\u1ea1i xe ph\u00f9 h\u1ee3p: Xe \u0111\u1ea1p \u0111\u1ecba h\u00ecnh (Mountain bike), xe \u0111\u1ea1p cu\u1ed9c (Road bike), xe \u0111\u01b0\u1eddng ph\u1ed1 touring. C\u00e1c lo\u1ea1i xe 7\/8 t\u1ea7ng l\u00edp.<\/p>\n","protected":false},"excerpt":{"rendered":"<p>&#8211; Nh\u00e3n hi\u1ec7u: YBN &#8211; Model:\u00a0\u00a0Tu\u1ef3 ch\u1ecdn S8-116L-Kho\u00e1 nhanh(C\u00f3 kh\u00e1o Quick Link) &#8211; Th\u00f4ng s\u1ed1 k\u1ef7 thu\u1eadt: D\u00e0nh cho xe l\u00edp 7 ho\u1eb7c 8 Speed (7\/8<span class=\"excerpt-hellip\"> [\u2026]<\/span><\/p>\n","protected":false},"featured_media":11096,"comment_status":"closed","ping_status":"closed","template":"","meta":[],"product_cat":[113],"product_tag":[],"class_list":["post-11095","product","type-product","status-publish","has-post-thumbnail","hentry","product_cat-xich"],"_links":{"self":[{"href":"https:\/\/xedop.com\/en\/wp-json\/wp\/v2\/product\/11095","targetHints":{"allow":["GET"]}}],"collection":[{"href":"https:\/\/xedop.com\/en\/wp-json\/wp\/v2\/product"}],"about":[{"href":"https:\/\/xedop.com\/en\/wp-json\/wp\/v2\/types\/product"}],"replies":[{"embeddable":true,"href":"https:\/\/xedop.com\/en\/wp-json\/wp\/v2\/comments?post=11095"}],"version-history":[{"count":2,"href":"https:\/\/xedop.com\/en\/wp-json\/wp\/v2\/product\/11095\/revisions"}],"predecessor-version":[{"id":11099,"href":"https:\/\/xedop.com\/en\/wp-json\/wp\/v2\/product\/11095\/revisions\/11099"}],"wp:featuredmedia":[{"embeddable":true,"href":"https:\/\/xedop.com\/en\/wp-json\/wp\/v2\/media\/11096"}],"wp:attachment":[{"href":"https:\/\/xedop.com\/en\/wp-json\/wp\/v2\/media?parent=11095"}],"wp:term":[{"taxonomy":"product_cat","embeddable":true,"href":"https:\/\/xedop.com\/en\/wp-json\/wp\/v2\/product_cat?post=11095"},{"taxonomy":"product_tag","embeddable":true,"href":"https:\/\/xedop.com\/en\/wp-json\/wp\/v2\/product_tag?post=11095"}],"curies":[{"name":"wp","href":"https:\/\/api.w.org\/{rel}","templated":true}]}}