{"id":11130,"date":"2025-09-15T15:43:06","date_gmt":"2025-09-15T08:43:06","guid":{"rendered":"https:\/\/xedop.com\/?post_type=product&#038;p=11130"},"modified":"2026-04-03T10:33:42","modified_gmt":"2026-04-03T03:33:42","slug":"lop-kenda-27-5x2-2-hong-vang","status":"publish","type":"product","link":"https:\/\/xedop.com\/en\/san-pham\/lop-kenda-27-5x2-2-hong-vang\/","title":{"rendered":"L\u1ed1p Kenda 27.5&#215;2.2 h\u00f4ng v\u00e0ng"},"content":{"rendered":"<p>L\u1ed1p xe \u0111\u1ea1p \u0111\u1ecba h\u00ecnh, xe \u0111\u1ea1p leo n\u00fai<\/p>\n<p>Th\u01b0\u01a1ng hi\u1ec7u: Kenda<\/p>\n<p>Xu\u1ea5t x\u1ee9: Trung Qu\u1ed1c<\/p>\n<p>Ph\u00f9 h\u1ee3p v\u1edbi d\u00f2ng \u0111\u1ecba h\u00ecnh, xe \u0111\u1ea1p leo n\u00fai c\u1ee1 b\u00e1nh 27,5&#8243; ~ 650b<\/p>\n<p>\u0110\u1ed9 r\u1ed9ng h\u00f4ng l\u1ed1p 2.2&#8243;<\/p>\n<p>M\u00e0u s\u1eafc: \u0110en h\u00f4ng v\u00e0ng<\/p>\n","protected":false},"excerpt":{"rendered":"<p>L\u1ed1p xe \u0111\u1ea1p \u0111\u1ecba h\u00ecnh, xe \u0111\u1ea1p leo n\u00fai Th\u01b0\u01a1ng hi\u1ec7u: Kenda Xu\u1ea5t x\u1ee9: Trung Qu\u1ed1c Ph\u00f9 h\u1ee3p v\u1edbi d\u00f2ng \u0111\u1ecba h\u00ecnh, xe \u0111\u1ea1p leo n\u00fai<span class=\"excerpt-hellip\"> [\u2026]<\/span><\/p>\n","protected":false},"featured_media":11131,"comment_status":"closed","ping_status":"closed","template":"","meta":[],"product_cat":[101],"product_tag":[],"class_list":["post-11130","product","type-product","status-publish","has-post-thumbnail","hentry","product_cat-lop"],"_links":{"self":[{"href":"https:\/\/xedop.com\/en\/wp-json\/wp\/v2\/product\/11130","targetHints":{"allow":["GET"]}}],"collection":[{"href":"https:\/\/xedop.com\/en\/wp-json\/wp\/v2\/product"}],"about":[{"href":"https:\/\/xedop.com\/en\/wp-json\/wp\/v2\/types\/product"}],"replies":[{"embeddable":true,"href":"https:\/\/xedop.com\/en\/wp-json\/wp\/v2\/comments?post=11130"}],"version-history":[{"count":3,"href":"https:\/\/xedop.com\/en\/wp-json\/wp\/v2\/product\/11130\/revisions"}],"predecessor-version":[{"id":11137,"href":"https:\/\/xedop.com\/en\/wp-json\/wp\/v2\/product\/11130\/revisions\/11137"}],"wp:featuredmedia":[{"embeddable":true,"href":"https:\/\/xedop.com\/en\/wp-json\/wp\/v2\/media\/11131"}],"wp:attachment":[{"href":"https:\/\/xedop.com\/en\/wp-json\/wp\/v2\/media?parent=11130"}],"wp:term":[{"taxonomy":"product_cat","embeddable":true,"href":"https:\/\/xedop.com\/en\/wp-json\/wp\/v2\/product_cat?post=11130"},{"taxonomy":"product_tag","embeddable":true,"href":"https:\/\/xedop.com\/en\/wp-json\/wp\/v2\/product_tag?post=11130"}],"curies":[{"name":"wp","href":"https:\/\/api.w.org\/{rel}","templated":true}]}}