{"id":11220,"date":"2026-04-21T14:11:59","date_gmt":"2026-04-21T07:11:59","guid":{"rendered":"https:\/\/xedop.com\/?post_type=product&#038;p=11220"},"modified":"2026-04-21T18:00:16","modified_gmt":"2026-04-21T11:00:16","slug":"xe-dap-giant-2026-atx-860-27-5","status":"publish","type":"product","link":"https:\/\/xedop.com\/en\/san-pham\/xe-dap-giant-2026-atx-860-27-5\/","title":{"rendered":"Xe \u0111\u1ea1p GIANT 2026 ATX 860 27.5"},"content":{"rendered":"<div>\n<p>T\u1ea1o h\u00ecnh khung\u00a0<strong>ALUXX<\/strong>\u00a0theo tr\u00e0o l\u01b0u m\u1edbi v\u1edbi k\u1ef9 thu\u1eadt h\u00e0n Smooth. Tuy c\u00f9ng c\u1ee1 v\u1edbi phi\u00ean b\u1ea3n c\u0169 nh\u01b0ng ph\u1ea7n \u1ed1ng \u0111\u1ea7u khung nh\u1ecf h\u01a1n 1,5\u00b0, \u1ed1ng tr\u00ean ch\u00e9o h\u01a1n cho c\u1ea3m gi\u00e1c xe g\u1ecdn h\u01a1n. T\u1ec9 l\u1ec7\u00a0<strong>STR<\/strong>\u00a0(t\u1ef7 l\u1ec7 gi\u1eefa t\u00e2m tr\u1ee5c-\u0111\u1ea7u khung \/ t\u1ea7m v\u1edbi) c\u0169ng cao h\u01a1n gi\u00fap vi\u1ec7c \u0111\u1ea1p xe tr\u1edf n\u00ean tho\u1ea3i m\u00e1i h\u01a1n r\u1ea5t nhi\u1ec1u.<\/p>\n<p>\u0110i\u1ec3m c\u1ea3i ti\u1ebfn d\u1ec5 th\u1ea5y nh\u1ea5t tr\u00ean\u00a0<strong>GIANT 2026 ATX 860\u00a0<\/strong>ch\u00ednh l\u00e0 ph\u1ea7n ghi \u0111\u00f4ng xe v\u1edbi d\u00e2y \u00e2m khung r\u1ea5t g\u1ecdn g\u00e0ng t\u0103ng t\u00ednh th\u1ea9m m\u1ef9 cho chi\u1ebfc xe. Xe c\u0169ng \u0111\u01b0\u1ee3c trang b\u1ecb tay phanh v\u00e0 tay \u0111\u1ec1\u00a0<strong>MPH\u00a0<\/strong>c\u00f3 h\u00e0nh tr\u00ecnh ng\u1eafn h\u01a1n, hi\u1ec7u su\u1ea5t nhanh h\u01a1n so v\u1edbi tay \u0111\u1ec1 SHIMANO. Ph\u1ea7n\u00a0<strong>OverDrive<\/strong>\u00a0h\u00ecnh ch\u00f3p c\u0169ng \u0111\u01b0\u1ee3c thi\u1ebft k\u1ebf l\u1edbn h\u01a1n phi\u00ean b\u1ea3n c\u0169 gi\u00fap xe c\u1ee9ng v\u1eefng h\u01a1n, gi\u1ea3m \u0111\u1ed9 v\u1eb7n xo\u1eafn tay l\u00e1i khi xu\u1ed1ng d\u1ed1c ho\u1eb7c phanh g\u1ea5p.<\/p>\n<p>Xe trang b\u1ecb h\u1ec7 th\u1ed1ng chuy\u1ec3n \u0111\u1ec1\u00a0<strong>SHIMANO CUES 10S<\/strong>\u00a0v\u1eadn h\u00e0nh tr\u01a1n tru, \u0111\u00e1p \u1ee9ng \u0111\u01b0\u1ee3c m\u1ecdi \u0111\u1ecba h\u00ecnh v\u1edbi nhi\u1ec1u t\u1ed1c \u0111\u1ed9 kh\u00e1c nhau. \u01afu \u0111i\u1ec3m c\u1ee7a b\u1ed9 \u0111\u1ec1 n\u00e0y l\u00e0 t\u00ednh ch\u00ednh x\u00e1c, \u00edt \u1ed3n v\u00e0 c\u1ef1c k\u00ec m\u1ea1nh m\u1ebd, m\u01b0\u1ee3t m\u00e0 khi v\u00e0o s\u1ed1 \u1edf c\u00e1c t\u1ed1c \u0111\u1ed9 l\u00e1i kh\u00e1c nhau. Ngo\u00e0i ra, \u0111\u00f9i \u0111\u0129a nh\u00f4m tr\u1ee5c r\u1ed7ng cao c\u1ea5p c\u0169ng gi\u00fap nh\u1eb9 nh\u00e0ng h\u01a1n khi \u0111\u1ea1p xe.<\/p>\n<p>Y\u00ean\u00a0<strong>GIANT ERGO Contact<\/strong>, ch\u1ea5t li\u1ec7u\u00a0<strong>ESG<\/strong>\u00a0b\u1ea3o v\u1ec7 m\u00f4i tr\u01b0\u1eddng lu\u00f4n l\u00e0 \u0111i\u1ec3m t\u1ef1a ch\u1eafc ch\u1eafn v\u1eeba gi\u00fap ng\u01b0\u1eddi l\u00e1i linh ho\u1ea1t khi di chuy\u1ec3n, v\u1eeba cho t\u01b0 th\u1ebf ng\u1ed3i tho\u1ea3i m\u00e1i, \u00eam \u00e1i su\u1ed1t h\u00e0nh tr\u00ecnh.<\/p>\n<h4><\/h4>\n<h4>KHUNG<\/h4>\n<p>K\u00edch c\u1ee1\/Sizes:S, M<\/p>\n<p>M\u00e0u s\u1eafc\/Colors:Ghi \u0111\u1eadm, Ghi nh\u1ea1t<\/p>\n<p>Ch\u1ea5t li\u1ec7u khung\/Frame:GIANT ALUXX ATX 8, h\u1ee3p kim nh\u00f4m<\/p>\n<p>Phu\u1ed9c\/Fork:SXC3 TA, h\u00e0nh tr\u00ecnh 100mm, tr\u1ee5c boost 15&#215;110<\/p>\n<p>Gi\u1ea3m x\u00f3c\/Shock:&#8212;<\/p>\n<h4>H\u00ca\u0323 TH\u00d4\u0301NG BA\u0301NH XE<\/h4>\n<p>V\u00e0nh xe\/Rims:GIANT, h\u1ee3p kim nh\u00f4m 2 l\u1edbp, 32 l\u1ed7, cao 20,5mm<\/p>\n<p>Moay \u01a1\/Hubs:GIANT, h\u1ee3p kim nh\u00f4m 2 l\u1edbp<\/p>\n<p>Nan hoa\/Spokes:14G HTSS<\/p>\n<p>L\u1ed1p xe\/Tires:QUICKSAND PLUS 27.5\u00d72.1 30TPI A\/V<\/p>\n<h4>KHA\u0301C<\/h4>\n<p>Th\u00eam\/Extras:C\u00f3 s\u1eb5n ch\u00e2n ch\u1ed1ng, c\u00f3 \u0111i\u1ec3m ch\u1edd l\u1eafp ch\u1eafn b\u00f9n, baga (m\u1ed9t s\u1ed1 linh ki\u1ec7n c\u00f3 th\u1ec3 thay \u0111\u1ed5i lo\u1ea1i t\u01b0\u01a1ng \u0111\u01b0\u01a1ng theo th\u1ef1c t\u1ebf)<\/p>\n<\/div>\n<div>\n<h4>CA\u0301C B\u00d4\u0323 PH\u00c2\u0323N<\/h4>\n<p>Ghi \u0111\u00f4ng\/Handlebar:H\u1ee3p kim nh\u00f4m<\/p>\n<p>P\u00f4 t\u0103ng\/Stem:H\u1ee3p kim nh\u00f4m, c\u00f3 th\u1ec3 \u0111i\u1ec1u ch\u1ec9nh l\u00ean xu\u1ed1ng 6 \u0111\u1ed9<\/p>\n<p>C\u1ecdc y\u00ean\/Seatpost:CONTACT SWITCH CORE, 30.9mm<\/p>\n<p>Y\u00ean\/Saddle:GIANT ERGO CONTACT<\/p>\n<p>Ba\u0300n \u0111a\u0323p\/Pedals:C\u00f3 s\u1eb5n<\/p>\n<h4>B\u00d4\u0323 TRUY\u00ca\u0300N \u0110\u00d4\u0323NG<\/h4>\n<p>Tay \u0111\u1ec1\/Shifters:MPH 1x10S<\/p>\n<p>B\u1ed9 chuy\u1ec3n \u0111\u1ec1 tr\u01b0\u1edbc\/Front Derailleur:&#8212;<\/p>\n<p>B\u1ed9 chuy\u1ec3n \u0111\u1ec1 sau\/Rear Derailleur:Shimano CUES 10S<\/p>\n<p>Phanh\/Brakes:\u0110\u0129a d\u1ea7u MPH<\/p>\n<p>Tay phanh\/Brake Levers:MPH<\/p>\n<p>L\u00edp\/Cassette:Shimano 11-48T 10S<\/p>\n<p>X\u00edch\/Chain:KMC X11<\/p>\n<p>\u0110\u00f9i \u0111\u0129a\/Crankset:Prowheel 2-PC, 38T<\/p>\n<\/div>\n","protected":false},"excerpt":{"rendered":"<p><strong>ATX seri 8<\/strong>\u00a0l\u00e0 d\u00f2ng xe d\u00e0nh cho \u0111\u01b0\u1eddng h\u1ed7n h\u1ee3p th\u00f4ng d\u1ee5ng, ph\u00f9 h\u1ee3p v\u1edbi v\u1eadn \u0111\u1ed9ng v\u00e0 vi\u1ec7t d\u00e3. \u0110\u01b0\u1ee3c \u0111\u00e1nh gi\u00e1 v\u1ec1 t\u00ednh n\u0103ng cao h\u01a1n, \u0111\u1eb9p h\u01a1n, tho\u1ea3i m\u00e1i h\u01a1n so v\u1edbi phi\u00ean b\u1ea3n<b>\u00a0<\/b>ti\u1ec1n nhi\u1ec7m. C\u00f9ng m\u00ecnh kh\u00e1m ph\u00e1 nh\u1eefng \u01b0u \u0111i\u1ec3m <strong>ATX 860\u00a0seri 8<\/strong>\u00a0sau khi \u0111\u01b0\u1ee3c n\u00e2ng c\u1ea5p nh\u00e9!<\/p>\n<p>&nbsp;<\/p>\n","protected":false},"featured_media":11223,"comment_status":"closed","ping_status":"closed","template":"","meta":[],"product_cat":[72],"product_tag":[],"class_list":["post-11220","product","type-product","status-publish","has-post-thumbnail","hentry","product_cat-xe-dap-dia-hinh"],"_links":{"self":[{"href":"https:\/\/xedop.com\/en\/wp-json\/wp\/v2\/product\/11220","targetHints":{"allow":["GET"]}}],"collection":[{"href":"https:\/\/xedop.com\/en\/wp-json\/wp\/v2\/product"}],"about":[{"href":"https:\/\/xedop.com\/en\/wp-json\/wp\/v2\/types\/product"}],"replies":[{"embeddable":true,"href":"https:\/\/xedop.com\/en\/wp-json\/wp\/v2\/comments?post=11220"}],"version-history":[{"count":3,"href":"https:\/\/xedop.com\/en\/wp-json\/wp\/v2\/product\/11220\/revisions"}],"predecessor-version":[{"id":11230,"href":"https:\/\/xedop.com\/en\/wp-json\/wp\/v2\/product\/11220\/revisions\/11230"}],"wp:featuredmedia":[{"embeddable":true,"href":"https:\/\/xedop.com\/en\/wp-json\/wp\/v2\/media\/11223"}],"wp:attachment":[{"href":"https:\/\/xedop.com\/en\/wp-json\/wp\/v2\/media?parent=11220"}],"wp:term":[{"taxonomy":"product_cat","embeddable":true,"href":"https:\/\/xedop.com\/en\/wp-json\/wp\/v2\/product_cat?post=11220"},{"taxonomy":"product_tag","embeddable":true,"href":"https:\/\/xedop.com\/en\/wp-json\/wp\/v2\/product_tag?post=11220"}],"curies":[{"name":"wp","href":"https:\/\/api.w.org\/{rel}","templated":true}]}}