{"id":11231,"date":"2026-04-21T14:24:58","date_gmt":"2026-04-21T07:24:58","guid":{"rendered":"https:\/\/xedop.com\/?post_type=product&#038;p=11231"},"modified":"2026-04-21T18:02:19","modified_gmt":"2026-04-21T11:02:19","slug":"xe-dap-giant-2026-revolt-f2","status":"publish","type":"product","link":"https:\/\/xedop.com\/en\/san-pham\/xe-dap-giant-2026-revolt-f2\/","title":{"rendered":"Xe \u0111\u1ea1p GIANT 2026 REVOLT F2"},"content":{"rendered":"<p>Khung xe h\u1ee3p kim nh\u00f4m s\u1eed d\u1ee5ng c\u00f4ng ngh\u1ec7 h\u00e0n khung tr\u01a1n n\u00ean b\u1ec1 m\u1eb7t khung xe m\u1ecbn m\u00e0ng h\u01a1n c\u00f9ng thi\u1ebft k\u1ebf \u1ed1ng \u0111\u1ea7u\u00a0<strong>Overdrive<\/strong>\u00a0cho ph\u00e9p \u0111i d\u00e2y c\u00e1p ho\u00e0n to\u00e0n b\u00ean trong \u0111\u1ed9c \u0111\u00e1o, g\u1ecdn g\u00e0ng v\u1eeba t\u0103ng t\u00ednh th\u1ea9m m\u1ef9 l\u1ea1i d\u1ec5 d\u00e0ng v\u1ec7 sinh.<\/p>\n<p>Phu\u1ed9c xe \u0111\u01b0\u1ee3c l\u00e0m b\u1eb1ng s\u1ee3i carbon cao c\u1ea5p si\u00eau nh\u1eb9 c\u00f3 kh\u1ea3 n\u0103ng h\u1ea5p thu rung \u0111\u1ed9ng t\u1eeb m\u1eb7t \u0111\u01b0\u1eddng r\u1ea5t t\u1ed1t, gi\u00fap ng\u01b0\u1eddi l\u00e1i d\u1ec5 d\u00e0ng b\u0103ng qua c\u00e1c \u0111\u1ecba h\u00ecnh g\u1ed3 gh\u1ec1.<\/p>\n<p>H\u1ec7 th\u1ed1ng phanh \u0111\u0129a d\u1ea7u\u00a0<strong>SHIMANO FM<\/strong>\u00a0th\u01b0\u1eddng th\u1ea5y tr\u00ean xe c\u00e1c m\u1eabu\u00a0<strong>xe \u0111\u01b0\u1eddng tr\u01b0\u1eddng<\/strong>\u00a0ho\u1eb7c\u00a0<strong>gravel<\/strong>, cho hi\u1ec7u n\u0103ng phanh cao, g\u1ecdn nh\u1eb9 v\u00e0 b\u1ec1n b\u1ec9, an to\u00e0n cho ng\u01b0\u1eddi s\u1eed d\u1ee5ng.<\/p>\n<p>V\u1edbi thi\u1ebft k\u1ebf b\u1ed9 truy\u1ec1n \u0111\u1ed9ng\u00a0<strong>SHIMANO 2x9S<\/strong>\u00a0t\u1ed1c \u0111\u1ed9 ho\u1ea1t \u0111\u1ed9ng m\u1ea1nh m\u1ebd, c\u00f3 kh\u1ea3 n\u0103ng chuy\u1ec3n \u0111\u1ed5i linh ho\u1ea1t nh\u1edd tay \u0111\u1ec1\u00a0<strong>SHIMANO SORA<\/strong>, chi\u1ebfc xe n\u00e0y s\u1ebd mang \u0111\u1ebfn cho b\u1ea1n nh\u1eefng tr\u1ea3i nghi\u1ec7m \u0111\u1ea1p xe t\u1ed1t nh\u1ea5t d\u00f9 \u0111i qua b\u1ea5t k\u1ef3 \u0111\u1ecba h\u00ecnh n\u00e0o.<\/p>\n<p>Xe \u0111\u01b0\u1ee3c trang b\u1ecb y\u00ean\u00a0<strong>GIANT ERGO CONTACT<\/strong>\u00a0th\u00e2n thi\u1ec7n v\u1edbi m\u00f4i tr\u01b0\u1eddng,ngo\u00e0i ra xe c\u0169ng c\u00f3 s\u1eb5n gi\u00e1 \u0111\u1ee1 d\u1ef1 ph\u00f2ng, ch\u1ed7 g\u1eafn ch\u00e2n ch\u1ed1ng v\u00e0 l\u1ed7 l\u1eafp ch\u1eafn b\u00f9n, cho ph\u00e9p l\u1eafp th\u00eam ho\u1eb7c th\u00e1o b\u1edbt ph\u1ee5 ki\u1ec7n m\u1ed9t c\u00e1ch linh ho\u1ea1t.<\/p>\n<p>&nbsp;<\/p>\n<div>\n<h4>KHUNG<\/h4>\n<p>K\u00edch c\u1ee1\/Sizes:S<\/p>\n<p>M\u00e0u s\u1eafc\/Colors:Tr\u1eafng<\/p>\n<p>Ch\u1ea5t li\u1ec7u khung\/Frame:GIANT, H\u1ee3p kim nh\u00f4m<\/p>\n<p>Phu\u1ed9c\/Fork:Advanced-Grade Composite, 1-1\/8&#8243;- 1-1\/4<\/p>\n<p>Gi\u1ea3m x\u00f3c\/Shock:&#8212;<\/p>\n<h4>H\u00ca\u0323 TH\u00d4\u0301NG BA\u0301NH XE<\/h4>\n<p>V\u00e0nh xe\/Rims:H\u1ee3p kim nh\u00f4m hai l\u1edbp 28H<\/p>\n<p>Moay \u01a1\/Hubs:H\u1ee3p kim nh\u00f4m<\/p>\n<p>Nan hoa\/Spokes:14G HTSS<\/p>\n<p>L\u1ed1p xe\/Tires:700X38C 60TPI, F\/V<\/p>\n<h4>KHA\u0301C<\/h4>\n<p>Th\u00eam\/Extras:C\u00f3 s\u1eb5n \u0111i\u1ec3m ch\u1edd l\u1eafp baga, ch\u1eafn b\u00f9n<\/p>\n<\/div>\n<div>\n<h4>CA\u0301C B\u00d4\u0323 PH\u00c2\u0323N<\/h4>\n<p>Ghi \u0111\u00f4ng\/Handlebar:GIANT, H\u1ee3p kim nh\u00f4m 580\/600\/620mm<\/p>\n<p>P\u00f4 t\u0103ng\/Stem:GIANT, H\u1ee3p kim nh\u00f4m 70\/80\/90mm<\/p>\n<p>C\u1ecdc y\u00ean\/Seatpost:GIANT D-Fuse<\/p>\n<p>Y\u00ean\/Saddle:GIANT ERGO CONTACT<\/p>\n<p>Ba\u0300n \u0111a\u0323p\/Pedals:C\u00f3 s\u1eb5n<\/p>\n<h4>B\u00d4\u0323 TRUY\u00ca\u0300N \u0110\u00d4\u0323NG<\/h4>\n<p>Tay \u0111\u1ec1\/Shifters:SHIMANO SORA 2X9S<\/p>\n<p>B\u1ed9 chuy\u1ec3n \u0111\u1ec1 tr\u01b0\u1edbc\/Front Derailleur:SHIMANO FD-R3000<\/p>\n<p>B\u1ed9 chuy\u1ec3n \u0111\u1ec1 sau\/Rear Derailleur:SHIMANO RD-R3000<\/p>\n<p>Phanh\/Brakes:\u0110\u0129a d\u1ea7u SHIMANO FM<\/p>\n<p>Tay phanh\/Brake Levers:H\u1ee3p kim nh\u00f4m<\/p>\n<p>L\u00edp\/Cassette:SHIMANO CS-HG201-9 11-34T<\/p>\n<p>X\u00edch\/Chain:KMC 9<\/p>\n<p>\u0110\u00f9i \u0111\u0129a\/Crankset:H\u1ee3p kim nh\u00f4m, 34\/48T<\/p>\n<\/div>\n","protected":false},"excerpt":{"rendered":"<p><strong>GIANT REVOLT F2<\/strong>\u00a0v\u1edbi thi\u1ebft k\u1ebf tay l\u00e1i ngang mang \u0111\u1ebfn m\u1ed9t m\u1eabu xe th\u1ec3 thao, k\u1ebft h\u1ee3p h\u00e0i h\u00f2a gi\u1eefa t\u1ed1c \u0111\u1ed9 v\u00e0 kh\u1ea3 n\u0103ng \u0111i\u1ec1u khi\u1ec3n an to\u00e0n.\u00a0<strong>Xe \u0111\u1ea1p Gravel\u00a0<\/strong>kh\u00f4ng ch\u1ec9 c\u00f3 th\u1ec3 s\u1eed d\u1ee5ng cho nhu c\u1ea7u \u0111i l\u1ea1i trong th\u00e0nh ph\u1ed1 m\u00e0 c\u00f2n c\u00f3 th\u1ec3 \u0111\u00e1p \u1ee9ng t\u1ed1t h\u01a1n v\u1edbi nh\u1eefng chuy\u1ebfn \u0111i d\u00e3 ngo\u1ea1i ng\u1eafn ng\u00e0y.<\/p>\n","protected":false},"featured_media":11232,"comment_status":"closed","ping_status":"closed","template":"","meta":[],"product_cat":[70],"product_tag":[],"class_list":["post-11231","product","type-product","status-publish","has-post-thumbnail","hentry","product_cat-xe-dap-duong-hon-hop"],"_links":{"self":[{"href":"https:\/\/xedop.com\/en\/wp-json\/wp\/v2\/product\/11231","targetHints":{"allow":["GET"]}}],"collection":[{"href":"https:\/\/xedop.com\/en\/wp-json\/wp\/v2\/product"}],"about":[{"href":"https:\/\/xedop.com\/en\/wp-json\/wp\/v2\/types\/product"}],"replies":[{"embeddable":true,"href":"https:\/\/xedop.com\/en\/wp-json\/wp\/v2\/comments?post=11231"}],"version-history":[{"count":2,"href":"https:\/\/xedop.com\/en\/wp-json\/wp\/v2\/product\/11231\/revisions"}],"predecessor-version":[{"id":11235,"href":"https:\/\/xedop.com\/en\/wp-json\/wp\/v2\/product\/11231\/revisions\/11235"}],"wp:featuredmedia":[{"embeddable":true,"href":"https:\/\/xedop.com\/en\/wp-json\/wp\/v2\/media\/11232"}],"wp:attachment":[{"href":"https:\/\/xedop.com\/en\/wp-json\/wp\/v2\/media?parent=11231"}],"wp:term":[{"taxonomy":"product_cat","embeddable":true,"href":"https:\/\/xedop.com\/en\/wp-json\/wp\/v2\/product_cat?post=11231"},{"taxonomy":"product_tag","embeddable":true,"href":"https:\/\/xedop.com\/en\/wp-json\/wp\/v2\/product_tag?post=11231"}],"curies":[{"name":"wp","href":"https:\/\/api.w.org\/{rel}","templated":true}]}}