{"id":11243,"date":"2025-09-17T14:33:05","date_gmt":"2025-09-17T07:33:05","guid":{"rendered":"https:\/\/xedop.com\/?post_type=product&#038;p=11243"},"modified":"2025-09-17T14:33:06","modified_gmt":"2025-09-17T07:33:06","slug":"xe-dap-liv-2026-tempt-3-27-5","status":"publish","type":"product","link":"https:\/\/xedop.com\/en\/san-pham\/xe-dap-liv-2026-tempt-3-27-5\/","title":{"rendered":"Xe \u0111\u1ea1p LIV 2026 TEMPT 3 27.5"},"content":{"rendered":"<p>Ch\u1ea5t li\u1ec7u khung\u00a0<strong>LIV Tempt Aluxx SL<\/strong>\u00a0h\u1ee3p kim nh\u00f4m si\u00eau nh\u1eb9 v\u00e0 v\u1eabn \u0111\u1ea3m b\u1ea3o \u0111\u1ed9 c\u1ee9ng an to\u00e0n cao trong qu\u00e1 tr\u00ecnh \u0111\u1ea1p xe.B\u1ed9 chuy\u1ec3n \u0111\u1ec1\u00a0<strong>SHIMANO CUES 2\u00d78 t\u1ed1c \u0111\u1ed9<\/strong>, mang l\u1ea1i tr\u1ea3i nghi\u1ec7m linh ho\u1ea1t h\u01a1n, \u00eam \u00e1i h\u01a1n tr\u00ean nhi\u1ec1u lo\u1ea1i \u0111\u1ecba h\u00ecnh.<\/p>\n<p>H\u1ec7 th\u1ed1ng\u00a0<strong>phanh \u0111\u0129a d\u1ea7u MPH<\/strong>\u00a0mang l\u1ea1i l\u1ef1c phanh nh\u1eb9 nh\u00e0ng, ch\u00ednh x\u00e1c v\u00e0 an to\u00e0n tr\u00ean m\u1ecdi cung \u0111\u01b0\u1eddng. Thi\u1ebft k\u1ebf tinh t\u1ebf v\u1edbi h\u1ec7 th\u1ed1ng d\u00e2y \u00e2m khung, gi\u00fap xe g\u1ecdn g\u00e0ng v\u00e0 d\u1ec5 d\u00e0ng v\u1ec7 sinh sau m\u1ed7i chuy\u1ebfn \u0111i.<\/p>\n<p>&nbsp;<\/p>\n<div>\n<h4>KHUNG<\/h4>\n<p>K\u00edch c\u1ee1\/Sizes:XS<\/p>\n<p>M\u00e0u s\u1eafc\/Colors:Ghi t\u00edm<\/p>\n<p>Ch\u1ea5t li\u1ec7u khung\/Frame:LIV Tempt ALUXX SL, h\u1ee3p kim nh\u00f4m<\/p>\n<p>Phu\u1ed9c\/Fork:H\u1ee3p kim nh\u00f4m, 27,5&#8243;<\/p>\n<p>Gi\u1ea3m x\u00f3c\/Shock:&#8212;<\/p>\n<h4>H\u00ca\u0323 TH\u00d4\u0301NG BA\u0301NH XE<\/h4>\n<p>V\u00e0nh xe\/Rims:GIANT, h\u1ee3p kim nh\u00f4m 2 l\u1edbp<\/p>\n<p>Moay \u01a1\/Hubs:GIANT, h\u1ee3p kim nh\u00f4m<\/p>\n<p>Nan hoa\/Spokes:14G HTSS<\/p>\n<p>L\u1ed1p xe\/Tires:QUICKCROSS 27.5\u00d71.95 30TPI<\/p>\n<h4>KHA\u0301C<\/h4>\n<p>Th\u00eam\/Extras:M\u1ed9t s\u1ed1 linh ki\u1ec7n c\u00f3 th\u1ec3 thay th\u1ebf lo\u1ea1i t\u01b0\u01a1ng \u0111\u01b0\u01a1ng<\/p>\n<\/div>\n<div>\n<h4>CA\u0301C B\u00d4\u0323 PH\u00c2\u0323N<\/h4>\n<p>Ghi \u0111\u00f4ng\/Handlebar:H\u1ee3p kim nh\u00f4m, 31.8mm<\/p>\n<p>P\u00f4 t\u0103ng\/Stem:H\u1ee3p kim nh\u00f4m, 31.8mm, c\u00f3 th\u1ec3 ng\u1eeda 6 \u0111\u1ed9<\/p>\n<p>C\u1ecdc y\u00ean\/Seatpost:H\u1ee3p kim nh\u00f4m, 30.9mm<\/p>\n<p>Y\u00ean\/Saddle:LIV ERGO CONTACT<\/p>\n<p>Ba\u0300n \u0111a\u0323p\/Pedals:C\u00f3 s\u1eb5n<\/p>\n<h4>B\u00d4\u0323 TRUY\u00ca\u0300N \u0110\u00d4\u0323NG<\/h4>\n<p>Tay \u0111\u1ec1\/Shifters:MPH 2\u00d78S<\/p>\n<p>B\u1ed9 chuy\u1ec3n \u0111\u1ec1 tr\u01b0\u1edbc\/Front Derailleur:Shimano ALTUS 2S<\/p>\n<p>B\u1ed9 chuy\u1ec3n \u0111\u1ec1 sau\/Rear Derailleur:Shimano TOURNEY 8S<\/p>\n<p>Phanh\/Brakes:\u0110\u0129a d\u1ea7u MPH<\/p>\n<p>Tay phanh\/Brake Levers:MPH<\/p>\n<p>L\u00edp\/Cassette:Shimano 12-32T 8S<\/p>\n<p>X\u00edch\/Chain:KMC 8S<\/p>\n<p>\u0110\u00f9i \u0111\u0129a\/Crankset:H\u1ee3p kim nh\u00f4m, 22\/36T<\/p>\n<\/div>\n","protected":false},"excerpt":{"rendered":"<p><strong>LIV TEMPT 3<\/strong>\u00a0\u0111\u01b0\u1ee3c thi\u1ebft k\u1ebf ri\u00eang cho ph\u00e1i n\u1eef v\u1edbi khung th\u1ea5p, v\u1eeba v\u1eb7n v\u1edbi v\u00f3c d\u00e1ng v\u00e0 mang l\u1ea1i c\u1ea3m gi\u00e1c tho\u1ea3i m\u00e1i khi \u0111i\u1ec1u khi\u1ec3n. C\u00e1c \u0111\u01b0\u1eddng cong uy\u1ec3n chuy\u1ec3n k\u1ebft h\u1ee3p c\u00f9ng \u1ed1ng \u0111\u1ea7u xe r\u1ed9ng v\u00e0 c\u1ee9ng c\u00e1p t\u1ea1o n\u00ean m\u1ed9t t\u1ed5ng th\u1ec3 m\u1ec1m m\u1ea1i nh\u01b0ng \u0111\u1ea7y ch\u1eafc ch\u1eafn.<\/p>\n","protected":false},"featured_media":11244,"comment_status":"closed","ping_status":"closed","template":"","meta":[],"product_cat":[72],"product_tag":[],"class_list":["post-11243","product","type-product","status-publish","has-post-thumbnail","hentry","product_cat-xe-dap-dia-hinh"],"_links":{"self":[{"href":"https:\/\/xedop.com\/en\/wp-json\/wp\/v2\/product\/11243","targetHints":{"allow":["GET"]}}],"collection":[{"href":"https:\/\/xedop.com\/en\/wp-json\/wp\/v2\/product"}],"about":[{"href":"https:\/\/xedop.com\/en\/wp-json\/wp\/v2\/types\/product"}],"replies":[{"embeddable":true,"href":"https:\/\/xedop.com\/en\/wp-json\/wp\/v2\/comments?post=11243"}],"version-history":[{"count":2,"href":"https:\/\/xedop.com\/en\/wp-json\/wp\/v2\/product\/11243\/revisions"}],"predecessor-version":[{"id":11247,"href":"https:\/\/xedop.com\/en\/wp-json\/wp\/v2\/product\/11243\/revisions\/11247"}],"wp:featuredmedia":[{"embeddable":true,"href":"https:\/\/xedop.com\/en\/wp-json\/wp\/v2\/media\/11244"}],"wp:attachment":[{"href":"https:\/\/xedop.com\/en\/wp-json\/wp\/v2\/media?parent=11243"}],"wp:term":[{"taxonomy":"product_cat","embeddable":true,"href":"https:\/\/xedop.com\/en\/wp-json\/wp\/v2\/product_cat?post=11243"},{"taxonomy":"product_tag","embeddable":true,"href":"https:\/\/xedop.com\/en\/wp-json\/wp\/v2\/product_tag?post=11243"}],"curies":[{"name":"wp","href":"https:\/\/api.w.org\/{rel}","templated":true}]}}