{"id":11268,"date":"2025-09-17T14:49:21","date_gmt":"2025-09-17T07:49:21","guid":{"rendered":"https:\/\/xedop.com\/?post_type=product&#038;p=11268"},"modified":"2025-09-17T14:49:21","modified_gmt":"2025-09-17T07:49:21","slug":"xe-dap-momentum-2026-ithink-expressway","status":"publish","type":"product","link":"https:\/\/xedop.com\/en\/san-pham\/xe-dap-momentum-2026-ithink-expressway\/","title":{"rendered":"Xe \u0111\u1ea1p MOMENTUM 2026 ITHINK EXPRESSWAY"},"content":{"rendered":"<p>Khung xe b\u1eb1ng h\u1ee3p kim nh\u00f4m b\u1ec1n b\u1ec9, thi\u1ebft k\u1ebf g\u1ea5p ch\u1eafc ch\u1eafn gi\u00fap t\u0103ng \u0111\u1ed9 c\u1ee9ng t\u1ed5ng th\u1ec3. \u0110\u01b0\u1eddng n\u00e9t khung m\u01b0\u1ee3t m\u00e0, li\u1ec1n m\u1ea1ch t\u1ea1o c\u1ea3m gi\u00e1c hi\u1ec7n \u0111\u1ea1i v\u00e0 m\u1ea1nh m\u1ebd, \u0111\u1ed3ng th\u1eddi \u0111\u1ea3m b\u1ea3o tr\u1ecdng l\u01b0\u1ee3ng nh\u1eb9, thu\u1eadn ti\u1ec7n cho di chuy\u1ec3n h\u00e0ng ng\u00e0y.<\/p>\n<p>H\u1ec7 th\u1ed1ng d\u00e2y phanh \u00e2m khung gi\u00fap xe c\u00f3 di\u1ec7n m\u1ea1o g\u1ecdn g\u00e0ng, hi\u1ec7n \u0111\u1ea1i h\u01a1n, \u0111\u1ed3ng th\u1eddi h\u1ea1n ch\u1ebf b\u1ee5i b\u1ea9n b\u00e1m v\u00e0o d\u00e2y. Thi\u1ebft k\u1ebf n\u00e0y c\u00f2n gi\u00fap vi\u1ec7c v\u1ec7 sinh, lau ch\u00f9i tr\u1edf n\u00ean d\u1ec5 d\u00e0ng v\u00e0 thu\u1eadn ti\u1ec7n h\u01a1n trong qu\u00e1 tr\u00ecnh s\u1eed d\u1ee5ng.<\/p>\n<p>Thi\u1ebft k\u1ebf ch\u1ed7 g\u1ea5p g\u1ecdn m\u1edbi \u0111\u01b0\u1ee3c tinh t\u1ebf h\u01a1n, d\u1ec5 d\u00e0ng g\u1ea5p g\u1ecdn xe ch\u1ec9 v\u1edbi thao t\u00e1c \u0111\u01a1n gi\u1ea3n. C\u1ea3i ti\u1ebfn khung xe gi\u00fap c\u00e1c \u0111\u01b0\u1eddng n\u00e9t li\u1ec1n m\u1ea1ch, t\u0103ng t\u00ednh li\u00ean t\u1ee5c c\u1ee7a c\u00e1c c\u1ea1nh, t\u1ea1o n\u00ean t\u1ed5ng th\u1ec3 h\u00e0i h\u00f2a v\u00e0 hi\u1ec7n \u0111\u1ea1i.<\/p>\n<p>B\u1ed9 chuy\u1ec3n \u0111\u1ed9ng 7 t\u1ed1c \u0111\u1ed9 ph\u00eda sau c\u1ee7a\u00a0<strong>SHIMANO TOURNEY<\/strong>\u00a0mang \u0111\u1ebfn c\u1ea3m gi\u00e1c \u0111\u1ea1p xe \u00eam \u00e1i, gi\u00fap b\u1ea1n t\u1ef1 tin chinh ph\u1ee5c m\u1ecdi cung \u0111\u01b0\u1eddng \u0111\u00f4 th\u1ecb m\u1ed9t c\u00e1ch linh ho\u1ea1t v\u00e0 m\u01b0\u1ee3t m\u00e0.<\/p>\n<p>Xe mang \u0111\u1ebfn 2 l\u1ef1a ch\u1ecdn m\u00e0u s\u1eafc: H\u1ed3ng n\u1ed5i b\u1eadt v\u00e0 Xanh c\u00e1 t\u00ednh, ph\u00f9 h\u1ee3p v\u1edbi nhi\u1ec1u s\u1edf th\u00edch, gi\u00fap b\u1ea1n kh\u1eb3ng \u0111\u1ecbnh phong c\u00e1ch ri\u00eang khi s\u1edf h\u1eefu.<\/p>\n<p>&nbsp;<\/p>\n<div>\n<h4>KHUNG<\/h4>\n<p>K\u00edch c\u1ee1\/Sizes:&#8212;<\/p>\n<p>M\u00e0u s\u1eafc\/Colors:H\u1ed3ng, Xanh<\/p>\n<p>Ch\u1ea5t li\u1ec7u khung\/Frame:H\u1ee3p kim nh\u00f4m GIANT ALUXX<\/p>\n<p>Phu\u1ed9c\/Fork:H\u1ee3p kim nh\u00f4m<\/p>\n<p>Gi\u1ea3m x\u00f3c\/Shock:&#8212;<\/p>\n<h4>H\u00ca\u0323 TH\u00d4\u0301NG BA\u0301NH XE<\/h4>\n<p>V\u00e0nh xe\/Rims:H\u1ee3p kim nh\u00f4m 24H<\/p>\n<p>Moay \u01a1\/Hubs:H\u1ee3p kim nh\u00f4m<\/p>\n<p>Nan hoa\/Spokes:14G HTSS<\/p>\n<p>L\u1ed1p xe\/Tires:20X1.75 A\/V<\/p>\n<h4>KHA\u0301C<\/h4>\n<p>Th\u00eam\/Extras:C\u00f3 s\u1eb5n ch\u00e2n ch\u1ed1ng, c\u00f3 \u0111i\u1ec3m ch\u1edd l\u1eafp ch\u1eafn b\u00f9n<\/p>\n<\/div>\n<div>\n<h4>CA\u0301C B\u00d4\u0323 PH\u00c2\u0323N<\/h4>\n<p>Ghi \u0111\u00f4ng\/Handlebar:H\u1ee3p kim nh\u00f4m 25.4 560MM<\/p>\n<p>P\u00f4 t\u0103ng\/Stem:H\u1ee3p kim nh\u00f4m<\/p>\n<p>C\u1ecdc y\u00ean\/Seatpost:H\u1ee3p kim nh\u00f4m<\/p>\n<p>Y\u00ean\/Saddle:Xe g\u1ea5p<\/p>\n<p>Ba\u0300n \u0111a\u0323p\/Pedals:C\u00f3 s\u1eb5n<\/p>\n<h4>B\u00d4\u0323 TRUY\u00ca\u0300N \u0110\u00d4\u0323NG<\/h4>\n<p>Tay \u0111\u1ec1\/Shifters:SHIMANO SL-RV400<\/p>\n<p>B\u1ed9 chuy\u1ec3n \u0111\u1ec1 tr\u01b0\u1edbc\/Front Derailleur:&#8212;<\/p>\n<p>B\u1ed9 chuy\u1ec3n \u0111\u1ec1 sau\/Rear Derailleur:SHIMANO TOURNEY 7S<\/p>\n<p>Phanh\/Brakes:\u0110\u0129a c\u01a1, h\u1ee3p kim nh\u00f4m<\/p>\n<p>Tay phanh\/Brake Levers:H\u1ee3p kim nh\u00f4m<\/p>\n<p>L\u00edp\/Cassette:SHIMANO 7-SPEED 14-28T<\/p>\n<p>X\u00edch\/Chain:KMC Z7<\/p>\n<p>\u0110\u00f9i \u0111\u0129a\/Crankset:H\u1ee3p kim nh\u00f4m 48T<\/p>\n<\/div>\n","protected":false},"excerpt":{"rendered":"<p>Ngo\u1ea1i h\u00ecnh \u0111\u01a1n gi\u1ea3n, thanh l\u1ecbch v\u1edbi \u0111\u01b0\u1eddng n\u00e9t m\u01b0\u1ee3t m\u00e0,\u00a0<strong>MOMENTUM ITHINK EXPRESSWAY<\/strong>\u00a0l\u00e0 m\u1eabu xe \u0111\u1ea1p g\u1ea5p l\u00fd t\u01b0\u1edfng cho \u0111\u00f4 th\u1ecb. Thi\u1ebft k\u1ebf g\u1ea5p g\u1ecdn nhanh ch\u00f3ng, ti\u1ebft ki\u1ec7m di\u1ec7n t\u00edch, d\u1ec5 d\u00e0ng mang theo l\u00ean \u00f4 t\u00f4, t\u00e0u \u0111i\u1ec7n ho\u1eb7c c\u1ea5t gi\u1eef trong kh\u00f4ng gian h\u1eb9p. Gi\u1ea3i ph\u00e1p di chuy\u1ec3n linh ho\u1ea1t, ti\u1ec7n l\u1ee3i cho cu\u1ed9c s\u1ed1ng th\u00e0nh ph\u1ed1.<\/p>\n","protected":false},"featured_media":11271,"comment_status":"closed","ping_status":"closed","template":"","meta":[],"product_cat":[69],"product_tag":[],"class_list":["post-11268","product","type-product","status-publish","has-post-thumbnail","hentry","product_cat-xe-dap-duong-pho"],"_links":{"self":[{"href":"https:\/\/xedop.com\/en\/wp-json\/wp\/v2\/product\/11268","targetHints":{"allow":["GET"]}}],"collection":[{"href":"https:\/\/xedop.com\/en\/wp-json\/wp\/v2\/product"}],"about":[{"href":"https:\/\/xedop.com\/en\/wp-json\/wp\/v2\/types\/product"}],"replies":[{"embeddable":true,"href":"https:\/\/xedop.com\/en\/wp-json\/wp\/v2\/comments?post=11268"}],"version-history":[{"count":2,"href":"https:\/\/xedop.com\/en\/wp-json\/wp\/v2\/product\/11268\/revisions"}],"predecessor-version":[{"id":11274,"href":"https:\/\/xedop.com\/en\/wp-json\/wp\/v2\/product\/11268\/revisions\/11274"}],"wp:featuredmedia":[{"embeddable":true,"href":"https:\/\/xedop.com\/en\/wp-json\/wp\/v2\/media\/11271"}],"wp:attachment":[{"href":"https:\/\/xedop.com\/en\/wp-json\/wp\/v2\/media?parent=11268"}],"wp:term":[{"taxonomy":"product_cat","embeddable":true,"href":"https:\/\/xedop.com\/en\/wp-json\/wp\/v2\/product_cat?post=11268"},{"taxonomy":"product_tag","embeddable":true,"href":"https:\/\/xedop.com\/en\/wp-json\/wp\/v2\/product_tag?post=11268"}],"curies":[{"name":"wp","href":"https:\/\/api.w.org\/{rel}","templated":true}]}}