{"id":11324,"date":"2025-10-06T15:40:21","date_gmt":"2025-10-06T08:40:21","guid":{"rendered":"https:\/\/xedop.com\/?post_type=product&#038;p=11324"},"modified":"2025-10-06T15:40:21","modified_gmt":"2025-10-06T08:40:21","slug":"xe-dap-giant-2026-xtc-slr-2-27-5","status":"publish","type":"product","link":"https:\/\/xedop.com\/en\/san-pham\/xe-dap-giant-2026-xtc-slr-2-27-5\/","title":{"rendered":"Xe \u0111\u1ea1p GIANT 2026 XTC SLR 2 27.5"},"content":{"rendered":"<p><strong>2026 XTC SLR 2<\/strong>\u00a0s\u1edf h\u1eefu khung h\u1ee3p kim nh\u00f4m\u00a0<strong>ALUXX SLR<\/strong>\u00a0cao c\u1ea5p, v\u1eeba nh\u1eb9 v\u1eeba b\u1ec1n. Thi\u1ebft k\u1ebf h\u00ecnh h\u1ecdc t\u1ed1i \u01b0u gi\u00fap xe c\u1ee9ng c\u00e1p v\u00e0 linh ho\u1ea1t. H\u1ec7 th\u1ed1ng d\u00e2y c\u00e1p \u00e2m mang l\u1ea1i di\u1ec7n m\u1ea1o g\u1ecdn g\u00e0ng, tinh t\u1ebf, \u0111\u1ed3ng th\u1eddi gi\u1eef cho hi\u1ec7u su\u1ea5t v\u1eadn h\u00e0nh \u1ed5n \u0111\u1ecbnh v\u00e0 l\u00e2u d\u00e0i.<\/p>\n<p>Xe s\u1eed d\u1ee5ng v\u00e0nh GIANT h\u1ee3p kim nh\u00f4m hai l\u1edbp, k\u1ebft h\u1ee3p tr\u1ee5c phanh Boost \u0111\u1ec3 t\u0103ng \u0111\u1ed9 c\u1ee9ng v\u00e0 \u1ed5n \u0111\u1ecbnh. V\u1edbi l\u1ed1p b\u1ea3n r\u1ed9ng gi\u00fap b\u00e1m \u0111\u01b0\u1eddng ch\u1eafc h\u01a1n, \u00eam \u00e1i h\u01a1n v\u00e0 v\u01b0\u1ee3t \u0111\u1ecba h\u00ecnh d\u1ec5 d\u00e0ng h\u01a1n.<\/p>\n<p>H\u1ec7 th\u1ed1ng phanh \u0111\u0129a d\u1ea7u\u00a0<strong>SHIMANO MT200<\/strong>\u00a0cho l\u1ef1c phanh m\u1ea1nh m\u1ebd, d\u1ec5 ki\u1ec3m so\u00e1t v\u00e0 \u1ed5n \u0111\u1ecbnh trong m\u1ecdi \u0111i\u1ec1u ki\u1ec7n, \u0111\u1eb7c bi\u1ec7t ph\u00f9 h\u1ee3p v\u1edbi nh\u1eefng chi\u1ebfc\u00a0<strong>xe \u0111\u1ecba h\u00ecnh<\/strong>, gi\u00fap b\u1ea1n lu\u00f4n y\u00ean t\u00e2m tr\u00ean t\u1eebng h\u00e0nh tr\u00ecnh.<\/p>\n<p>Xe \u0111\u01b0\u1ee3c trang b\u1ecb h\u1ec7 th\u1ed1ng truy\u1ec1n \u0111\u1ed9ng\u00a0<strong>SHIMANO CUES 2\u00d711<\/strong>\u00a0t\u1ed1c \u0111\u1ed9, v\u1edbi d\u1ea3i t\u1ef7 s\u1ed1 truy\u1ec1n \u0111a d\u1ea1ng. Thi\u1ebft k\u1ebf n\u00e0y gi\u00fap ng\u01b0\u1eddi l\u00e1i d\u1ec5 d\u00e0ng th\u00edch \u1ee9ng v\u1edbi nhi\u1ec1u phong c\u00e1ch \u0111\u1ea1p xe kh\u00e1c nhau, t\u1eeb \u0111\u01b0\u1eddng b\u1eb1ng \u0111\u1ebfn nh\u1eefng \u0111o\u1ea1n d\u1ed1c.<\/p>\n<div class=\"box_list_tt\">\n<h4>KHUNG<\/h4>\n<p>K\u00edch c\u1ee1\/Sizes:M<\/p>\n<p>M\u00e0u s\u1eafc\/Colors:Ghi xanh<\/p>\n<p>Ch\u1ea5t li\u1ec7u khung\/Frame:ALUXX SLR, H\u1ee3p kim nh\u00f4m<\/p>\n<p>Phu\u1ed9c\/Fork:SXC 2 32, H\u1ee3p kim nh\u00f4m<\/p>\n<p>Gi\u1ea3m x\u00f3c\/Shock:&#8212;<\/p>\n<h4>H\u00ca\u0323 TH\u00d4\u0301NG BA\u0301NH XE<\/h4>\n<p>V\u00e0nh xe\/Rims:GIANT, H\u1ee3p kim nh\u00f4m hai l\u1edbp<\/p>\n<p>Moay \u01a1\/Hubs:GIANT, H\u1ee3p kim nh\u00f4m hai l\u1edbp<\/p>\n<p>Nan hoa\/Spokes:14G HTSS<\/p>\n<p>L\u1ed1p xe\/Tires:27.5&#8243;: QUICKSAND PLUS 27.5&#215;2.1 60TPI<\/p>\n<h4>KHA\u0301C<\/h4>\n<p>Th\u00eam\/Extras:C\u00f3 s\u1eb5n ch\u00e2n ch\u1ed1ng, c\u00f3 \u0111i\u1ec3m ch\u1edd l\u1eafp ch\u1eafn b\u00f9n, baga (m\u1ed9t s\u1ed1 linh ki\u1ec7n c\u00f3 th\u1ec3 thay \u0111\u1ed5i lo\u1ea1i t\u01b0\u01a1ng \u0111\u01b0\u01a1ng theo th\u1ef1c t\u1ebf)<\/p>\n<\/div>\n<div class=\"box_list_tt\">\n<h4>CA\u0301C B\u00d4\u0323 PH\u00c2\u0323N<\/h4>\n<p>Ghi \u0111\u00f4ng\/Handlebar:CONNECT XC, H\u1ee3p kim nh\u00f4m, cong 5\u00b0, 31.8mm<\/p>\n<p>P\u00f4 t\u0103ng\/Stem:CONTACT, H\u1ee3p kim nh\u00f4m, n\u00e2ng 8\u00b0, 31.8mm<\/p>\n<p>C\u1ecdc y\u00ean\/Seatpost:CONTACT SWITCH CORE, H\u1ee3p kim nh\u00f4m, 30.9mm<\/p>\n<p>Y\u00ean\/Saddle:GIANT GRIT CORE<\/p>\n<p>Ba\u0300n \u0111a\u0323p\/Pedals:C\u00f3 s\u1eb5n<\/p>\n<h4>B\u00d4\u0323 TRUY\u00ca\u0300N \u0110\u00d4\u0323NG<\/h4>\n<p>Tay \u0111\u1ec1\/Shifters:SHIMANO CUES 2x11S<\/p>\n<p>B\u1ed9 chuy\u1ec3n \u0111\u1ec1 tr\u01b0\u1edbc\/Front Derailleur:SHIMANO CUES 2S<\/p>\n<p>B\u1ed9 chuy\u1ec3n \u0111\u1ec1 sau\/Rear Derailleur:SHIMANO CUES 11S<\/p>\n<p>Phanh\/Brakes:\u0110\u0129a d\u1ea7u SHIMANO MT200<\/p>\n<p>Tay phanh\/Brake Levers:SHIMANO MT200<\/p>\n<p>L\u00edp\/Cassette:SHIMANO CUES 11S, 11-45T<\/p>\n<p>X\u00edch\/Chain:SHIMANO CUES 9\/10\/11<\/p>\n<p>\u0110\u00f9i \u0111\u0129a\/Crankset:27.5&#8243;: 2-PC, 26\/40T<\/p>\n<\/div>\n","protected":false},"excerpt":{"rendered":"<p>2026 XTC SLR 2\u00a0s\u1edf h\u1eefu khung h\u1ee3p kim nh\u00f4m\u00a0ALUXX SLR\u00a0cao c\u1ea5p, v\u1eeba nh\u1eb9 v\u1eeba b\u1ec1n. Thi\u1ebft k\u1ebf h\u00ecnh h\u1ecdc t\u1ed1i \u01b0u gi\u00fap xe c\u1ee9ng c\u00e1p v\u00e0<span class=\"excerpt-hellip\"> [\u2026]<\/span><\/p>\n","protected":false},"featured_media":11325,"comment_status":"closed","ping_status":"closed","template":"","meta":[],"product_cat":[72],"product_tag":[],"class_list":["post-11324","product","type-product","status-publish","has-post-thumbnail","hentry","product_cat-xe-dap-dia-hinh"],"_links":{"self":[{"href":"https:\/\/xedop.com\/en\/wp-json\/wp\/v2\/product\/11324","targetHints":{"allow":["GET"]}}],"collection":[{"href":"https:\/\/xedop.com\/en\/wp-json\/wp\/v2\/product"}],"about":[{"href":"https:\/\/xedop.com\/en\/wp-json\/wp\/v2\/types\/product"}],"replies":[{"embeddable":true,"href":"https:\/\/xedop.com\/en\/wp-json\/wp\/v2\/comments?post=11324"}],"version-history":[{"count":1,"href":"https:\/\/xedop.com\/en\/wp-json\/wp\/v2\/product\/11324\/revisions"}],"predecessor-version":[{"id":11327,"href":"https:\/\/xedop.com\/en\/wp-json\/wp\/v2\/product\/11324\/revisions\/11327"}],"wp:featuredmedia":[{"embeddable":true,"href":"https:\/\/xedop.com\/en\/wp-json\/wp\/v2\/media\/11325"}],"wp:attachment":[{"href":"https:\/\/xedop.com\/en\/wp-json\/wp\/v2\/media?parent=11324"}],"wp:term":[{"taxonomy":"product_cat","embeddable":true,"href":"https:\/\/xedop.com\/en\/wp-json\/wp\/v2\/product_cat?post=11324"},{"taxonomy":"product_tag","embeddable":true,"href":"https:\/\/xedop.com\/en\/wp-json\/wp\/v2\/product_tag?post=11324"}],"curies":[{"name":"wp","href":"https:\/\/api.w.org\/{rel}","templated":true}]}}