{"id":11360,"date":"2025-10-24T15:37:08","date_gmt":"2025-10-24T08:37:08","guid":{"rendered":"https:\/\/xedop.com\/?post_type=product&#038;p=11360"},"modified":"2025-10-24T15:37:08","modified_gmt":"2025-10-24T08:37:08","slug":"xe-dap-liv-2026-tempt-1","status":"publish","type":"product","link":"https:\/\/xedop.com\/en\/san-pham\/xe-dap-liv-2026-tempt-1\/","title":{"rendered":"Xe \u0111\u1ea1p LIV 2026 TEMPT 1"},"content":{"rendered":"<div class=\"box_list_tt\">\n<h4>KHUNG<\/h4>\n<p>K\u00edch c\u1ee1\/Sizes:XS<\/p>\n<p>M\u00e0u s\u1eafc\/Colors:V\u00e0ng<\/p>\n<p>Ch\u1ea5t li\u1ec7u khung\/Frame:GIANT ALUXX SL Aluminum<\/p>\n<p>Phu\u1ed9c\/Fork:SXC2 TA<\/p>\n<p>Gi\u1ea3m x\u00f3c\/Shock:&#8212;<\/p>\n<h4>H\u00ca\u0323 TH\u00d4\u0301NG BA\u0301NH XE<\/h4>\n<p>V\u00e0nh xe\/Rims:H\u1ee3p kim nh\u00f4m 2 l\u1edbp<\/p>\n<p>Moay \u01a1\/Hubs:H\u1ee3p kim nh\u00f4m<\/p>\n<p>Nan hoa\/Spokes:14G HTSS<\/p>\n<p>L\u1ed1p xe\/Tires:QUICKSAND PLUS 27.5&#215;2.1 30TPI<\/p>\n<h4>KHA\u0301C<\/h4>\n<p>Th\u00eam\/Extras:M\u1ed9t s\u1ed1 linh ki\u1ec7n c\u00f3 th\u1ec3 thay th\u1ebf lo\u1ea1i t\u01b0\u01a1ng \u0111\u01b0\u01a1ng kh\u00f4ng b\u00e1o tr\u01b0\u1edbc<\/p>\n<\/div>\n<div class=\"box_list_tt\">\n<h4>CA\u0301C B\u00d4\u0323 PH\u00c2\u0323N<\/h4>\n<p>Ghi \u0111\u00f4ng\/Handlebar:H\u1ee3p kim nh\u00f4m, 31.8mm<\/p>\n<p>P\u00f4 t\u0103ng\/Stem:H\u1ee3p kim nh\u00f4m, 31.8mm, t\u0103ng 6 \u0111\u1ed9<\/p>\n<p>C\u1ecdc y\u00ean\/Seatpost:H\u1ee3p kim nh\u00f4m, 30,9mm<\/p>\n<p>Y\u00ean\/Saddle:LIV ERGO CONTACT<\/p>\n<p>Ba\u0300n \u0111a\u0323p\/Pedals:C\u00f3 s\u1eb5n<\/p>\n<h4>B\u00d4\u0323 TRUY\u00ca\u0300N \u0110\u00d4\u0323NG<\/h4>\n<p>Tay \u0111\u1ec1\/Shifters:MPH 2x11S<\/p>\n<p>B\u1ed9 chuy\u1ec3n \u0111\u1ec1 tr\u01b0\u1edbc\/Front Derailleur:SHIMANO CUES 2S<\/p>\n<p>B\u1ed9 chuy\u1ec3n \u0111\u1ec1 sau\/Rear Derailleur:SHIMANO CUES 11S<\/p>\n<p>Phanh\/Brakes:\u0110\u0129a d\u1ea7u MPH<\/p>\n<p>Tay phanh\/Brake Levers:MPH<\/p>\n<p>L\u00edp\/Cassette:SHIMANO CUES 11-45T 11S<\/p>\n<p>X\u00edch\/Chain:KMC X11<\/p>\n<p>\u0110\u00f9i \u0111\u0129a\/Crankset:H\u1ee3p kim nh\u00f4m 22\/36T, 2-PC<\/p>\n<\/div>\n","protected":false},"excerpt":{"rendered":"<p>Xe \u0111\u1ea1p \u0111\u1ecba h\u00ecnh\u00a0<strong>LIV 2026 TEMPT 1<\/strong>\u00a0d\u00e0nh ri\u00eang cho ph\u00e1i n\u1eef. Thi\u1ebft k\u1ebf mang phong c\u00e1ch th\u1ec3 thao c\u00e1 t\u00ednh khi \u0111\u1ea1p xe. \u0110\u01b0\u1ee3c trang b\u1ecb phu\u1ed9c nh\u00fan\u00a0<strong>SXC2 TA<\/strong>\u00a0gi\u00fap xe \u00eam \u00e1i h\u01a1n khi di chuy\u1ec3n cung \u0111\u01b0\u1eddng g\u1ed3 gh\u1ec1.<\/p>\n<p>Ch\u1ea5t li\u1ec7u khung\u00a0<strong>LIV ALUXX SL<\/strong>\u00a0h\u1ee3p kim nh\u00f4m si\u00eau nh\u1eb9 v\u00e0 v\u1eabn \u0111\u1ea3m b\u1ea3o \u0111\u1ed9 c\u1ee9ng an to\u00e0n cao trong qu\u00e1 tr\u00ecnh \u0111\u1ea1p xe.<\/p>\n<p>B\u1ed9 chuy\u1ec3n \u0111\u1ec1\u00a0<strong>SHIMANO CUES 2\u00d711 t\u1ed1c \u0111\u1ed9<\/strong>, mang l\u1ea1i tr\u1ea3i nghi\u1ec7m linh ho\u1ea1t h\u01a1n, \u00eam \u00e1i h\u01a1n tr\u00ean nhi\u1ec1u lo\u1ea1i \u0111\u1ecba h\u00ecnh.<\/p>\n<p>H\u1ec7 th\u1ed1ng\u00a0<strong>phanh \u0111\u0129a d\u1ea7u MPH<\/strong>\u00a0nh\u1eb9 nh\u00e0ng, an to\u00e0n khi \u0111\u1ea1p xe tr\u00ean nhi\u1ec1u lo\u1ea1i \u0111\u1ecba h\u00ecnh.<\/p>\n<p>&nbsp;<\/p>\n","protected":false},"featured_media":11361,"comment_status":"closed","ping_status":"closed","template":"","meta":[],"product_cat":[72],"product_tag":[],"class_list":["post-11360","product","type-product","status-publish","has-post-thumbnail","hentry","product_cat-xe-dap-dia-hinh"],"_links":{"self":[{"href":"https:\/\/xedop.com\/en\/wp-json\/wp\/v2\/product\/11360","targetHints":{"allow":["GET"]}}],"collection":[{"href":"https:\/\/xedop.com\/en\/wp-json\/wp\/v2\/product"}],"about":[{"href":"https:\/\/xedop.com\/en\/wp-json\/wp\/v2\/types\/product"}],"replies":[{"embeddable":true,"href":"https:\/\/xedop.com\/en\/wp-json\/wp\/v2\/comments?post=11360"}],"version-history":[{"count":1,"href":"https:\/\/xedop.com\/en\/wp-json\/wp\/v2\/product\/11360\/revisions"}],"predecessor-version":[{"id":11363,"href":"https:\/\/xedop.com\/en\/wp-json\/wp\/v2\/product\/11360\/revisions\/11363"}],"wp:featuredmedia":[{"embeddable":true,"href":"https:\/\/xedop.com\/en\/wp-json\/wp\/v2\/media\/11361"}],"wp:attachment":[{"href":"https:\/\/xedop.com\/en\/wp-json\/wp\/v2\/media?parent=11360"}],"wp:term":[{"taxonomy":"product_cat","embeddable":true,"href":"https:\/\/xedop.com\/en\/wp-json\/wp\/v2\/product_cat?post=11360"},{"taxonomy":"product_tag","embeddable":true,"href":"https:\/\/xedop.com\/en\/wp-json\/wp\/v2\/product_tag?post=11360"}],"curies":[{"name":"wp","href":"https:\/\/api.w.org\/{rel}","templated":true}]}}