{"id":11365,"date":"2025-10-24T15:57:53","date_gmt":"2025-10-24T08:57:53","guid":{"rendered":"https:\/\/xedop.com\/?post_type=product&#038;p=11365"},"modified":"2025-10-24T15:57:53","modified_gmt":"2025-10-24T08:57:53","slug":"xe-dap-liv-2026-aimez-sl-1","status":"publish","type":"product","link":"https:\/\/xedop.com\/en\/san-pham\/xe-dap-liv-2026-aimez-sl-1\/","title":{"rendered":"Xe \u0111\u1ea1p LIV 2026 AIMEZ SL 1"},"content":{"rendered":"<div class=\"box_list_tt\">\n<h4>KHUNG<\/h4>\n<p>K\u00edch c\u1ee1\/Sizes:XS, S<\/p>\n<p>M\u00e0u s\u1eafc\/Colors:Ghi, T\u00edm nh\u1ea1t<\/p>\n<p>Ch\u1ea5t li\u1ec7u khung\/Frame:LIV Aluminum<\/p>\n<p>Phu\u1ed9c\/Fork:S\u1ee3i carbon<\/p>\n<p>Gi\u1ea3m x\u00f3c\/Shock:&#8212;<\/p>\n<h4>H\u00ca\u0323 TH\u00d4\u0301NG BA\u0301NH XE<\/h4>\n<p>V\u00e0nh xe\/Rims:H\u1ee3p kim nh\u00f4m 2 l\u1edbp<\/p>\n<p>Moay \u01a1\/Hubs:H\u1ee3p kim nh\u00f4m 2 l\u1edbp<\/p>\n<p>Nan hoa\/Spokes:14G HTSS<\/p>\n<p>L\u1ed1p xe\/Tires:700X38C 60TPI, F\/V<\/p>\n<h4>KHA\u0301C<\/h4>\n<p>Th\u00eam\/Extras:M\u1ed9t s\u1ed1 linh ki\u1ec7n c\u00f3 th\u1ec3 thay th\u1ebf lo\u1ea1i t\u01b0\u01a1ng \u0111\u01b0\u01a1ng kh\u00f4ng b\u00e1o tr\u01b0\u1edbc<\/p>\n<\/div>\n<div class=\"box_list_tt\">\n<h4>CA\u0301C B\u00d4\u0323 PH\u00c2\u0323N<\/h4>\n<p>Ghi \u0111\u00f4ng\/Handlebar:H\u1ee3p kim nh\u00f4m<\/p>\n<p>P\u00f4 t\u0103ng\/Stem:H\u1ee3p kim nh\u00f4m<\/p>\n<p>C\u1ecdc y\u00ean\/Seatpost:S\u1ee3i carbon ch\u1eef D<\/p>\n<p>Y\u00ean\/Saddle:LIV ERGO CONTACT<\/p>\n<p>Ba\u0300n \u0111a\u0323p\/Pedals:C\u00f3 s\u1eb5n<\/p>\n<h4>B\u00d4\u0323 TRUY\u00ca\u0300N \u0110\u00d4\u0323NG<\/h4>\n<p>Tay \u0111\u1ec1\/Shifters:SHIMANO TIAGRA 2X10S<\/p>\n<p>B\u1ed9 chuy\u1ec3n \u0111\u1ec1 tr\u01b0\u1edbc\/Front Derailleur:SHIMANO FD-4700<\/p>\n<p>B\u1ed9 chuy\u1ec3n \u0111\u1ec1 sau\/Rear Derailleur:SHIMANO FD-4700<\/p>\n<p>Phanh\/Brakes:\u0110\u0129a d\u1ea7u SHIMANO FM<\/p>\n<p>Tay phanh\/Brake Levers:H\u1ee3p kim nh\u00f4m<\/p>\n<p>L\u00edp\/Cassette:SHIMANO CS-HG500-10 11-34T<\/p>\n<p>X\u00edch\/Chain:KMC 10S<\/p>\n<p>\u0110\u00f9i \u0111\u0129a\/Crankset:H\u1ee3p kim nh\u00f4m, 34\/48T<\/p>\n<\/div>\n","protected":false},"excerpt":{"rendered":"<p><strong>Aimez<\/strong>\u00a0trong ti\u1ebfng Ph\u00e1p l\u00e0 y\u00eau qu\u00fd, qu\u00fd tr\u1ecdng, phi\u00ean b\u1ea3n\u00a0<strong>LIV 2026 AIMEZ SL 1<\/strong>\u00a0t\u00ednh n\u0103ng th\u00f4ng minh c\u1ee7a d\u00f2ng xe\u00a0<strong>Road<\/strong>\u00a0tay ngang th\u1ec3 hi\u1ec7n nh\u1eefng n\u00e9t \u0111\u1eb9p c\u1ee7a ng\u01b0\u1eddi ph\u1ee5 n\u1eef. Liv hy v\u1ecdng Aimez c\u00f3 th\u1ec3 qu\u00fd tr\u1ecdng b\u1ea1n, l\u00e0m \u0111\u1eb9p b\u1ea1n, \u0111em l\u1ea1i cho b\u1ea1n c\u1ea3m gi\u00e1c tr\u1ea3i nghi\u1ec7m ch\u01b0a t\u1eebng c\u00f3.<\/p>\n<p>Khung\u00a0<strong>LIV Aluminum<\/strong>\u00a0kh\u00f4ng c\u1ea7n gi\u1ea3m \u0111\u1ed9 c\u1ee9ng m\u00e0 v\u1eabn nh\u1eb9, ph\u00f9 h\u1ee3p v\u1edbi n\u1eef gi\u1edbi, \u0111\u1ea1t \u0111\u1ed9 ti\u00eau chu\u1ea9n an to\u00e0n cao.<\/p>\n<p>H\u1ec7 th\u1ed1ng phanh\u00a0<strong>\u0111\u0129a \u0111\u1ea7u SHIMANO FM<\/strong>, 3 ng\u00f3n tay c\u00f3 th\u1ec3 phanh d\u1ec5 d\u00e0ng.<\/p>\n<p>B\u1ed9 truy\u1ec1n \u0111\u1ed9ng\u00a0<strong>SHIMANO FD-4700<\/strong>\u00a0cao c\u1ea5p, chuy\u1ec3n s\u1ed1 nh\u1eb9 nh\u00e0ng<\/p>\n","protected":false},"featured_media":11368,"comment_status":"closed","ping_status":"closed","template":"","meta":[],"product_cat":[70],"product_tag":[],"class_list":["post-11365","product","type-product","status-publish","has-post-thumbnail","hentry","product_cat-xe-dap-duong-hon-hop"],"_links":{"self":[{"href":"https:\/\/xedop.com\/en\/wp-json\/wp\/v2\/product\/11365","targetHints":{"allow":["GET"]}}],"collection":[{"href":"https:\/\/xedop.com\/en\/wp-json\/wp\/v2\/product"}],"about":[{"href":"https:\/\/xedop.com\/en\/wp-json\/wp\/v2\/types\/product"}],"replies":[{"embeddable":true,"href":"https:\/\/xedop.com\/en\/wp-json\/wp\/v2\/comments?post=11365"}],"version-history":[{"count":1,"href":"https:\/\/xedop.com\/en\/wp-json\/wp\/v2\/product\/11365\/revisions"}],"predecessor-version":[{"id":11370,"href":"https:\/\/xedop.com\/en\/wp-json\/wp\/v2\/product\/11365\/revisions\/11370"}],"wp:featuredmedia":[{"embeddable":true,"href":"https:\/\/xedop.com\/en\/wp-json\/wp\/v2\/media\/11368"}],"wp:attachment":[{"href":"https:\/\/xedop.com\/en\/wp-json\/wp\/v2\/media?parent=11365"}],"wp:term":[{"taxonomy":"product_cat","embeddable":true,"href":"https:\/\/xedop.com\/en\/wp-json\/wp\/v2\/product_cat?post=11365"},{"taxonomy":"product_tag","embeddable":true,"href":"https:\/\/xedop.com\/en\/wp-json\/wp\/v2\/product_tag?post=11365"}],"curies":[{"name":"wp","href":"https:\/\/api.w.org\/{rel}","templated":true}]}}