{"id":11376,"date":"2025-10-29T14:25:00","date_gmt":"2025-10-29T07:25:00","guid":{"rendered":"https:\/\/xedop.com\/?post_type=product&#038;p=11376"},"modified":"2025-11-03T15:12:35","modified_gmt":"2025-11-03T08:12:35","slug":"xich-xe-dap-sram-pc-1110-11spd-114links","status":"publish","type":"product","link":"https:\/\/xedop.com\/en\/san-pham\/xich-xe-dap-sram-pc-1110-11spd-114links\/","title":{"rendered":"X\u00edch xe \u0111\u1ea1p Sram Pc-1110 11spd 114links"},"content":{"rendered":"<p>Th\u00f4ng s\u1ed1 k\u1ef9 thu\u1eadt:<\/p>\n<ul>\n<li>S\u1ed1 t\u1ed1c \u0111\u1ed9: 11s<\/li>\n<li>Chi\u1ec1u d\u00e0i (s\u1ed1 m\u1eaft x\u00edch): 114 links<\/li>\n<li>M\u00e0u x\u00edch b\u00ean ngo\u00e0i: X\u00e1m<\/li>\n<li>M\u00e0u x\u00edch b\u00ean trong: X\u00e1m<\/li>\n<li>Ch\u1ed1t x\u00edch: Powerlock<\/li>\n<li>V\u1eadt li\u1ec7u m\u1eaft x\u00edch trong: Polished<\/li>\n<li>V\u1eadt li\u1ec7u m\u1eaft x\u00edch ngo\u00e0i: Polished<\/li>\n<li>C\u1ea5u tr\u00fac ch\u1ed1t: Solid pin &#8211; ch\u1ed1t \u0111\u1eb7c<\/li>\n<li>C\u00f4ng ngh\u1ec7: 11 speed powerchain<\/li>\n<li>T\u01b0\u01a1ng th\u00edch: B\u1ed9 truy\u1ec1n \u0111\u1ed9ng Sram 1x<\/li>\n<li>Tr\u1ecdng l\u01b0\u1ee3ng: 259 gram<\/li>\n<\/ul>\n","protected":false},"excerpt":{"rendered":"<p>PC-1110 l\u00e0 d\u00f2ng x\u00edch 11 t\u1ed1c \u0111\u1ed9 v\u1edbi m\u1ee9c gi\u00e1 h\u1ee3p l\u00fd, tr\u1ecdng l\u01b0\u1ee3ng nh\u1eb9. Trang b\u1ecb c\u00f4ng ngh\u1ec7 Powerlock t\u00e2n ti\u1ebfn. \u0110\u01b0\u1ee3c t\u1ed1i \u01b0u h\u00f3a \u0111\u1ec3 ho\u1ea1t \u0111\u1ed9ng v\u1edbi c\u00e1c \u0111\u0129a X-SNYC cho hi\u1ec7u su\u1ea5t 11 t\u1ed1c \u0111\u1ed9 ch\u00ednh x\u00e1c v\u00e0 \u0111\u00e1ng tin c\u1eady. Ho\u00e0n to\u00e0n t\u01b0\u01a1ng th\u00edch v\u1edbi c\u00e1c h\u1ec7 th\u1ed1ng truy\u1ec1n \u0111\u1ed9ng Sram 1x<\/p>\n","protected":false},"featured_media":11377,"comment_status":"closed","ping_status":"closed","template":"","meta":[],"product_cat":[113],"product_tag":[],"class_list":["post-11376","product","type-product","status-publish","has-post-thumbnail","hentry","product_cat-xich"],"_links":{"self":[{"href":"https:\/\/xedop.com\/en\/wp-json\/wp\/v2\/product\/11376","targetHints":{"allow":["GET"]}}],"collection":[{"href":"https:\/\/xedop.com\/en\/wp-json\/wp\/v2\/product"}],"about":[{"href":"https:\/\/xedop.com\/en\/wp-json\/wp\/v2\/types\/product"}],"replies":[{"embeddable":true,"href":"https:\/\/xedop.com\/en\/wp-json\/wp\/v2\/comments?post=11376"}],"version-history":[{"count":3,"href":"https:\/\/xedop.com\/en\/wp-json\/wp\/v2\/product\/11376\/revisions"}],"predecessor-version":[{"id":11412,"href":"https:\/\/xedop.com\/en\/wp-json\/wp\/v2\/product\/11376\/revisions\/11412"}],"wp:featuredmedia":[{"embeddable":true,"href":"https:\/\/xedop.com\/en\/wp-json\/wp\/v2\/media\/11377"}],"wp:attachment":[{"href":"https:\/\/xedop.com\/en\/wp-json\/wp\/v2\/media?parent=11376"}],"wp:term":[{"taxonomy":"product_cat","embeddable":true,"href":"https:\/\/xedop.com\/en\/wp-json\/wp\/v2\/product_cat?post=11376"},{"taxonomy":"product_tag","embeddable":true,"href":"https:\/\/xedop.com\/en\/wp-json\/wp\/v2\/product_tag?post=11376"}],"curies":[{"name":"wp","href":"https:\/\/api.w.org\/{rel}","templated":true}]}}