{"id":11391,"date":"2025-10-29T14:54:21","date_gmt":"2025-10-29T07:54:21","guid":{"rendered":"https:\/\/xedop.com\/?post_type=product&#038;p=11391"},"modified":"2025-11-03T15:12:56","modified_gmt":"2025-11-03T08:12:56","slug":"xich-xe-dap-sram-nx-eagle-126-links","status":"publish","type":"product","link":"https:\/\/xedop.com\/en\/san-pham\/xich-xe-dap-sram-nx-eagle-126-links\/","title":{"rendered":"X\u00edch xe \u0111\u1ea1p Sram NX EAGLE, 126-LINKS"},"content":{"rendered":"<p>Th\u00f4ng s\u1ed1 k\u1ef9 thu\u1eadt:<\/p>\n<ul>\n<li>S\u1ed1 t\u1ed1c \u0111\u1ed9: 12s<\/li>\n<li>Chi\u1ec1u d\u00e0i (s\u1ed1 m\u1eaft x\u00edch): 126 links<\/li>\n<li>M\u00e0u x\u00edch: X\u00e1m<\/li>\n<li>Ch\u1ed1t x\u00edch: Powerlock<\/li>\n<li>C\u1ea5u tr\u00fac ch\u1ed1t: Solid pin &#8211; ch\u1ed1t \u0111\u1eb7c<\/li>\n<li>T\u01b0\u01a1ng th\u00edch: B\u1ed9 truy\u1ec1n \u0111\u1ed9ng Sram 1x<\/li>\n<li>Tr\u1ecdng l\u01b0\u1ee3ng: 259 gram<\/li>\n<\/ul>\n","protected":false},"excerpt":{"rendered":"<p>N\u1ec1n m\u00f3ng t\u1ea1o n\u00ean hi\u1ec7u su\u1ea5t c\u1ee7a h\u1ec7 th\u1ed1ng truy\u1ec1n \u0111\u1ed9ng 12 t\u1ed1c \u0111\u1ed9 Eagle ch\u00ednh l\u00e0 c\u1ea5u tr\u00fac x\u00edch. X\u00edch NX Eagle \u0111\u01b0\u1ee3c thi\u1ebft k\u1ebf v\u00e0 s\u1ea3n xu\u1ea5t d\u1ef1a tr\u00ean c\u1ea5u tr\u00fac \u0111\u1ed9c \u0111\u00e1o c\u1ee7a n\u1ec1n t\u1ea3ng Eagle, nh\u1edd v\u1eady n\u00f3 t\u01b0\u01a1ng th\u00edch v\u1edbi t\u1ea5t c\u1ea3 ph\u1ee5 t\u00f9ng kh\u00e1c trong c\u00f9ng h\u1ec7 sinh th\u00e1i Eagle. X\u00edch NX Eagle s\u1eed d\u1ee5ng ch\u1ed1t \u0111\u1eb7c, kh\u00f3a x\u00edch Powerlock hi\u1ec7u su\u1ea5t cao, \u0111\u01a1n gi\u1ea3n, m\u01b0\u1ee3t m\u00e0.<\/p>\n","protected":false},"featured_media":11392,"comment_status":"closed","ping_status":"closed","template":"","meta":[],"product_cat":[113],"product_tag":[],"class_list":["post-11391","product","type-product","status-publish","has-post-thumbnail","hentry","product_cat-xich"],"_links":{"self":[{"href":"https:\/\/xedop.com\/en\/wp-json\/wp\/v2\/product\/11391","targetHints":{"allow":["GET"]}}],"collection":[{"href":"https:\/\/xedop.com\/en\/wp-json\/wp\/v2\/product"}],"about":[{"href":"https:\/\/xedop.com\/en\/wp-json\/wp\/v2\/types\/product"}],"replies":[{"embeddable":true,"href":"https:\/\/xedop.com\/en\/wp-json\/wp\/v2\/comments?post=11391"}],"version-history":[{"count":2,"href":"https:\/\/xedop.com\/en\/wp-json\/wp\/v2\/product\/11391\/revisions"}],"predecessor-version":[{"id":11414,"href":"https:\/\/xedop.com\/en\/wp-json\/wp\/v2\/product\/11391\/revisions\/11414"}],"wp:featuredmedia":[{"embeddable":true,"href":"https:\/\/xedop.com\/en\/wp-json\/wp\/v2\/media\/11392"}],"wp:attachment":[{"href":"https:\/\/xedop.com\/en\/wp-json\/wp\/v2\/media?parent=11391"}],"wp:term":[{"taxonomy":"product_cat","embeddable":true,"href":"https:\/\/xedop.com\/en\/wp-json\/wp\/v2\/product_cat?post=11391"},{"taxonomy":"product_tag","embeddable":true,"href":"https:\/\/xedop.com\/en\/wp-json\/wp\/v2\/product_tag?post=11391"}],"curies":[{"name":"wp","href":"https:\/\/api.w.org\/{rel}","templated":true}]}}