{"id":11462,"date":"2025-12-09T15:11:34","date_gmt":"2025-12-09T08:11:34","guid":{"rendered":"https:\/\/xedop.com\/?post_type=product&#038;p=11462"},"modified":"2025-12-09T15:11:34","modified_gmt":"2025-12-09T08:11:34","slug":"bo-dung-cu-giant-pocket-cube","status":"publish","type":"product","link":"https:\/\/xedop.com\/en\/san-pham\/bo-dung-cu-giant-pocket-cube\/","title":{"rendered":"B\u1ed9 d\u1ee5ng c\u1ee5 GIANT \u2013 POCKET CUBE"},"content":{"rendered":"<ul data-start=\"93\" data-end=\"380\">\n<li data-start=\"93\" data-end=\"152\">\n<p data-start=\"95\" data-end=\"152\">Thi\u1ebft k\u1ebf d\u1ea1ng th\u1ebb, mang l\u1ea1i c\u1ea3m gi\u00e1c c\u1ea7m n\u1eafm tho\u1ea3i m\u00e1i.<\/p>\n<\/li>\n<li data-start=\"153\" data-end=\"201\">\n<p data-start=\"155\" data-end=\"201\">C\u1edd l\u00ea vu\u00f4ng gi\u00fap s\u1eafp x\u1ebfp g\u1ecdn g\u00e0ng, ti\u1ec7n l\u1ee3i.<\/p>\n<\/li>\n<li data-start=\"202\" data-end=\"241\">\n<p data-start=\"204\" data-end=\"241\">T\u00edch h\u1ee3p d\u1ee5ng c\u1ee5 s\u1eeda l\u1ed1p ti\u1ec7n d\u1ee5ng.<\/p>\n<\/li>\n<li data-start=\"242\" data-end=\"278\">\n<p data-start=\"244\" data-end=\"278\">M\u1ea1 h\u1ee3p kim b\u1ec1n b\u1ec9, \u0111\u00e1ng tin c\u1eady.<\/p>\n<\/li>\n<li data-start=\"279\" data-end=\"380\">\n<p data-start=\"281\" data-end=\"380\">B\u1ed9 s\u1ea3n ph\u1ea9m bao g\u1ed3m: H2.5, H3, H4, H5, H6, T25, PH1, SL4; c\u00f9ng 5 mi\u1ebfng v\u00e1 l\u1ed1p tr\u00f2n kh\u00f4ng c\u1ea7n keo.<\/p>\n<\/li>\n<li data-start=\"279\" data-end=\"380\">SKU: 605200891<\/li>\n<\/ul>\n","protected":false},"excerpt":{"rendered":"<p>Thi\u1ebft k\u1ebf d\u1ea1ng th\u1ebb, mang l\u1ea1i c\u1ea3m gi\u00e1c c\u1ea7m n\u1eafm tho\u1ea3i m\u00e1i. C\u1edd l\u00ea vu\u00f4ng gi\u00fap s\u1eafp x\u1ebfp g\u1ecdn g\u00e0ng, ti\u1ec7n l\u1ee3i. T\u00edch h\u1ee3p d\u1ee5ng c\u1ee5<span class=\"excerpt-hellip\"> [\u2026]<\/span><\/p>\n","protected":false},"featured_media":11463,"comment_status":"closed","ping_status":"closed","template":"","meta":[],"product_cat":[84],"product_tag":[],"class_list":["post-11462","product","type-product","status-publish","has-post-thumbnail","hentry","product_cat-dung-cu-sua-chua"],"_links":{"self":[{"href":"https:\/\/xedop.com\/en\/wp-json\/wp\/v2\/product\/11462","targetHints":{"allow":["GET"]}}],"collection":[{"href":"https:\/\/xedop.com\/en\/wp-json\/wp\/v2\/product"}],"about":[{"href":"https:\/\/xedop.com\/en\/wp-json\/wp\/v2\/types\/product"}],"replies":[{"embeddable":true,"href":"https:\/\/xedop.com\/en\/wp-json\/wp\/v2\/comments?post=11462"}],"version-history":[{"count":1,"href":"https:\/\/xedop.com\/en\/wp-json\/wp\/v2\/product\/11462\/revisions"}],"predecessor-version":[{"id":11473,"href":"https:\/\/xedop.com\/en\/wp-json\/wp\/v2\/product\/11462\/revisions\/11473"}],"wp:featuredmedia":[{"embeddable":true,"href":"https:\/\/xedop.com\/en\/wp-json\/wp\/v2\/media\/11463"}],"wp:attachment":[{"href":"https:\/\/xedop.com\/en\/wp-json\/wp\/v2\/media?parent=11462"}],"wp:term":[{"taxonomy":"product_cat","embeddable":true,"href":"https:\/\/xedop.com\/en\/wp-json\/wp\/v2\/product_cat?post=11462"},{"taxonomy":"product_tag","embeddable":true,"href":"https:\/\/xedop.com\/en\/wp-json\/wp\/v2\/product_tag?post=11462"}],"curies":[{"name":"wp","href":"https:\/\/api.w.org\/{rel}","templated":true}]}}