{"id":11519,"date":"2025-12-20T10:39:27","date_gmt":"2025-12-20T03:39:27","guid":{"rendered":"https:\/\/xedop.com\/?post_type=product&#038;p=11519"},"modified":"2026-04-21T18:20:23","modified_gmt":"2026-04-21T11:20:23","slug":"xe-dap-liv-2025-meme-24","status":"publish","type":"product","link":"https:\/\/xedop.com\/en\/san-pham\/xe-dap-liv-2025-meme-24\/","title":{"rendered":"Xe \u0111\u1ea1p LIV 2025 MEME 24"},"content":{"rendered":"<div class=\"box_list_tt\">\n<h4>KHUNG<\/h4>\n<p>K\u00edch c\u1ee1\/Sizes:&#8212;<\/p>\n<p>M\u00e0u s\u1eafc\/Colors:T\u00edm nh\u1ea1t<\/p>\n<p>Ch\u1ea5t li\u1ec7u khung\/Frame:H\u1ee3p kim nh\u00f4m<\/p>\n<p>Phu\u1ed9c\/Fork:Th\u00e9p Carbon<\/p>\n<p>Gi\u1ea3m x\u00f3c\/Shock:&#8212;<\/p>\n<h4>H\u00ca\u0323 TH\u00d4\u0301NG BA\u0301NH XE<\/h4>\n<p>V\u00e0nh xe\/Rims:H\u1ee3p kim nh\u00f4m 2 l\u1edbp<\/p>\n<p>Moay \u01a1\/Hubs:H\u1ee3p kim nh\u00f4m<\/p>\n<p>Nan hoa\/Spokes:14G HTSS<\/p>\n<p>L\u1ed1p xe\/Tires:24\u201dX1.95\u201d A\/V<\/p>\n<h4>KHA\u0301C<\/h4>\n<p>Th\u00eam\/Extras:M\u1ed9t s\u1ed1 linh ki\u1ec7n c\u00f3 th\u1ec3 thay th\u1ebf lo\u1ea1i t\u01b0\u01a1ng \u0111\u01b0\u01a1ng kh\u00f4ng b\u00e1o tr\u01b0\u1edbc<\/p>\n<\/div>\n<div class=\"box_list_tt\">\n<h4>CA\u0301C B\u00d4\u0323 PH\u00c2\u0323N<\/h4>\n<p>Ghi \u0111\u00f4ng\/Handlebar:H\u1ee3p kim nh\u00f4m 560mm, c\u00f3 th\u1ec3 n\u00e2ng l\u00ean 20 mm<\/p>\n<p>P\u00f4 t\u0103ng\/Stem:H\u1ee3p kim nh\u00f4m<\/p>\n<p>C\u1ecdc y\u00ean\/Seatpost:H\u1ee3p kim nh\u00f4m 30,9*250mm<\/p>\n<p>Y\u00ean\/Saddle:LIV Sport<\/p>\n<p>Ba\u0300n \u0111a\u0323p\/Pedals:C\u00f3 s\u1eb5n<\/p>\n<h4>B\u00d4\u0323 TRUY\u00ca\u0300N \u0110\u00d4\u0323NG<\/h4>\n<p>Tay \u0111\u1ec1\/Shifters:SHIMANO TOURNEY 3x8S<\/p>\n<p>B\u1ed9 chuy\u1ec3n \u0111\u1ec1 tr\u01b0\u1edbc\/Front Derailleur:SHIMANO TOURNEY 3S<\/p>\n<p>B\u1ed9 chuy\u1ec3n \u0111\u1ec1 sau\/Rear Derailleur:SHIMANO TOURNEY 8S<\/p>\n<p>Phanh\/Brakes:\u0110\u0129a d\u1ea7u h\u1ee3p kim nh\u00f4m<\/p>\n<p>Tay phanh\/Brake Levers:H\u1ee3p kim nh\u00f4m<\/p>\n<p>L\u00edp\/Cassette:SHIMANO TOURNEY 8S 12-32T<\/p>\n<p>X\u00edch\/Chain:KMC 8S<\/p>\n<p>\u0110\u00f9i \u0111\u0129a\/Crankset:42\/34\/24T<\/p>\n<\/div>\n","protected":false},"excerpt":{"rendered":"<p>Khung xe h\u1ee3p kim nh\u00f4m v\u1edbi thi\u1ebft k\u1ebf h\u00ecnh h\u1ecdc ph\u00f9 h\u1ee3p cho thanh thi\u1ebfu ni\u00ean, gi\u00fap t\u01b0 th\u1ebf ng\u1ed3i l\u00e1i tho\u1ea3i m\u00e1i v\u00e0 t\u1ef1 nhi\u00ean h\u01a1n.<\/p>\n<p>Phanh \u0111\u0129a th\u1ee7y l\u1ef1c h\u1ee3p kim nh\u00f4m, \u0111\u1ea3m b\u1ea3o \u0111\u1ed9 tin c\u1eady v\u00e0 an to\u00e0n cao khi phanh.<\/p>\n<p>H\u1ec7 th\u1ed1ng truy\u1ec1n \u0111\u1ed9ng\u00a0SHIMANO TOURNEY\u00a03\u00d78 t\u1ed1c \u0111\u1ed9, mang l\u1ea1i hi\u1ec7u su\u1ea5t chuy\u1ec3n s\u1ed1 ch\u00ednh x\u00e1c v\u00e0 \u1ed5n \u0111\u1ecbnh.<\/p>\n<p>&nbsp;<\/p>\n","protected":false},"featured_media":11520,"comment_status":"closed","ping_status":"closed","template":"","meta":[],"product_cat":[68],"product_tag":[],"class_list":["post-11519","product","type-product","status-publish","has-post-thumbnail","hentry","product_cat-xe-dap-tre-em"],"_links":{"self":[{"href":"https:\/\/xedop.com\/en\/wp-json\/wp\/v2\/product\/11519","targetHints":{"allow":["GET"]}}],"collection":[{"href":"https:\/\/xedop.com\/en\/wp-json\/wp\/v2\/product"}],"about":[{"href":"https:\/\/xedop.com\/en\/wp-json\/wp\/v2\/types\/product"}],"replies":[{"embeddable":true,"href":"https:\/\/xedop.com\/en\/wp-json\/wp\/v2\/comments?post=11519"}],"version-history":[{"count":1,"href":"https:\/\/xedop.com\/en\/wp-json\/wp\/v2\/product\/11519\/revisions"}],"predecessor-version":[{"id":11522,"href":"https:\/\/xedop.com\/en\/wp-json\/wp\/v2\/product\/11519\/revisions\/11522"}],"wp:featuredmedia":[{"embeddable":true,"href":"https:\/\/xedop.com\/en\/wp-json\/wp\/v2\/media\/11520"}],"wp:attachment":[{"href":"https:\/\/xedop.com\/en\/wp-json\/wp\/v2\/media?parent=11519"}],"wp:term":[{"taxonomy":"product_cat","embeddable":true,"href":"https:\/\/xedop.com\/en\/wp-json\/wp\/v2\/product_cat?post=11519"},{"taxonomy":"product_tag","embeddable":true,"href":"https:\/\/xedop.com\/en\/wp-json\/wp\/v2\/product_tag?post=11519"}],"curies":[{"name":"wp","href":"https:\/\/api.w.org\/{rel}","templated":true}]}}