{"id":11541,"date":"2026-04-21T14:10:42","date_gmt":"2026-04-21T07:10:42","guid":{"rendered":"https:\/\/xedop.com\/?post_type=product&#038;p=11541"},"modified":"2026-04-21T18:23:21","modified_gmt":"2026-04-21T11:23:21","slug":"xe-dien-tro-luc-giant-2023-fathom-e-0-pro","status":"publish","type":"product","link":"https:\/\/xedop.com\/en\/san-pham\/xe-dien-tro-luc-giant-2023-fathom-e-0-pro\/","title":{"rendered":"Xe \u0111i\u1ec7n tr\u1ee3 l\u1ef1c GIANT 2023 FATHOM E+ 0 PRO"},"content":{"rendered":"<table>\n<tbody>\n<tr>\n<td><strong>TH\u00d4NG S\u1ed0 K\u1ef8 THU\u1eacT<\/strong><\/td>\n<td><\/td>\n<\/tr>\n<tr>\n<td>Khung: H\u1ee3p kim nh\u00f4m si\u00eau nh\u1eb9 c\u01b0\u1eddng \u0111\u1ed9 cao GIANT ALUXX<\/td>\n<td>L\u1ed1p: MAXXIS 27.5\u201dX2.4 60TPI \u0111\u1ed9 b\u00e1m cao<\/td>\n<\/tr>\n<tr>\n<td>Phu\u1ed9c: Phu\u1ed9c treo th\u1ee7y l\u1ef1c \u0111i\u1ec1u ch\u1ec9nh 27,5\u2033 (h\u00e0nh tr\u00ecnh 120mm)<\/td>\n<td>Phanh: H\u1ec7 th\u1ed1ng phanh \u0111\u0129a th\u1ee7y l\u1ef1c hi\u1ec7u su\u1ea5t cao (b\u00ecnh ch\u1ee9a d\u1ea7u th\u1ee7y l\u1ef1c t\u00edch h\u1ee3p). Phanh \u0111\u0129a 180mm \u1edf c\u1ea3 tr\u01b0\u1edbc v\u00e0 sau<\/td>\n<\/tr>\n<tr>\n<td>Size: L<\/td>\n<td>C\u1ecdc y\u00ean: \u0110i\u1ec1u ch\u1ec9nh \u0111\u01b0\u1ee3c b\u1eb1ng h\u1ee3p kim nh\u00f4m<\/td>\n<\/tr>\n<tr>\n<td>C\u1ecdc y\u00ean: \u0110i\u1ec1u ch\u1ec9nh \u0111\u01b0\u1ee3c b\u1eb1ng h\u1ee3p kim nh\u00f4m<\/td>\n<td>B\u1ed9 chuy\u1ec3n \u0111\u1ed9ng: SHIMANO DEORE 1x11S<\/td>\n<\/tr>\n<tr>\n<td>Y\u00ean:Ti\u1ec7n d\u1ee5ng<\/td>\n<td>Tr\u1ecdng l\u01b0\u1ee3ng: 25,5kg (bao g\u1ed3m pin 4,06kg)<\/td>\n<\/tr>\n<tr>\n<td><\/td>\n<td><\/td>\n<\/tr>\n<tr>\n<td><strong>H\u1ec6 TH\u1ed0NG \u0110I\u1ec6N T\u1eec<\/strong><\/td>\n<td><\/td>\n<\/tr>\n<tr>\n<td>Ch\u1ebf \u0111\u1ed9: H\u1ec7 th\u1ed1ng h\u1ed7 tr\u1ee3 th\u00f4ng minh 6 c\u1ea3m bi\u1ebfn d\u1ef1a tr\u00ean ki\u1ebfn \u200b\u200btr\u00fac GIANT-PCB BIC 2<\/td>\n<td>\u0110\u00e8n: \u0110\u00e8n pha LED \u0111\u1ed9 s\u00e1ng cao, \u0111\u00e8n h\u1eadu m\u00e0u \u0111\u1ecf n\u1ed5i b\u1eadt.<\/td>\n<\/tr>\n<tr>\n<td>\u0110\u1ed9ng c\u01a1: \u0110\u1ed9ng c\u01a1 truy\u1ec1n \u0111\u1ed9ng gi\u1eefa \u0111\u1ed3ng b\u1ed9 hi\u1ec7u su\u1ea5t cao GIANT-PCB BIC 2<\/td>\n<td>M\u00e0n h\u00ecnh:\u00a0LCD m\u00e0u RideControl EVO<\/td>\n<\/tr>\n<\/tbody>\n<\/table>\n<table>\n<tbody>\n<tr>\n<td>Pin: Lithium ch\u1ea5t l\u01b0\u1ee3ng cao, hi\u1ec7u su\u1ea5t cao GIANT EnergyPak Smart 625, 36V 16.04Ah (Panasonic)<\/td>\n<td>Kh\u00e1c: (M\u1ed9t s\u1ed1 linh ki\u1ec7n c\u00f3 th\u1ec3 thay \u0111\u1ed5i lo\u1ea1i t\u01b0\u01a1ng \u0111\u01b0\u01a1ng kh\u00f4ng b\u00e1o tr\u01b0\u1edbc)<\/td>\n<\/tr>\n<\/tbody>\n<\/table>\n","protected":false},"excerpt":{"rendered":"<p>\u0110\u1eafm m\u00ecnh gi\u1eefa nh\u1eefng \u0111\u1ec9nh n\u00fai v\u00e0 khu r\u1eebng h\u00f9ng v\u0129, kh\u01a1i d\u1eady \u0111am m\u00ea chinh ph\u1ee5c c\u00f9ng chi\u1ebfc xe \u0111\u1ea1p c\u1ee7a b\u1ea1n v\u00e0 lu\u00f4n b\u1ee9t ph\u00e1 d\u1eabn \u0111\u1ea7u khi b\u00ecnh minh v\u1eeba l\u00f3 r\u1ea1ng tr\u00ean n\u00fai cao v\u1edbi\u00a0<strong>FATHOM E+ 0 Pro<\/strong>. M\u1eabu xe \u0111\u1ea1p leo n\u00fai tr\u1ee3 l\u1ef1c \u0111i\u1ec7n th\u00f4ng minh th\u1ebf h\u1ec7 m\u1edbi c\u1ee7a\u00a0<strong>Giant<\/strong>, \u0111\u01b0\u1ee3c trang b\u1ecb c\u00f4ng ngh\u1ec7 ti\u00ean ti\u1ebfn\u00a0<strong>HCT Power Boost,<\/strong>\u00a0m\u1edf ra chu\u1ea9n m\u1ef1c m\u1edbi gi\u1eefa r\u1eebng xanh, \u0111\u00e1p \u1ee9ng kh\u00e1t v\u1ecdng c\u1ee7a nh\u1eefng tay \u0111ua chuy\u00ean nghi\u1ec7p v\u00e0 nh\u1eefng ng\u01b0\u1eddi ti\u00ean phong, gi\u00fap b\u1ea1n d\u1ec5 d\u00e0ng chinh ph\u1ee5c v\u00f9ng hoang d\u00e3 v\u00e0 v\u01b0\u1ee3t qua m\u1ecdi th\u1eed th\u00e1ch tr\u00ean nh\u1eefng cung \u0111\u01b0\u1eddng m\u00f2n n\u00fai r\u1eebng.<\/p>\n<p>\u0110\u01b0\u1ee3c trang b\u1ecb phu\u1ed9c tr\u01b0\u1edbc gi\u1ea3m ch\u1ea5n th\u1ee7y l\u1ef1c c\u00f3 th\u1ec3 \u0111i\u1ec1u ch\u1ec9nh hi\u1ec7u su\u1ea5t cao, n\u00f3 c\u00f3 th\u1ec3 l\u1ecdc hi\u1ec7u qu\u1ea3 c\u00e1c va ch\u1ea1m tr\u00ean \u0111\u01b0\u1eddng v\u00e0 cung c\u1ea5p h\u00e0nh tr\u00ecnh gi\u1ea3m x\u00f3c 120mm.<\/p>\n<p><strong>M\u00e0n h\u00ecnh LCD m\u00e0u RideControl EVO<\/strong>\u00a0\u0111\u1ea1t c\u1ea5p \u0111\u1ed9 ch\u1ed1ng n\u01b0\u1edbc\u00a0<strong>IPX 7<\/strong>, c\u00f3 th\u1ec3 ng\u00e2m trong n\u01b0\u1edbc 1 m\u00e9t trong 30 ph\u00fat m\u00e0 v\u1eabn hi\u1ec3n th\u1ecb b\u00ecnh th\u01b0\u1eddng<\/p>\n<p><strong>GIANT 2023 FATHOM E+ 0 PRO<\/strong>\u00a0\u0111\u01b0\u1ee3c trang b\u1ecb h\u1ec7 th\u1ed1ng truy\u1ec1n \u0111\u1ed9ng\u00a0<strong>SHIMANO DEORE 11S<\/strong>, \u0111\u00e1p \u1ee9ng nhu c\u1ea7u l\u1ef1a ch\u1ecdn t\u1ed1c \u0111\u1ed9 ph\u00f9 h\u1ee3p v\u1edbi c\u00e1c lo\u1ea1i \u0111\u1ecba h\u00ecnh v\u00e0 m\u1ee5c \u0111\u00edch s\u1eed d\u1ee5ng kh\u00e1c nhau.<\/p>\n<p>\u0110\u01b0\u1ee3c trang b\u1ecb \u0111\u1ed9ng c\u01a1 \u0111\u1ed3ng b\u1ed9 gi\u1eefa khung hi\u1ec7u su\u1ea5t cao\u00a0<strong>GIANT-PCB BIC 2<\/strong>, xe cung c\u1ea5p m\u00f4-men xo\u1eafn m\u1ea1nh m\u1ebd 80Nm v\u1edbi th\u1eddi gian ph\u1ea3n h\u1ed3i nhanh 190ms, t\u1ef7 l\u1ec7 h\u1ed7 tr\u1ee3 t\u1ed1i \u0111a 1:3.6 v\u00e0 h\u1ed7 tr\u1ee3 t\u1ed1c \u0111\u1ed9 \u0111\u1ea1p 170 v\u00f2ng\/ph\u00fat. Xe c\u00f3 5+1 ch\u1ebf \u0111\u1ed9 h\u1ed7 tr\u1ee3:\u00a0<strong>ECO<\/strong>\u00a0(\u0111i nh\u1eb9 nh\u00e0ng);\u00a0<strong>TOUR<\/strong>\u00a0(du l\u1ecbch \u0111\u01b0\u1eddng d\u00e0i);\u00a0<strong>ACTIVE<\/strong>\u00a0(\u0111i \u0111\u01b0\u1eddng r\u1eebng);\u00a0<strong>SPORT<\/strong>\u00a0(leo \u0111\u1ed3i);\u00a0<strong>POWER<\/strong>\u00a0(chinh ph\u1ee5c n\u00fai); v\u00e0\u00a0<strong>AUTO<\/strong>\u00a0(t\u1ef1 \u0111\u1ed9ng th\u00f4ng minh). Khung b\u1ea3o v\u1ec7 c\u01b0\u1eddng \u0111\u1ed9 cao \u0111\u01b0\u1ee3c l\u1eafp \u0111\u1eb7t b\u00ean d\u01b0\u1edbi \u0111\u1ed9ng c\u01a1 \u0111\u1ec3 b\u1ea3o v\u1ec7 \u0111\u1ed9ng c\u01a1 kh\u1ecfi c\u00e1c t\u00e1c \u0111\u1ed9ng v\u00e0 va ch\u1ea1m.<\/p>\n","protected":false},"featured_media":11542,"comment_status":"closed","ping_status":"closed","template":"","meta":[],"product_cat":[67],"product_tag":[],"class_list":["post-11541","product","type-product","status-publish","has-post-thumbnail","hentry","product_cat-xe-dien-tro-luc-e-cycling"],"_links":{"self":[{"href":"https:\/\/xedop.com\/en\/wp-json\/wp\/v2\/product\/11541","targetHints":{"allow":["GET"]}}],"collection":[{"href":"https:\/\/xedop.com\/en\/wp-json\/wp\/v2\/product"}],"about":[{"href":"https:\/\/xedop.com\/en\/wp-json\/wp\/v2\/types\/product"}],"replies":[{"embeddable":true,"href":"https:\/\/xedop.com\/en\/wp-json\/wp\/v2\/comments?post=11541"}],"version-history":[{"count":1,"href":"https:\/\/xedop.com\/en\/wp-json\/wp\/v2\/product\/11541\/revisions"}],"predecessor-version":[{"id":11544,"href":"https:\/\/xedop.com\/en\/wp-json\/wp\/v2\/product\/11541\/revisions\/11544"}],"wp:featuredmedia":[{"embeddable":true,"href":"https:\/\/xedop.com\/en\/wp-json\/wp\/v2\/media\/11542"}],"wp:attachment":[{"href":"https:\/\/xedop.com\/en\/wp-json\/wp\/v2\/media?parent=11541"}],"wp:term":[{"taxonomy":"product_cat","embeddable":true,"href":"https:\/\/xedop.com\/en\/wp-json\/wp\/v2\/product_cat?post=11541"},{"taxonomy":"product_tag","embeddable":true,"href":"https:\/\/xedop.com\/en\/wp-json\/wp\/v2\/product_tag?post=11541"}],"curies":[{"name":"wp","href":"https:\/\/api.w.org\/{rel}","templated":true}]}}