{"id":11622,"date":"2026-02-21T16:13:44","date_gmt":"2026-02-21T09:13:44","guid":{"rendered":"https:\/\/xedop.com\/?post_type=product&#038;p=11622"},"modified":"2026-02-21T16:13:44","modified_gmt":"2026-02-21T09:13:44","slug":"mu-bao-hiem-xe-dap-duong-truong-giro-agilis-mips-matte-flame-red","status":"publish","type":"product","link":"https:\/\/xedop.com\/en\/san-pham\/mu-bao-hiem-xe-dap-duong-truong-giro-agilis-mips-matte-flame-red\/","title":{"rendered":"M\u0169 b\u1ea3o hi\u1ec3m xe \u0111\u1ea1p \u0111\u01b0\u1eddng tr\u01b0\u1eddng Giro Agilis Mips &#8211; Matte Flame Red"},"content":{"rendered":"<p><strong>T\u00cdNH N\u0102NG<\/strong><\/p>\n<p>T\u1ea5m \u0111\u1ec7m kh\u00e1ng khu\u1ea9n tho\u00e1ng m\u00e1t<\/p>\n<p>Kh\u00f3a Slimline ch\u1eafc ch\u1eafn v\u1edbi l\u1edbp \u0111\u1ec7m v\u1ea3i d\u1ec7t si\u00eau nh\u1eb9.<\/p>\n<p>T\u00edch h\u1ee3p c\u00f4ng ngh\u1ec7 b\u1ea3o v\u1ec7 \u0111\u1ea7u \u0111a chi\u1ec1u MIPS<\/p>\n<p>&nbsp;<\/p>\n<p><strong>K\u1ebeT C\u1ea4U<\/strong><\/p>\n<p>Khung In-mold polycarbonate v\u1edbi l\u1edbp foam EPS b\u00ean trong.<\/p>\n<p>&nbsp;<\/p>\n<p><strong>H\u1ec6 TH\u1ed0NG THO\u00c1NG KH\u00cd<\/strong><\/p>\n<p>32 r\u00e3nh v\u1edbi h\u1ec7 th\u1ed1ng Wind Tunnel<\/p>\n<p>&nbsp;<\/p>\n<p><strong>H\u1ec6 TH\u1ed0NG \u0110I\u1ec0U CH\u1ec8NH<\/strong><\/p>\n<p>Roc Loc 5 Mips\u00ae<\/p>\n<p>&nbsp;<\/p>\n<p><strong>TR\u1eccNG L\u01af\u1ee2NG<\/strong><\/p>\n<p>280g (size M)<\/p>\n<p>350g (size L)<\/p>\n","protected":false},"excerpt":{"rendered":"<p><strong>B\u1ea2O V\u1ec6 HO\u00c0N H\u1ea2O, TR\u1ea2I NGHI\u1ec6M TUY\u1ec6T V\u1edcI<\/strong><\/p>\n<p>Agilis Mips l\u00e0 l\u1ef1a ch\u1ecdn ph\u00f9 h\u1ee3p cho ai \u0111ang t\u00ecm ki\u1ebfm m\u1ed9t chi\u1ebfc m\u0169 v\u1edbi thi\u1ebft k\u1ebf tho\u00e1ng kh\u00ed v\u00e0 t\u00ednh n\u0103ng hi\u1ec7u su\u1ea5t cho \u0111\u01b0\u1eddng tr\u01b0\u1eddng<\/p>\n<p>M\u0169 v\u1eeba v\u1eb7n v\u00e0 an to\u00e0n nh\u1edd h\u1ec7 th\u1ed1ng Roc Loc 5 Mips c\u00f3 th\u1ec3 tinh ch\u1ec9nh k\u00edch th\u01b0\u1edbc v\u1eeba v\u1eb7n v\u1edbi \u0111\u1ea7u v\u00e0 t\u00edch h\u1ee3p c\u00f4ng ngh\u1ec7 Mips t\u0103ng c\u01b0\u1eddng b\u1ea3o v\u1ec7 \u0111\u1ea7u. V\u1ecf ngo\u00e0i Hardbody v\u1eefng ch\u1eafc \u0111\u01b0\u1ee3c l\u00e0m t\u1eeb polycarbonate v\u1edbi l\u1edbp x\u1ed1p EPS s\u1eed d\u1ee5ng k\u1ebft c\u1ea5u In-mold b\u00ean trong c\u1ea3i thi\u1ec7n \u0111\u1ed9 b\u1ec1n v\u00e0 s\u1ef1 tho\u00e1ng kh\u00ed nh\u01b0ng kh\u00f4ng l\u00e0m \u1ea3nh h\u01b0\u1edfng \u0111\u1ebfn tr\u1ecdng l\u01b0\u1ee3ng m\u0169.<\/p>\n","protected":false},"featured_media":11558,"comment_status":"closed","ping_status":"closed","template":"","meta":[],"product_cat":[73],"product_tag":[],"class_list":["post-11622","product","type-product","status-publish","has-post-thumbnail","hentry","product_cat-mu-bao-hiem"],"_links":{"self":[{"href":"https:\/\/xedop.com\/en\/wp-json\/wp\/v2\/product\/11622","targetHints":{"allow":["GET"]}}],"collection":[{"href":"https:\/\/xedop.com\/en\/wp-json\/wp\/v2\/product"}],"about":[{"href":"https:\/\/xedop.com\/en\/wp-json\/wp\/v2\/types\/product"}],"replies":[{"embeddable":true,"href":"https:\/\/xedop.com\/en\/wp-json\/wp\/v2\/comments?post=11622"}],"version-history":[{"count":2,"href":"https:\/\/xedop.com\/en\/wp-json\/wp\/v2\/product\/11622\/revisions"}],"predecessor-version":[{"id":11630,"href":"https:\/\/xedop.com\/en\/wp-json\/wp\/v2\/product\/11622\/revisions\/11630"}],"wp:featuredmedia":[{"embeddable":true,"href":"https:\/\/xedop.com\/en\/wp-json\/wp\/v2\/media\/11558"}],"wp:attachment":[{"href":"https:\/\/xedop.com\/en\/wp-json\/wp\/v2\/media?parent=11622"}],"wp:term":[{"taxonomy":"product_cat","embeddable":true,"href":"https:\/\/xedop.com\/en\/wp-json\/wp\/v2\/product_cat?post=11622"},{"taxonomy":"product_tag","embeddable":true,"href":"https:\/\/xedop.com\/en\/wp-json\/wp\/v2\/product_tag?post=11622"}],"curies":[{"name":"wp","href":"https:\/\/api.w.org\/{rel}","templated":true}]}}