{"id":11639,"date":"2026-02-21T16:30:10","date_gmt":"2026-02-21T09:30:10","guid":{"rendered":"https:\/\/xedop.com\/?post_type=product&#038;p=11639"},"modified":"2026-02-21T16:30:10","modified_gmt":"2026-02-21T09:30:10","slug":"mu-bao-hiem-xe-dap-duong-truong-giro-isode-ii-glossy-neon-yellow","status":"publish","type":"product","link":"https:\/\/xedop.com\/en\/san-pham\/mu-bao-hiem-xe-dap-duong-truong-giro-isode-ii-glossy-neon-yellow\/","title":{"rendered":"M\u0169 b\u1ea3o hi\u1ec3m xe \u0111\u1ea1p \u0111\u01b0\u1eddng tr\u01b0\u1eddng Giro Isode II &#8211; Glossy Neon Yellow"},"content":{"rendered":"<p><strong>T\u00cdNH N\u0102NG:<\/strong><\/p>\n<ul>\n<li>V\u1ecf ngo\u00e0i Full Hardbody<\/li>\n<li>Thi\u1ebft k\u1ebf g\u1ecdn nh\u1eb9<\/li>\n<li>\u0110\u1ec7m l\u00f3t nhanh kh\u00f4<\/li>\n<li>C\u00f3 l\u1edbp ph\u1ea3n quang<\/li>\n<\/ul>\n<p><strong>K\u1ebeT C\u1ea4U<\/strong><\/p>\n<ul>\n<li>In-mold polycarbonate v\u1edbi l\u1edbp l\u00f3t EPS<\/li>\n<li>H\u1ec6 TH\u1ed0NG \u0110I\u1ec0U CH\u1ec8NH: Roc Loc Sport<\/li>\n<\/ul>\n<p><strong>L\u1ed6 THO\u00c1NG KH\u00cd:\u00a0<\/strong>22 l\u1ed7<\/p>\n<p><strong>K\u00cdCH TH\u01af\u1edaC UNIVERSAL FIT:<\/strong>\u00a0UA 21.25\u201d &#8211; 24\u201d \/ 54 &#8211; 61cm<\/p>\n<p><strong>TR\u1eccNG L\u01af\u1ee2NG<\/strong>: 250g<\/p>\n","protected":false},"excerpt":{"rendered":"<p>M\u0169 b\u1ea3o hi\u1ec3m Isode II mang phong c\u00e1ch v\u00e0 h\u1ec7 th\u1ed1ng tho\u00e1ng kh\u00ed n\u1ed5i ti\u1ebfng c\u1ee7a m\u0169 b\u1ea3o hi\u1ec3m xe \u0111\u1ea1p \u0111\u01b0\u1eddng tr\u01b0\u1eddng cao c\u1ea5p c\u1ee7a Giro nh\u01b0ng v\u1edbi m\u1ee9c gi\u00e1 h\u1ee3p l\u00fd.<\/p>\n<p>V\u1edbi h\u00ecnh d\u1ea1ng nh\u1ecf g\u1ecdn, tr\u1ecdng l\u01b0\u1ee3ng nh\u1eb9 v\u00e0 kh\u1ea3 n\u0103ng th\u00f4ng gi\u00f3 hi\u1ec7u qu\u1ea3,\u00a0v\u1edbi h\u1ec7 th\u1ed1ng \u0111i\u1ec1u ch\u1ec9nh th\u00e2n thi\u1ec7n v\u1edbi ng\u01b0\u1eddi d\u00f9ng cung c\u1ea5p kh\u1ea3 n\u0103ng tinh ch\u1ec9nh 7 cm.<\/p>\n","protected":false},"featured_media":11640,"comment_status":"closed","ping_status":"closed","template":"","meta":[],"product_cat":[73],"product_tag":[],"class_list":["post-11639","product","type-product","status-publish","has-post-thumbnail","hentry","product_cat-mu-bao-hiem"],"_links":{"self":[{"href":"https:\/\/xedop.com\/en\/wp-json\/wp\/v2\/product\/11639","targetHints":{"allow":["GET"]}}],"collection":[{"href":"https:\/\/xedop.com\/en\/wp-json\/wp\/v2\/product"}],"about":[{"href":"https:\/\/xedop.com\/en\/wp-json\/wp\/v2\/types\/product"}],"replies":[{"embeddable":true,"href":"https:\/\/xedop.com\/en\/wp-json\/wp\/v2\/comments?post=11639"}],"version-history":[{"count":1,"href":"https:\/\/xedop.com\/en\/wp-json\/wp\/v2\/product\/11639\/revisions"}],"predecessor-version":[{"id":11648,"href":"https:\/\/xedop.com\/en\/wp-json\/wp\/v2\/product\/11639\/revisions\/11648"}],"wp:featuredmedia":[{"embeddable":true,"href":"https:\/\/xedop.com\/en\/wp-json\/wp\/v2\/media\/11640"}],"wp:attachment":[{"href":"https:\/\/xedop.com\/en\/wp-json\/wp\/v2\/media?parent=11639"}],"wp:term":[{"taxonomy":"product_cat","embeddable":true,"href":"https:\/\/xedop.com\/en\/wp-json\/wp\/v2\/product_cat?post=11639"},{"taxonomy":"product_tag","embeddable":true,"href":"https:\/\/xedop.com\/en\/wp-json\/wp\/v2\/product_tag?post=11639"}],"curies":[{"name":"wp","href":"https:\/\/api.w.org\/{rel}","templated":true}]}}