{"id":11734,"date":"2026-02-21T17:54:56","date_gmt":"2026-02-21T10:54:56","guid":{"rendered":"https:\/\/xedop.com\/?post_type=product&#038;p=11734"},"modified":"2026-02-21T17:54:56","modified_gmt":"2026-02-21T10:54:56","slug":"binh-nuoc-camelbak-podium-450ml","status":"publish","type":"product","link":"https:\/\/xedop.com\/en\/san-pham\/binh-nuoc-camelbak-podium-450ml\/","title":{"rendered":"B\u00ecnh n\u01b0\u1edbc Camelbak Podium &#8211; 450ml"},"content":{"rendered":"<h2><u><strong>T\u00cdNH N\u0102NG<\/strong><\/u><\/h2>\n<ul>\n<li>N\u1eafp b\u00ecnh t\u1ed1i \u0111a \u00e1p l\u1ef1c n\u01b0\u1edbc, h\u1ea1n ch\u1ebf r\u1ec9\u00a0v\u00e0 tr\u00e0n ra ngo\u00e0i.<\/li>\n<li>Tr\u1ecdng l\u01b0\u1ee3ng nh\u1eb9 v\u00e0 ti\u1ec7n s\u1eed d\u1ee5ng<\/li>\n<li>S\u1eed d\u1ee5ng ch\u1ea5t li\u1ec7u nh\u1ef1a polypropylene TruTaste v\u1edbi c\u00f4ng ngh\u1ec7 HydroGuard gi\u00fap b\u00ecnh kh\u00f4ng m\u00f9i, kh\u00f4ng \u1ea3nh h\u01b0\u1edfng \u0111\u1ebfn v\u1ecb n\u01b0\u1edbc<\/li>\n<li>Mi\u1ec7ng v\u00f2i c\u00f3 th\u1ec3 th\u00e1o r\u1eddi cho vi\u1ec7c v\u1ec7 sinh d\u1ec5 d\u00e0ng<\/li>\n<li>Kh\u00f3a ti\u1ec7n d\u1ee5ng ch\u1ed1ng r\u1ec9 n\u01b0\u1edbc khi di chuy\u1ec3n<\/li>\n<li>Mi\u1ec7ng b\u00ecnh l\u1edbn d\u1ec5 ti\u1ebfp n\u01b0\u1edbc v\u00e0 cho th\u00eam \u0111\u00e1 v\u00e0 d\u1ec5 v\u1ec7 sinh<\/li>\n<li>Gi\u1eef n\u01b0\u1edbc \u1ea5m trong nh\u1eefng ng\u00e0y th\u1eddi ti\u1ebft l\u1ea1nh<\/li>\n<li>T\u01b0\u01a1ng th\u00edch h\u1ea7u h\u1ebft c\u00e1c lo\u1ea1i g\u1ecdng b\u00ecnh n\u01b0\u1edbc.<\/li>\n<\/ul>\n<h2><u><strong>C\u00d4NG NGH\u1ec6\u00a0N\u1ed4I B\u1eacT<\/strong><\/u><\/h2>\n<p><strong>JET VALVE<\/strong>:\u00a0Valve t\u1ef1 kh\u00f3a ti\u00ean ti\u1ebfn cung c\u1ea5p l\u01b0\u1ee3ng n\u01b0\u1edbc nhi\u1ec1u h\u01a1n ch\u1ed1ng tr\u00e0n v\u00e0 r\u1ec9 n\u01b0\u1edbc. Kh\u00f3a ti\u1ec7n d\u1ee5ng ch\u1ed1ng r\u1ec9 n\u01b0\u1edbc khi di chuy\u1ec3n<\/p>\n<p><strong>TI\u1ec6N D\u1ee4NG V\u1edaI L\u1ef0C \u00c9P N\u01af\u1edaC M\u1ea0NH:\u00a0<\/strong>B\u00ecnh Podium v\u1edbi thi\u1ebft k\u1ebf ti\u1ec7n d\u1ee5ng, tr\u1ecdng l\u01b0\u1ee3ng nh\u1eb9 t\u1ea1o l\u1ef1c \u00e9p n\u01b0\u1edbc m\u1ea1nh m\u00e0 kh\u00f4ng c\u1ea7n d\u00f9ng nhi\u1ec1u l\u1ef1c. Tr\u1ea3i nghi\u1ec7m tuy\u1ec7t v\u1eddi v\u1edbi c\u01a1 ch\u1ebf ch\u1ed1ng tr\u00e0n v\u00e0 r\u1ec9 n\u01b0\u1edbc gi\u00fap b\u1ea1n t\u1eadp trung h\u01a1n tr\u00ean \u0111\u01b0\u1eddng \u0111ua.<\/p>\n<h2><strong>TH\u00d4NG S\u1ed0 K\u1ef8 THU\u1eacT<\/strong><\/h2>\n<ul>\n<li>K\u00edch th\u01b0\u1edbc\u00a0: 7.11 x 7.11 x 16.0 cm<\/li>\n<li>Ch\u1ea5t li\u1ec7u b\u00ecnh: Nh\u1ef1a Polypropylene; TruTaste kh\u00f4ng ch\u1ee9a ch\u1ea5t BPA<\/li>\n<li>V\u00f2i n\u01b0\u1edbc Jet Valve b\u1eb1ng ch\u1ea5t li\u1ec7u silicone \u0111\u1ea1t chu\u1ea9n y t\u1ebf, t\u1ef1 kh\u00f3a<\/li>\n<li>Ho\u00e0n to\u00e0n kh\u00f4ng ch\u1ee9a\u00a0BPA\/BPS\/BPF<\/li>\n<li>Dung t\u00edch: 450ml<\/li>\n<li>Tr\u1ecdng l\u01b0\u1ee3ng: 59.53g<\/li>\n<\/ul>\n","protected":false},"excerpt":{"rendered":"<p>\u0110\u01b0\u1ee3c thi\u1ebft k\u1ebf \u0111\u1ec3 ph\u00f9 h\u1ee3p v\u1edbi m\u1ecdi lo\u1ea1i g\u1ecdng\u00a0b\u00ecnh n\u01b0\u1edbc tr\u00ean th\u1ecb tr\u01b0\u1eddng, c\u00f9ng v\u1edbi thi\u1ebft k\u1ebf d\u1ec5 b\u00f3p \u0111\u1ec3 \u0111\u1ea3m b\u1ea3o l\u01b0\u1ee3ng n\u01b0\u1edbc nhi\u1ec1u h\u01a1n,<strong>\u00a0\u0111\u00e3 kh\u00e1t h\u01a1n\u00a0v\u1edbi \u00edt l\u1ef1c h\u01a1n<\/strong>,\u00a0<strong>Podium \u0111\u01b0\u1ee3c trang b\u1ecb n\u1eafp t\u1ef1 kh\u00f3a<\/strong>\u00a0\u0111\u1ec3 gi\u1ea3m thi\u1ec3u t\u00ecnh tr\u1ea1ng tr\u00e0n n\u01b0\u1edbc. Van \u0111\u00f3ng\/m\u1edf cung c\u1ea5p kh\u00f3a ch\u1eb7t \u0111\u1ec3 v\u1eadn chuy\u1ec3n kh\u00f4ng r\u00f2 r\u1ec9 v\u00e0 t\u1ea5t c\u1ea3 c\u00e1c b\u1ed9 ph\u1eadn \u0111\u1ec1u 100% kh\u00f4ng ch\u1ee9a BPA, BPS v\u00e0 BPF. Podium mang \u0111\u1ebfn kh\u1ea3 n\u0103ng gi\u1eef n\u01b0\u1edbc t\u1ed1t nh\u1ea5t trong l\u1edbp \u0111\u1ec3 b\u1ea1n c\u00f3 th\u1ec3 t\u1eadp trung v\u00e0o chuy\u1ebfn \u0111i c\u1ee7a m\u00ecnh.<\/p>\n","protected":false},"featured_media":11735,"comment_status":"closed","ping_status":"closed","template":"","meta":[],"product_cat":[90],"product_tag":[],"class_list":["post-11734","product","type-product","status-publish","has-post-thumbnail","hentry","product_cat-binh-nuoc-gong-binh-nuoc"],"_links":{"self":[{"href":"https:\/\/xedop.com\/en\/wp-json\/wp\/v2\/product\/11734","targetHints":{"allow":["GET"]}}],"collection":[{"href":"https:\/\/xedop.com\/en\/wp-json\/wp\/v2\/product"}],"about":[{"href":"https:\/\/xedop.com\/en\/wp-json\/wp\/v2\/types\/product"}],"replies":[{"embeddable":true,"href":"https:\/\/xedop.com\/en\/wp-json\/wp\/v2\/comments?post=11734"}],"version-history":[{"count":2,"href":"https:\/\/xedop.com\/en\/wp-json\/wp\/v2\/product\/11734\/revisions"}],"predecessor-version":[{"id":11748,"href":"https:\/\/xedop.com\/en\/wp-json\/wp\/v2\/product\/11734\/revisions\/11748"}],"wp:featuredmedia":[{"embeddable":true,"href":"https:\/\/xedop.com\/en\/wp-json\/wp\/v2\/media\/11735"}],"wp:attachment":[{"href":"https:\/\/xedop.com\/en\/wp-json\/wp\/v2\/media?parent=11734"}],"wp:term":[{"taxonomy":"product_cat","embeddable":true,"href":"https:\/\/xedop.com\/en\/wp-json\/wp\/v2\/product_cat?post=11734"},{"taxonomy":"product_tag","embeddable":true,"href":"https:\/\/xedop.com\/en\/wp-json\/wp\/v2\/product_tag?post=11734"}],"curies":[{"name":"wp","href":"https:\/\/api.w.org\/{rel}","templated":true}]}}