{"id":11822,"date":"2026-02-27T17:31:35","date_gmt":"2026-02-27T10:31:35","guid":{"rendered":"https:\/\/xedop.com\/?post_type=product&#038;p=11822"},"modified":"2026-02-27T17:31:35","modified_gmt":"2026-02-27T10:31:35","slug":"day-quan-fizik-tempo-bondcush-classic-3mm","status":"publish","type":"product","link":"https:\/\/xedop.com\/en\/san-pham\/day-quan-fizik-tempo-bondcush-classic-3mm\/","title":{"rendered":"D\u00e2y qu\u1ea5n FIZIK Tempo Bondcush Classic 3mm"},"content":{"rendered":"<ul>\n<li><strong>Ch\u1ea5t li\u1ec7u:\u00a0<\/strong>Microtex<\/li>\n<li><strong>\u0110\u1ed9 d\u00e0y:\u00a0<\/strong>3mm<\/li>\n<li><strong>L\u1edbp \u0111\u1ec7m:<\/strong>\u00a0FOAM POLYMER<\/li>\n<\/ul>\n<p><strong>D\u00f2ng Tempo<\/strong>\u00a0l\u00e0 c\u00e1c lo\u1ea1i b\u0103ng thanh m\u1ea3nh \u0111\u01b0\u1ee3c thi\u1ebft k\u1ebf cho hi\u1ec7u su\u1ea5t, \u0111\u1ed9 b\u1ec1n v\u00e0 t\u00ednh linh ho\u1ea1t c\u1ee7a vi\u1ec7c s\u1eed d\u1ee5ng.<\/p>\n<p><strong>Bondcush<\/strong>\u00a0l\u00e0 l\u1edbp foam \u0111\u1ec7m \u1edf gi\u1eefa nhi\u1ec1u l\u1edbp gi\u00fap h\u1ea5p th\u1ee5 \u0111\u1ed9 rung tr\u00ean \u0111\u01b0\u1eddng.<\/p>\n<p><strong>Classic<\/strong>\u00a0l\u00e0 m\u1ed9t k\u1ebft c\u1ea5u gi\u1ed1ng nh\u01b0 da \u0111\u1ee5c l\u1ed7, mang t\u00ednh th\u1ea9m m\u1ef9 truy\u1ec1n th\u1ed1ng v\u00e0 b\u1ec1 m\u1eb7t tr\u01a1n nh\u1eb5n gi\u00fap d\u1ec5 d\u00e0ng tr\u01b0\u1ee3t tay \u0111\u1ebfn c\u00e1c v\u1ecb tr\u00ed kh\u00e1c nhau.<\/p>\n<p>&nbsp;<\/p>\n","protected":false},"excerpt":{"rendered":"<p>D\u00e2y qu\u1ea5n FIZIK \u0111\u01b0\u1ee3c l\u00e0m b\u1eb1ng Bondcush, c\u00f3 ch\u1ee9a 1 l\u1edbp foam polyme \u1edf gi\u1eefa gi\u00fap h\u1ea5p th\u1ee5 \u0111\u1ed9 rung ch\u1ea5n&amp; trong qu\u00e1 tr\u00ecnh \u0111\u1ea1p xe. D\u00e2y \u0111\u01b0\u1ee3c li\u00ean k\u1ebft v\u1edbi m\u1ed9t l\u1edbp ngo\u00e0i vi k\u1ef9 thu\u1eadt, h\u1ed7n h\u1ee3p v\u1eadt li\u1ec7u n\u00e0y l\u00e0 l\u1ef1a ch\u1ecdn tuy\u1ec7t v\u1eddi nh\u1ea5t c\u1ee7a ch\u00fang t\u00f4i, t\u1ea1o ra s\u1ef1 tho\u1ea3i m\u00e1i, t\u00ednh linh ho\u1ea1t v\u00e0 \u0111\u1ed9 b\u1ec1n. L\u00e0 s\u1ef1 l\u1ef1a ch\u1ecdn l\u00fd t\u01b0\u1edfng \u0111\u1ec3 gi\u1ea3i quy\u1ebft m\u1ecdi lo\u1ea1i \u0111\u01b0\u1eddng.<\/p>\n<p>\u0110\u01b0\u1eddng n\u00e9t c\u1ed5 \u0111i\u1ec3n, \u0111\u01b0\u1ee3c k\u1ebft c\u1ea5u theo h\u00ecnh d\u1ea1ng \u0111\u1ee5c l\u1ed7.<\/p>\n","protected":false},"featured_media":11825,"comment_status":"closed","ping_status":"closed","template":"","meta":[],"product_cat":[92],"product_tag":[],"class_list":["post-11822","product","type-product","status-publish","has-post-thumbnail","hentry","product_cat-tay-nam-day-cuon"],"_links":{"self":[{"href":"https:\/\/xedop.com\/en\/wp-json\/wp\/v2\/product\/11822","targetHints":{"allow":["GET"]}}],"collection":[{"href":"https:\/\/xedop.com\/en\/wp-json\/wp\/v2\/product"}],"about":[{"href":"https:\/\/xedop.com\/en\/wp-json\/wp\/v2\/types\/product"}],"replies":[{"embeddable":true,"href":"https:\/\/xedop.com\/en\/wp-json\/wp\/v2\/comments?post=11822"}],"version-history":[{"count":1,"href":"https:\/\/xedop.com\/en\/wp-json\/wp\/v2\/product\/11822\/revisions"}],"predecessor-version":[{"id":11827,"href":"https:\/\/xedop.com\/en\/wp-json\/wp\/v2\/product\/11822\/revisions\/11827"}],"wp:featuredmedia":[{"embeddable":true,"href":"https:\/\/xedop.com\/en\/wp-json\/wp\/v2\/media\/11825"}],"wp:attachment":[{"href":"https:\/\/xedop.com\/en\/wp-json\/wp\/v2\/media?parent=11822"}],"wp:term":[{"taxonomy":"product_cat","embeddable":true,"href":"https:\/\/xedop.com\/en\/wp-json\/wp\/v2\/product_cat?post=11822"},{"taxonomy":"product_tag","embeddable":true,"href":"https:\/\/xedop.com\/en\/wp-json\/wp\/v2\/product_tag?post=11822"}],"curies":[{"name":"wp","href":"https:\/\/api.w.org\/{rel}","templated":true}]}}