{"id":11844,"date":"2026-02-27T17:42:05","date_gmt":"2026-02-27T10:42:05","guid":{"rendered":"https:\/\/xedop.com\/?post_type=product&#038;p=11844"},"modified":"2026-02-27T17:42:05","modified_gmt":"2026-02-27T10:42:05","slug":"day-quan-fizik-vento-solocush-tacky-2-7mm","status":"publish","type":"product","link":"https:\/\/xedop.com\/en\/san-pham\/day-quan-fizik-vento-solocush-tacky-2-7mm\/","title":{"rendered":"D\u00e2y qu\u1ea5n FIZIK Vento Solocush Tacky 2.7mm"},"content":{"rendered":"<p><strong>Vento:<\/strong>\u00a0D\u00f2ng s\u1ea3n ph\u1ea9m hi\u1ec7u su\u1ea5t cao d\u00e0nh cho xe \u0111ua, \u0111\u01b0\u1ee3c thi\u1ebft k\u1ebf h\u1ee3p t\u00e1c v\u1edbi c\u00e1c tay \u0111ua chuy\u00ean nghi\u1ec7p<\/p>\n<p><strong>Solocush:<\/strong>\u00a0\u0110\u00e2y l\u00e0 thi\u1ebft k\u1ebf \u0111\u1ec7m \u00eam \u00e1i, g\u1ecdn g\u00e0ng nh\u1ea5t c\u1ee7a Fizik. V\u1edbi m\u1ed9t l\u1edbp \u0111\u1ee1 d\u00e0y d\u1eb7n n\u00e0y gi\u00fap tay b\u1ea1n tho\u1ea3i m\u00e1i v\u00e0o trong nh\u1eefng chuy\u1ebfn \u0111i d\u00e0i m\u00e0 kh\u00f4ng l\u00e0m t\u0103ng th\u00eam tr\u1ecdng l\u01b0\u1ee3ng<\/p>\n<p><strong>Ph\u00f9 h\u1ee3p:<\/strong>\u00a0\u0111ua xe \u0111\u01b0\u1eddng tr\u01b0\u1eddng, t\u1ed1c \u0111\u1ed9<\/p>\n<p>T\u0103ng c\u01b0\u1eddng \u0111\u1ed9 b\u00e1m tay (Tacky touch)<\/p>\n<ul>\n<li><strong>\u0110\u1ed9 d\u00e0y:<\/strong> 2.7mm<\/li>\n<li><strong>Ch\u1ea5t li\u1ec7u:<\/strong> Solocush<\/li>\n<li><strong>\u0110\u1ed9 d\u00e0i:<\/strong>\u00a02350 mm<\/li>\n<\/ul>\n","protected":false},"excerpt":{"rendered":"<p>D\u00e2y qu\u1ea5n Vento Solocush Tacky l\u00e0 s\u1ef1 k\u1ebft h\u1ee3p c\u1ee7a c\u00e1c v\u1eadt li\u1ec7u v\u00e0 th\u00f4ng s\u1ed1 k\u1ef9 thu\u1eadt \u0111\u01b0\u1ee3c ki\u1ec3m ch\u1ee9ng.<br \/>\nVento l\u00e0 lo\u1ea1i d\u00e2y qu\u1ea5n \u0111\u01b0\u1ee3c lai t\u1ea1o \u0111\u1ec3 c\u1ea3i thi\u1ec7n kh\u1ea3 n\u0103ng ki\u1ec3m so\u00e1t v\u00e0 gi\u1ea3m tr\u1ecdng l\u01b0\u1ee3ng. B\u1ec1 m\u1eb7t ch\u1ed1ng tr\u01b0\u1ee3t d\u00ednh v\u1edbi k\u1ebft c\u1ea5u c\u1ea3i ti\u1ebfn gi\u00fap vi\u1ec7c c\u1ea7m n\u1eafm tr\u1edf n\u00ean tho\u1ea3i m\u00e1i h\u01a1n trong m\u1ecdi \u0111i\u1ec1u ki\u1ec7n.<\/p>\n","protected":false},"featured_media":11845,"comment_status":"closed","ping_status":"closed","template":"","meta":[],"product_cat":[92],"product_tag":[],"class_list":["post-11844","product","type-product","status-publish","has-post-thumbnail","hentry","product_cat-tay-nam-day-cuon"],"_links":{"self":[{"href":"https:\/\/xedop.com\/en\/wp-json\/wp\/v2\/product\/11844","targetHints":{"allow":["GET"]}}],"collection":[{"href":"https:\/\/xedop.com\/en\/wp-json\/wp\/v2\/product"}],"about":[{"href":"https:\/\/xedop.com\/en\/wp-json\/wp\/v2\/types\/product"}],"replies":[{"embeddable":true,"href":"https:\/\/xedop.com\/en\/wp-json\/wp\/v2\/comments?post=11844"}],"version-history":[{"count":2,"href":"https:\/\/xedop.com\/en\/wp-json\/wp\/v2\/product\/11844\/revisions"}],"predecessor-version":[{"id":11850,"href":"https:\/\/xedop.com\/en\/wp-json\/wp\/v2\/product\/11844\/revisions\/11850"}],"wp:featuredmedia":[{"embeddable":true,"href":"https:\/\/xedop.com\/en\/wp-json\/wp\/v2\/media\/11845"}],"wp:attachment":[{"href":"https:\/\/xedop.com\/en\/wp-json\/wp\/v2\/media?parent=11844"}],"wp:term":[{"taxonomy":"product_cat","embeddable":true,"href":"https:\/\/xedop.com\/en\/wp-json\/wp\/v2\/product_cat?post=11844"},{"taxonomy":"product_tag","embeddable":true,"href":"https:\/\/xedop.com\/en\/wp-json\/wp\/v2\/product_tag?post=11844"}],"curies":[{"name":"wp","href":"https:\/\/api.w.org\/{rel}","templated":true}]}}