{"id":11871,"date":"2026-03-16T14:00:35","date_gmt":"2026-03-16T07:00:35","guid":{"rendered":"https:\/\/xedop.com\/?post_type=product&#038;p=11871"},"modified":"2026-03-30T14:49:04","modified_gmt":"2026-03-30T07:49:04","slug":"xe-dap-giant-2026-atx-810-29","status":"publish","type":"product","link":"https:\/\/xedop.com\/en\/san-pham\/xe-dap-giant-2026-atx-810-29\/","title":{"rendered":"Xe \u0111\u1ea1p GIANT 2026 ATX 810 29"},"content":{"rendered":"<div class=\"box_list_tt\">\n<h4>KHUNG<\/h4>\n<p>K\u00edch c\u1ee1\/Sizes:M, L<\/p>\n<p>M\u00e0u s\u1eafc\/Colors:Ghi cam, tr\u1eafng, xanh \u0111\u00e1<\/p>\n<p>Ch\u1ea5t li\u1ec7u khung\/Frame:GIANT ALUXX ATX 8, h\u1ee3p kim nh\u00f4m<\/p>\n<p>Phu\u1ed9c\/Fork:H\u1ee3p kim nh\u00f4m, h\u00e0nh tr\u00ecnh 100mm, tr\u1ee5c boost 15&#215;110<\/p>\n<p>Gi\u1ea3m x\u00f3c\/Shock:&#8212;<\/p>\n<h4>H\u00ca\u0323 TH\u00d4\u0301NG BA\u0301NH XE<\/h4>\n<p>V\u00e0nh xe\/Rims:GIANT, h\u1ee3p kim nh\u00f4m 2 l\u1edbp, 32H, v\u00e0nh cao 20.5mm<\/p>\n<p>Moay \u01a1\/Hubs:GIANT H\u1ee3p kim nh\u00f4m, Peilin<\/p>\n<p>Nan hoa\/Spokes:14G HTSS<\/p>\n<p>L\u1ed1p xe\/Tires:QUICKSAND PLUS 29\u00d71.95 30TPI<\/p>\n<h4>KHA\u0301C<\/h4>\n<p>Th\u00eam\/Extras:M\u1ed9t s\u1ed1 linh ki\u1ec7n c\u00f3 th\u1ec3 thay th\u1ebf lo\u1ea1i t\u01b0\u01a1ng \u0111\u01b0\u01a1ng kh\u00f4ng b\u00e1o tr\u01b0\u1edbc<\/p>\n<\/div>\n<div class=\"box_list_tt\">\n<h4>CA\u0301C B\u00d4\u0323 PH\u00c2\u0323N<\/h4>\n<p>Ghi \u0111\u00f4ng\/Handlebar:H\u1ee3p kim nh\u00f4m 31.8mm<\/p>\n<p>P\u00f4 t\u0103ng\/Stem:H\u1ee3p kim nh\u00f4m 31.8mm, c\u00f3 th\u1ec3 ng\u1eeda 6 \u0111\u1ed9<\/p>\n<p>C\u1ecdc y\u00ean\/Seatpost:H\u1ee3p kim nh\u00f4m 30.9mm<\/p>\n<p>Y\u00ean\/Saddle:GIANT ERGO CONTACT<\/p>\n<p>Ba\u0300n \u0111a\u0323p\/Pedals:C\u00f3 s\u1eb5n<\/p>\n<h4>B\u00d4\u0323 TRUY\u00ca\u0300N \u0110\u00d4\u0323NG<\/h4>\n<p>Tay \u0111\u1ec1\/Shifters:MPH 2x8S<\/p>\n<p>B\u1ed9 chuy\u1ec3n \u0111\u1ec1 tr\u01b0\u1edbc\/Front Derailleur:SHIMANO ALTUS 2S<\/p>\n<p>B\u1ed9 chuy\u1ec3n \u0111\u1ec1 sau\/Rear Derailleur:SHIMANO TOURNEY 8S<\/p>\n<p>Phanh\/Brakes:\u0110\u0129a d\u1ea7u MPH<\/p>\n<p>Tay phanh\/Brake Levers:MPH<\/p>\n<p>L\u00edp\/Cassette:SHIMANO 12-32T 8S<\/p>\n<p>X\u00edch\/Chain:KMC 8S<\/p>\n<p>\u0110\u00f9i \u0111\u0129a\/Crankset:Nh\u00f4m 22\/36T<\/p>\n<\/div>\n","protected":false},"excerpt":{"rendered":"<p><strong>Xe \u0111\u1ea1p th\u1ec3 thao GIANT 2026 ATX 810<\/strong>\u00a0l\u00fd t\u01b0\u1edfng cho \u0111\u1ecba h\u00ecnh h\u1ed7n h\u1ee3p, m\u1ea1nh m\u1ebd v\u00e0 linh ho\u1ea1t GIANT ATX 810 l\u00e0 m\u1eabu xe \u0111\u1ea1p \u0111\u1ecba h\u00ecnh \u0111a n\u0103ng, ph\u00f9 h\u1ee3p cho c\u1ea3 \u0111\u01b0\u1eddng ph\u1ed1 v\u00e0 \u0111\u1ecba h\u00ecnh g\u1ed3 gh\u1ec1. Xe \u0111\u01b0\u1ee3c trang b\u1ecb h\u1ec7 th\u1ed1ng tay phanh MPH hi\u1ec7n \u0111\u1ea1i, v\u1eeba mang l\u1ea1i ngo\u1ea1i h\u00ecnh th\u1ec3 thao b\u1eaft m\u1eaft, v\u1eeba \u0111\u1ea3m b\u1ea3o l\u1ef1c phanh m\u1ea1nh m\u1ebd v\u00e0 an to\u00e0n. Thi\u1ebft k\u1ebf t\u1ed1i \u01b0u gi\u00fap ATX 810 tr\u1edf th\u00e0nh l\u1ef1a ch\u1ecdn ho\u00e0n h\u1ea3o cho ng\u01b0\u1eddi y\u00eau v\u1eadn \u0111\u1ed9ng h\u00e0ng ng\u00e0y v\u00e0 c\u00e1c ho\u1ea1t \u0111\u1ed9ng vi\u1ec7t d\u00e3.<\/p>\n<p>\u0110\u1ed9t ph\u00e1 m\u1edbi, gi\u00e1 tr\u1ecb cao:\u00a0<strong>Xe \u0111\u1ea1p GIANT 2026 ATX 810<\/strong>\u00a0s\u1eed d\u1ee5ng khung h\u1ee3p kim nh\u00f4m GIANT ALUXX, n\u1ed5i b\u1eadt v\u1edbi k\u1ef9 thu\u1eadt h\u00e0n Smooth gi\u00fap c\u00e1c m\u1ed1i h\u00e0n ph\u1eb3ng m\u1ecbn v\u00e0 li\u1ec1n m\u1ea1ch, t\u0103ng t\u00ednh th\u1ea9m m\u1ef9 v\u00e0 \u0111\u1ed9 b\u1ec1n cho khung xe.<\/p>\n<p>Khung n\u00e2ng c\u1ea5p tr\u1ee5c Boost chu\u1ea9n 15\u00d7110 \u2013 T\u1ed1i \u01b0u \u0111\u1ed9 c\u1ee9ng, gi\u1ea3m tr\u1ecdng l\u01b0\u1ee3ng, hi\u1ec7u su\u1ea5t v\u01b0\u1ee3t tr\u1ed9i v\u00e0 \u1ed5n \u0111\u1ecbnh khi v\u1eadn h\u00e0nh. K\u1ebft h\u1ee3p phu\u1ed9c nh\u00f4m th\u1ee7y l\u1ef1c 29, h\u00e0nh tr\u00ecnh 100mm, gi\u00fap gi\u1ea3m x\u00f3c hi\u1ec7u qu\u1ea3, tr\u1ecdng l\u01b0\u1ee3ng nh\u1eb9, t\u1ed1i \u01b0u hi\u1ec7u su\u1ea5t tr\u00ean \u0111\u1ecba h\u00ecnh kh\u00f3.<\/p>\n<p>GIANT ATX 810 trang b\u1ecb h\u1ec7 truy\u1ec1n \u0111\u1ed9ng SHIMANO ALTUS 2S v\u00e0 SHIMANO TOURNEY 8S, k\u1ebft h\u1ee3p \u0111\u00f9i nh\u00f4m v\u00e0 l\u00edp SHIMANO 8S b\u1ec1n b\u1ec9, chuy\u1ec3n s\u1ed1 m\u01b0\u1ee3t m\u00e0. D\u1ea3i b\u00e1nh r\u0103ng \u0111a d\u1ea1ng, ph\u00f9 h\u1ee3p nhi\u1ec1u m\u1ee5c \u0111\u00edch \u0111\u1ea1p xe: t\u1eeb th\u1ec3 thao, d\u00e3 ngo\u1ea1i \u0111\u1ebfn di chuy\u1ec3n h\u1eb1ng ng\u00e0y linh ho\u1ea1t v\u00e0 hi\u1ec7u qu\u1ea3.<\/p>\n","protected":false},"featured_media":11876,"comment_status":"closed","ping_status":"closed","template":"","meta":[],"product_cat":[72],"product_tag":[],"class_list":["post-11871","product","type-product","status-publish","has-post-thumbnail","hentry","product_cat-xe-dap-dia-hinh"],"_links":{"self":[{"href":"https:\/\/xedop.com\/en\/wp-json\/wp\/v2\/product\/11871","targetHints":{"allow":["GET"]}}],"collection":[{"href":"https:\/\/xedop.com\/en\/wp-json\/wp\/v2\/product"}],"about":[{"href":"https:\/\/xedop.com\/en\/wp-json\/wp\/v2\/types\/product"}],"replies":[{"embeddable":true,"href":"https:\/\/xedop.com\/en\/wp-json\/wp\/v2\/comments?post=11871"}],"version-history":[{"count":1,"href":"https:\/\/xedop.com\/en\/wp-json\/wp\/v2\/product\/11871\/revisions"}],"predecessor-version":[{"id":11878,"href":"https:\/\/xedop.com\/en\/wp-json\/wp\/v2\/product\/11871\/revisions\/11878"}],"wp:featuredmedia":[{"embeddable":true,"href":"https:\/\/xedop.com\/en\/wp-json\/wp\/v2\/media\/11876"}],"wp:attachment":[{"href":"https:\/\/xedop.com\/en\/wp-json\/wp\/v2\/media?parent=11871"}],"wp:term":[{"taxonomy":"product_cat","embeddable":true,"href":"https:\/\/xedop.com\/en\/wp-json\/wp\/v2\/product_cat?post=11871"},{"taxonomy":"product_tag","embeddable":true,"href":"https:\/\/xedop.com\/en\/wp-json\/wp\/v2\/product_tag?post=11871"}],"curies":[{"name":"wp","href":"https:\/\/api.w.org\/{rel}","templated":true}]}}