{"id":11962,"date":"2026-03-20T10:22:32","date_gmt":"2026-03-20T03:22:32","guid":{"rendered":"https:\/\/xedop.com\/?post_type=product&#038;p=11962"},"modified":"2026-03-20T10:32:50","modified_gmt":"2026-03-20T03:32:50","slug":"xe-dap-dia-hinh-orbea-onna-20-2026","status":"publish","type":"product","link":"https:\/\/xedop.com\/en\/san-pham\/xe-dap-dia-hinh-orbea-onna-20-2026\/","title":{"rendered":"Xe \u0111\u1ea1p \u0111\u1ecba h\u00ecnh ORBEA ONNA 20 2026"},"content":{"rendered":"<div class=\"pop-up-sidebar-title\">\n<h2>Specs (Th\u00f4ng s\u1ed1 k\u1ef9 thu\u1eadt)<\/h2>\n<\/div>\n<div class=\"pop-up-sidebar-content\">\n<div class=\"especifications-block\">\n<div class=\"content-block\">\n<div class=\"row\">\n<div class=\"title-row\">\n<h3>Frameset (H\u1ec7 th\u1ed1ng khung)<\/h3>\n<\/div>\n<div><span class=\"reference\">Frame (Khung): <\/span>Orbea Onna Alloy, Dropout 9&#215;135, BSA BB, Internal cable routing<\/div>\n<div><span class=\"reference\">Fork (Phu\u1ed9c): <\/span>RockShox Judy Silver TK Crown adjust QR Solo Air 100<\/div>\n<div><span class=\"reference\">Steerer tube (\u1ed0ng l\u00e1i): <\/span>1&#8243;-1\/2 Semi-Integrated<\/div>\n<\/div>\n<div class=\"row\">\n<div class=\"title-row\">\n<h3>Drivetrain (H\u1ec7 th\u1ed1ng truy\u1ec1n \u0111\u1ed9ng)<\/h3>\n<\/div>\n<div><span class=\"reference\">Crankset (\u0110\u00f9i \u0111\u0129a): <\/span>Forged alloy, 32t<\/div>\n<div><span class=\"reference\">Shifters (Tay \u0111\u1ec1): <\/span>Shimano Cues SL-U6000<\/div>\n<div><span class=\"reference\">Cassette (L\u00edp): <\/span>Sun Race 11-50t 11-Speed<\/div>\n<div><span class=\"reference\">Rear derailleur (Chuy\u1ec3n \u0111\u1ec1 sau): <\/span>Shimano Cues U6000 GS Shadow<\/div>\n<div><span class=\"reference\">Chain (X\u00edch): <\/span>KMC eGlide<\/div>\n<\/div>\n<div class=\"row\">\n<div class=\"title-row\">\n<h3>Cockpit (H\u1ec7 th\u1ed1ng l\u00e1i)<\/h3>\n<\/div>\n<div><span class=\"reference\">Handlebar (Ghi \u0111\u00f4ng): <\/span>Alloy, 31.8mm, Flat, 740mm, Sweep 9<\/div>\n<div><span class=\"reference\">Stem: <\/span>Alloy, 7\u00ba<\/div>\n<\/div>\n<div class=\"row\">\n<div class=\"title-row\">\n<h3>Brakes (H\u1ec7 th\u1ed1ng phanh)<\/h3>\n<\/div>\n<div><span class=\"reference\">Brakes (Phanh): <\/span>Shimano MT200 Hydraulic Disc<\/div>\n<\/div>\n<div class=\"row\">\n<div class=\"title-row\">\n<h3>Wheels (H\u1ec7 th\u1ed1ng b\u00e1nh xe)<\/h3>\n<\/div>\n<div><span class=\"reference\">Wheels (V\u00e0nh): <\/span>WH 2.1, Alloy, 29&#8243;, 32H<\/div>\n<div><span class=\"reference\">Tyres (L\u1ed1p): <\/span>Kenda Booster 2.40&#8243; 30TPI<\/div>\n<\/div>\n<div class=\"row\">\n<div class=\"title-row\">\n<h3>Accessories (Ph\u1ee5 ki\u1ec7n)<\/h3>\n<\/div>\n<div><span class=\"reference\">Pedals (B\u00e0n \u0111\u1ea1p): <\/span>VP-537 Black<\/div>\n<\/div>\n<div class=\"row\">\n<div class=\"title-row\">\n<h3>Components (Linh ki\u1ec7n kh\u00e1c)<\/h3>\n<\/div>\n<div><span class=\"reference\">Seatpost (C\u1ecdc y\u00ean): <\/span>SP 0.6, Alloy, 27.2mm, Setback 0<\/div>\n<div><span class=\"reference\">Saddle (Y\u00ean): <\/span>Fortune QF-3091<\/div>\n<\/div>\n<\/div>\n<\/div>\n<\/div>\n<p>&nbsp;<\/p>\n<p><span style=\"font-size: 30px;\">Size guide (H\u01b0\u1edbng d\u1eabn ch\u1ecdn size)<\/span><\/p>\n<div class=\"pop-up-sidebar-content\">\n<p>Size\u00a0 \u00a0 \u00a0 \u00a0 \u00a0 \u00a0 \u00a0 \u00a0 \u00a0 \u00a0 \u00a0 \u00a0 \u00a0Chi\u1ec1u cao (cm)<\/p>\n<div class=\"sizes-table sizes-and-geometry\">\n<div class=\"wrapp dragel\">\n<div class=\"grid grid-2\">\n<div class=\"row\">S-29\u201d\u00a0 \u00a0 \u00a0 \u00a0 \u00a0 \u00a0 \u00a0 \u00a0 \u00a0 \u00a0 \u00a0 \u00a0 \u00a0 \u00a0155-170<\/div>\n<div class=\"row\">\n<div class=\"normal\">M-29\u201d\u00a0 \u00a0 \u00a0 \u00a0 \u00a0 \u00a0 \u00a0 \u00a0 \u00a0 \u00a0 \u00a0 \u00a0 \u00a0 165-180<\/div>\n<\/div>\n<div class=\"row\">\n<div class=\"normal\">L-29\u201d\u00a0 \u00a0 \u00a0 \u00a0 \u00a0 \u00a0 \u00a0 \u00a0 \u00a0 \u00a0 \u00a0 \u00a0 \u00a0 \u00a0175-190<\/div>\n<\/div>\n<\/div>\n<\/div>\n<\/div>\n<\/div>\n","protected":false},"excerpt":{"rendered":"<p>Specs (Th\u00f4ng s\u1ed1 k\u1ef9 thu\u1eadt) Frameset (H\u1ec7 th\u1ed1ng khung) Frame (Khung): Orbea Onna Alloy, Dropout 9&#215;135, BSA BB, Internal cable routing Fork (Phu\u1ed9c): RockShox Judy Silver<span class=\"excerpt-hellip\"> [\u2026]<\/span><\/p>\n","protected":false},"featured_media":11963,"comment_status":"closed","ping_status":"closed","template":"","meta":[],"product_cat":[63],"product_tag":[],"class_list":["post-11962","product","type-product","status-publish","has-post-thumbnail","hentry","product_cat-xe-dap-dia-hinh-mountain-bike"],"_links":{"self":[{"href":"https:\/\/xedop.com\/en\/wp-json\/wp\/v2\/product\/11962","targetHints":{"allow":["GET"]}}],"collection":[{"href":"https:\/\/xedop.com\/en\/wp-json\/wp\/v2\/product"}],"about":[{"href":"https:\/\/xedop.com\/en\/wp-json\/wp\/v2\/types\/product"}],"replies":[{"embeddable":true,"href":"https:\/\/xedop.com\/en\/wp-json\/wp\/v2\/comments?post=11962"}],"version-history":[{"count":2,"href":"https:\/\/xedop.com\/en\/wp-json\/wp\/v2\/product\/11962\/revisions"}],"predecessor-version":[{"id":11978,"href":"https:\/\/xedop.com\/en\/wp-json\/wp\/v2\/product\/11962\/revisions\/11978"}],"wp:featuredmedia":[{"embeddable":true,"href":"https:\/\/xedop.com\/en\/wp-json\/wp\/v2\/media\/11963"}],"wp:attachment":[{"href":"https:\/\/xedop.com\/en\/wp-json\/wp\/v2\/media?parent=11962"}],"wp:term":[{"taxonomy":"product_cat","embeddable":true,"href":"https:\/\/xedop.com\/en\/wp-json\/wp\/v2\/product_cat?post=11962"},{"taxonomy":"product_tag","embeddable":true,"href":"https:\/\/xedop.com\/en\/wp-json\/wp\/v2\/product_tag?post=11962"}],"curies":[{"name":"wp","href":"https:\/\/api.w.org\/{rel}","templated":true}]}}