{"id":12121,"date":"2026-04-01T15:16:49","date_gmt":"2026-04-01T08:16:49","guid":{"rendered":"https:\/\/xedop.com\/?post_type=product&#038;p=12121"},"modified":"2026-04-01T15:16:50","modified_gmt":"2026-04-01T08:16:50","slug":"binh-xit-ve-sinh-xich-lip-cylion-clb0001","status":"publish","type":"product","link":"https:\/\/xedop.com\/en\/san-pham\/binh-xit-ve-sinh-xich-lip-cylion-clb0001\/","title":{"rendered":"B\u00ecnh x\u1ecbt v\u1ec7 sinh x\u00edch l\u00edp Cylion CLB0001"},"content":{"rendered":"<p>B\u00ecnh x\u1ecbt v\u1ec7 sinh x\u00edch l\u00edp Cylion CLB0001<\/p>\n<p>&#8211; Dung t\u00edch 400 ml<\/p>\n<p>&#8211; Ch\u1ea5t li\u1ec7u m\u1edbi, t\u1ea9y r\u1eeda t\u1ed1t h\u01a1n, kh\u00f4ng g\u00e2y m\u00f9i kh\u00f3 ch\u1ecbu<\/p>\n","protected":false},"excerpt":{"rendered":"<p>B\u00ecnh x\u1ecbt v\u1ec7 sinh x\u00edch l\u00edp Cylion CLB0001 &#8211; Dung t\u00edch 400 ml &#8211; Ch\u1ea5t li\u1ec7u m\u1edbi, t\u1ea9y r\u1eeda t\u1ed1t h\u01a1n, kh\u00f4ng g\u00e2y m\u00f9i kh\u00f3 ch\u1ecbu<\/p>\n","protected":false},"featured_media":12122,"comment_status":"closed","ping_status":"closed","template":"","meta":[],"product_cat":[80],"product_tag":[],"class_list":["post-12121","product","type-product","status-publish","has-post-thumbnail","hentry","product_cat-ve-sinh"],"_links":{"self":[{"href":"https:\/\/xedop.com\/en\/wp-json\/wp\/v2\/product\/12121","targetHints":{"allow":["GET"]}}],"collection":[{"href":"https:\/\/xedop.com\/en\/wp-json\/wp\/v2\/product"}],"about":[{"href":"https:\/\/xedop.com\/en\/wp-json\/wp\/v2\/types\/product"}],"replies":[{"embeddable":true,"href":"https:\/\/xedop.com\/en\/wp-json\/wp\/v2\/comments?post=12121"}],"version-history":[{"count":1,"href":"https:\/\/xedop.com\/en\/wp-json\/wp\/v2\/product\/12121\/revisions"}],"predecessor-version":[{"id":12124,"href":"https:\/\/xedop.com\/en\/wp-json\/wp\/v2\/product\/12121\/revisions\/12124"}],"wp:featuredmedia":[{"embeddable":true,"href":"https:\/\/xedop.com\/en\/wp-json\/wp\/v2\/media\/12122"}],"wp:attachment":[{"href":"https:\/\/xedop.com\/en\/wp-json\/wp\/v2\/media?parent=12121"}],"wp:term":[{"taxonomy":"product_cat","embeddable":true,"href":"https:\/\/xedop.com\/en\/wp-json\/wp\/v2\/product_cat?post=12121"},{"taxonomy":"product_tag","embeddable":true,"href":"https:\/\/xedop.com\/en\/wp-json\/wp\/v2\/product_tag?post=12121"}],"curies":[{"name":"wp","href":"https:\/\/api.w.org\/{rel}","templated":true}]}}