{"id":12242,"date":"2026-04-14T14:56:21","date_gmt":"2026-04-14T07:56:21","guid":{"rendered":"https:\/\/xedop.com\/?post_type=product&#038;p=12242"},"modified":"2026-04-14T14:56:21","modified_gmt":"2026-04-14T07:56:21","slug":"bom-mini-floor-pumps-giyo-gm-641","status":"publish","type":"product","link":"https:\/\/xedop.com\/en\/san-pham\/bom-mini-floor-pumps-giyo-gm-641\/","title":{"rendered":"B\u01a1m Mini Floor Pumps Giyo GM-641"},"content":{"rendered":"<p class=\"elementor-heading-title elementor-size-default\"><span dir=\"auto\">B\u01a1m s\u00e0n si\u00eau nh\u1ecf b\u1eb1ng nh\u00f4m<\/span><\/p>\n<p><span dir=\"auto\">B\u01a1m s\u00e0n mini GM-641 b\u1eb1ng nh\u00f4m<\/span><\/p>\n<ul>\n<li><span dir=\"auto\">N\u00f2ng s\u00fang b\u1eb1ng nh\u00f4m 6063<\/span><\/li>\n<li><span dir=\"auto\">Tay c\u1ea7m h\u00ecnh ch\u1eef T ti\u1ec7n d\u1ee5ng gi\u00fap c\u1ea7m n\u1eafm t\u1ed1t h\u01a1n.<\/span><\/li>\n<li><span dir=\"auto\">\u1ed0ng m\u1ec1m c\u00f3 th\u1ec3 xoay gi\u00fap v\u1eadn h\u00e0nh t\u1ed1t h\u01a1n.<\/span><\/li>\n<li><span dir=\"auto\">Van Presta v\u00e0 Schrader c\u00f3 th\u1ec3 \u0111\u1ea3o chi\u1ec1u<\/span><\/li>\n<li><span dir=\"auto\">Th\u01b0\u1edbc \u0111o \u0111a n\u0103ng<\/span><\/li>\n<li><span dir=\"auto\">Chi\u1ec1u d\u00e0i 11 inch<\/span><\/li>\n<li>\u00c1p l\u1ef1c b\u01a1m t\u1ed1i \u0111a 140 psi<\/li>\n<li>C\u00e2n n\u1eb7ng 198g<\/li>\n<\/ul>\n","protected":false},"excerpt":{"rendered":"<p>B\u01a1m s\u00e0n si\u00eau nh\u1ecf b\u1eb1ng nh\u00f4m B\u01a1m s\u00e0n mini GM-641 b\u1eb1ng nh\u00f4m N\u00f2ng s\u00fang b\u1eb1ng nh\u00f4m 6063 Tay c\u1ea7m h\u00ecnh ch\u1eef T ti\u1ec7n d\u1ee5ng gi\u00fap c\u1ea7m<span class=\"excerpt-hellip\"> [\u2026]<\/span><\/p>\n","protected":false},"featured_media":12243,"comment_status":"closed","ping_status":"closed","template":"","meta":[],"product_cat":[79],"product_tag":[],"class_list":["post-12242","product","type-product","status-publish","has-post-thumbnail","hentry","product_cat-bom"],"_links":{"self":[{"href":"https:\/\/xedop.com\/en\/wp-json\/wp\/v2\/product\/12242","targetHints":{"allow":["GET"]}}],"collection":[{"href":"https:\/\/xedop.com\/en\/wp-json\/wp\/v2\/product"}],"about":[{"href":"https:\/\/xedop.com\/en\/wp-json\/wp\/v2\/types\/product"}],"replies":[{"embeddable":true,"href":"https:\/\/xedop.com\/en\/wp-json\/wp\/v2\/comments?post=12242"}],"version-history":[{"count":1,"href":"https:\/\/xedop.com\/en\/wp-json\/wp\/v2\/product\/12242\/revisions"}],"predecessor-version":[{"id":12259,"href":"https:\/\/xedop.com\/en\/wp-json\/wp\/v2\/product\/12242\/revisions\/12259"}],"wp:featuredmedia":[{"embeddable":true,"href":"https:\/\/xedop.com\/en\/wp-json\/wp\/v2\/media\/12243"}],"wp:attachment":[{"href":"https:\/\/xedop.com\/en\/wp-json\/wp\/v2\/media?parent=12242"}],"wp:term":[{"taxonomy":"product_cat","embeddable":true,"href":"https:\/\/xedop.com\/en\/wp-json\/wp\/v2\/product_cat?post=12242"},{"taxonomy":"product_tag","embeddable":true,"href":"https:\/\/xedop.com\/en\/wp-json\/wp\/v2\/product_tag?post=12242"}],"curies":[{"name":"wp","href":"https:\/\/api.w.org\/{rel}","templated":true}]}}