{"id":12260,"date":"2026-04-14T15:36:36","date_gmt":"2026-04-14T08:36:36","guid":{"rendered":"https:\/\/xedop.com\/?post_type=product&#038;p=12260"},"modified":"2026-04-14T15:36:36","modified_gmt":"2026-04-14T08:36:36","slug":"xe-dap-giant-2026-xtc-800-e","status":"publish","type":"product","link":"https:\/\/xedop.com\/en\/san-pham\/xe-dap-giant-2026-xtc-800-e\/","title":{"rendered":"Xe \u0111\u1ea1p GIANT 2026 XTC 800-E"},"content":{"rendered":"<div class=\"box_list_tt\">\n<h4>KHUNG<\/h4>\n<p>K\u00edch c\u1ee1\/Sizes:S, M, L<\/p>\n<p>M\u00e0u s\u1eafc\/Colors:Xanh ghi, Xanh<\/p>\n<p>Ch\u1ea5t li\u1ec7u khung\/Frame:H\u1ee3p kim nh\u00f4m ALUXX SLR<\/p>\n<p>Phu\u1ed9c\/Fork:H\u1ee3p kim nh\u00f4m Giant SXC2<\/p>\n<p>Gi\u1ea3m x\u00f3c\/Shock:&#8212;<\/p>\n<h4>H\u00ca\u0323 TH\u00d4\u0301NG BA\u0301NH XE<\/h4>\n<p>V\u00e0nh xe\/Rims:H\u1ee3p kim nh\u00f4m 2 l\u1edbp<\/p>\n<p>Moay \u01a1\/Hubs:N\/A<\/p>\n<p>Nan hoa\/Spokes:14G HTSS<\/p>\n<p>L\u1ed1p xe\/Tires:QUICKSAND 30TPI ch\u1ed1ng th\u1ee7ng<\/p>\n<h4>KHA\u0301C<\/h4>\n<p>Th\u00eam\/Extras:M\u1ed9t s\u1ed1 linh ki\u1ec7n c\u00f3 th\u1ec3 thay th\u1ebf lo\u1ea1i t\u01b0\u01a1ng \u0111\u01b0\u01a1ng kh\u00f4ng b\u00e1o tr\u01b0\u1edbc<\/p>\n<\/div>\n<div class=\"box_list_tt\">\n<h4>CA\u0301C B\u00d4\u0323 PH\u00c2\u0323N<\/h4>\n<p>Ghi \u0111\u00f4ng\/Handlebar:H\u1ee3p kim nh\u00f4m<\/p>\n<p>P\u00f4 t\u0103ng\/Stem:H\u1ee3p kim nh\u00f4m<\/p>\n<p>C\u1ecdc y\u00ean\/Seatpost:H\u1ee3p kim nh\u00f4m<\/p>\n<p>Y\u00ean\/Saddle:Sport<\/p>\n<p>Ba\u0300n \u0111a\u0323p\/Pedals:C\u00f3 s\u1eb5n<\/p>\n<h4>B\u00d4\u0323 TRUY\u00ca\u0300N \u0110\u00d4\u0323NG<\/h4>\n<p>Tay \u0111\u1ec1\/Shifters:Shimano CUES<\/p>\n<p>B\u1ed9 chuy\u1ec3n \u0111\u1ec1 tr\u01b0\u1edbc\/Front Derailleur:N\/A<\/p>\n<p>B\u1ed9 chuy\u1ec3n \u0111\u1ec1 sau\/Rear Derailleur:N\/A<\/p>\n<p>Phanh\/Brakes:\u0110\u0129a d\u1ea7u Shimano MT200<\/p>\n<p>Tay phanh\/Brake Levers:N\/A<\/p>\n<p>L\u00edp\/Cassette:N\/A<\/p>\n<p>X\u00edch\/Chain:N\/A<\/p>\n<p>\u0110\u00f9i \u0111\u0129a\/Crankset:H\u1ee3p kim nh\u00f4m, 2-PC<\/p>\n<\/div>\n","protected":false},"excerpt":{"rendered":"<p>KHUNG K\u00edch c\u1ee1\/Sizes:S, M, L M\u00e0u s\u1eafc\/Colors:Xanh ghi, Xanh Ch\u1ea5t li\u1ec7u khung\/Frame:H\u1ee3p kim nh\u00f4m ALUXX SLR Phu\u1ed9c\/Fork:H\u1ee3p kim nh\u00f4m Giant SXC2 Gi\u1ea3m x\u00f3c\/Shock:&#8212; H\u00ca\u0323 TH\u00d4\u0301NG BA\u0301NH<span class=\"excerpt-hellip\"> [\u2026]<\/span><\/p>\n","protected":false},"featured_media":12261,"comment_status":"closed","ping_status":"closed","template":"","meta":[],"product_cat":[72],"product_tag":[],"class_list":["post-12260","product","type-product","status-publish","has-post-thumbnail","hentry","product_cat-xe-dap-dia-hinh"],"_links":{"self":[{"href":"https:\/\/xedop.com\/en\/wp-json\/wp\/v2\/product\/12260","targetHints":{"allow":["GET"]}}],"collection":[{"href":"https:\/\/xedop.com\/en\/wp-json\/wp\/v2\/product"}],"about":[{"href":"https:\/\/xedop.com\/en\/wp-json\/wp\/v2\/types\/product"}],"replies":[{"embeddable":true,"href":"https:\/\/xedop.com\/en\/wp-json\/wp\/v2\/comments?post=12260"}],"version-history":[{"count":1,"href":"https:\/\/xedop.com\/en\/wp-json\/wp\/v2\/product\/12260\/revisions"}],"predecessor-version":[{"id":12265,"href":"https:\/\/xedop.com\/en\/wp-json\/wp\/v2\/product\/12260\/revisions\/12265"}],"wp:featuredmedia":[{"embeddable":true,"href":"https:\/\/xedop.com\/en\/wp-json\/wp\/v2\/media\/12261"}],"wp:attachment":[{"href":"https:\/\/xedop.com\/en\/wp-json\/wp\/v2\/media?parent=12260"}],"wp:term":[{"taxonomy":"product_cat","embeddable":true,"href":"https:\/\/xedop.com\/en\/wp-json\/wp\/v2\/product_cat?post=12260"},{"taxonomy":"product_tag","embeddable":true,"href":"https:\/\/xedop.com\/en\/wp-json\/wp\/v2\/product_tag?post=12260"}],"curies":[{"name":"wp","href":"https:\/\/api.w.org\/{rel}","templated":true}]}}