{"id":12274,"date":"2026-04-18T08:56:37","date_gmt":"2026-04-18T01:56:37","guid":{"rendered":"https:\/\/xedop.com\/?post_type=product&#038;p=12274"},"modified":"2026-04-20T20:28:19","modified_gmt":"2026-04-20T13:28:19","slug":"xe-dap-trek-fx-3-disc","status":"publish","type":"product","link":"https:\/\/xedop.com\/en\/san-pham\/xe-dap-trek-fx-3-disc\/","title":{"rendered":"Xe \u0111\u1ea1p TREK FX 3 DISC"},"content":{"rendered":"<table>\n<tbody>\n<tr>\n<th>Khung<\/th>\n<td>H\u1ee3p kim nh\u00f4m Alpha Gold Aluminum, \u0111i d\u00e2y c\u00e1p \u00e2m s\u01b0\u1eddn, flat mount disc, c\u00f3 ng\u00e0m g\u1eafn baga v\u00e0 v\u00e8 xe, tr\u1ee5c 135\u00d75 mm QR<\/td>\n<\/tr>\n<tr>\n<th>Phu\u1ed9c<\/th>\n<td>FX carbon, flat-mount disc, rack mounts, 410 mm axle-to-crown, ThruSkew 5 mm QR<\/td>\n<\/tr>\n<tr>\n<th>\u0110\u00f9m tr\u01b0\u1edbc<\/th>\n<td>Formula DC-20, h\u1ee3p kim nh\u00f4m, 6-bolt, 5\u00d7100 mm QR<\/td>\n<\/tr>\n<tr>\n<th>\u0110\u00f9m sau<\/th>\n<td>Formula DC-22, h\u1ee3p kim nh\u00f4m, 6-bolt, Shimano freehub 8\/9\/10, 135\u00d75 mm QR<\/td>\n<\/tr>\n<tr>\n<th>V\u00e0nh xe<\/th>\n<td>Bontrager Tubeless Ready Disc, 32 l\u1ed7, van Presta<\/td>\n<\/tr>\n<tr>\n<th>Nan hoa<\/th>\n<td>14g, th\u00e9p kh\u00f4ng r\u1ec9<\/td>\n<\/tr>\n<tr>\n<th>L\u1ed1p xe<\/th>\n<td>Bontrager H2 Comp, wire bead, 30 tpi, 700\u00d735 mm<\/td>\n<\/tr>\n<tr>\n<th>Tay \u0111\u1ec1<\/th>\n<td>Shimano CUES U6000, c\u00f3 hi\u1ec3n th\u1ecb c\u1ea5p s\u1ed1 quang h\u1ecdc, 10 t\u1ed1c \u0111\u1ed9<\/td>\n<\/tr>\n<tr>\n<th>\u0110\u1ec1 sau<\/th>\n<td>Shimano CUES U6000 GS<\/td>\n<\/tr>\n<tr>\n<th>\u0110\u00f9i \u0111\u0129a<\/th>\n<td>ProWheel Pro alloy, \u0111\u0129a th\u00e9p narrow-wide 40T, chi\u1ec1u d\u00e0i tay \u0111\u00f9i 170 mm<\/td>\n<\/tr>\n<tr>\n<th>\u1ed4 l\u00edp<\/th>\n<td>Shimano CUES LG300, LINKGLIDE, 11\u201348T, 10 t\u1ed1c \u0111\u1ed9<\/td>\n<\/tr>\n<tr>\n<th>X\u00edch xe<\/th>\n<td>Shimano LG500<\/td>\n<\/tr>\n<tr>\n<th>B\u00e0n \u0111\u1ea1p<\/th>\n<td>Bontrager City<\/td>\n<\/tr>\n<tr>\n<th>Y\u00ean xe<\/th>\n<td>Bontrager H1<\/td>\n<\/tr>\n<tr>\n<th>C\u1ed1t y\u00ean<\/th>\n<td>Bontrager alloy, \u0111\u01b0\u1eddng k\u00ednh 27.2 mm, offset 12 mm, d\u00e0i 330 mm<\/td>\n<\/tr>\n<tr>\n<th>Tay l\u00e1i<\/th>\n<td>Size XS\u2013S\u2013M: Bontrager Satellite Plus IsoZone, alloy, 31.8 mm, rise 15 mm, r\u1ed9ng 600 mm<br \/>\nSize L\u2013XL\u2013XXL: Bontrager Satellite Plus IsoZone, alloy, 31.8 mm, rise 15 mm, r\u1ed9ng 660 mm<\/td>\n<\/tr>\n<tr>\n<th>Bao tay n\u1eafm<\/th>\n<td>Bontrager Satellite IsoZone Plus, lock-on, thi\u1ebft k\u1ebf ergonomic<\/td>\n<\/tr>\n<tr>\n<th>C\u1ed5 l\u00e1i<\/th>\n<td>Size XS\u2013S: Bontrager Comp, 31.8 mm, Blendr compatible, g\u00f3c 7\u00b0, d\u00e0i 90 mm<br \/>\nSize M\u2013L\u2013XL\u2013XXL: Bontrager Comp, 31.8 mm, Blendr compatible, g\u00f3c 7\u00b0, d\u00e0i 100 mm<\/td>\n<\/tr>\n<tr>\n<th>Ch\u00e9n c\u1ed5<\/th>\n<td>1 1\/8&#8243; steel threadless, v\u00f2ng bi cartridge k\u00edn<\/td>\n<\/tr>\n<tr>\n<th>B\u1ed9 phanh<\/th>\n<td>Phanh \u0111\u0129a d\u1ea7u Shimano, tay th\u1eafng MT201, heo d\u1ea7u UR300<\/td>\n<\/tr>\n<tr>\n<th>Ph\u1ee5 ki\u1ec7n<\/th>\n<td>V\u00e8 xe, ch\u00e2n ch\u1ed1ng v\u00e0 baga sau<\/td>\n<\/tr>\n<tr>\n<th>Tr\u1ecdng l\u01b0\u1ee3ng<\/th>\n<td>Size M: 11.50 kg \/ 25.36 lb<\/td>\n<\/tr>\n<tr>\n<th>T\u1ea3i tr\u1ecdng t\u1ed1i \u0111a<\/th>\n<td>136 kg (bao g\u1ed3m xe, ng\u01b0\u1eddi l\u00e1i v\u00e0 h\u00e0nh l\u00fd)<\/td>\n<\/tr>\n<tr>\n<th>L\u01b0u \u00fd<\/th>\n<td>Nh\u00e0 ph\u00e2n ph\u1ed1i t\u1ea1i Vi\u1ec7t Nam c\u00f3 quy\u1ec1n thay \u0111\u1ed5i c\u1ea5u h\u00ecnh, linh ki\u1ec7n, m\u00e0u s\u1eafc, k\u00edch th\u01b0\u1edbc v\u00e0 gi\u00e1 b\u00e1n m\u00e0 kh\u00f4ng c\u1ea7n th\u00f4ng b\u00e1o tr\u01b0\u1edbc. Tr\u1ecdng l\u01b0\u1ee3ng hi\u1ec3n th\u1ecb d\u1ef1a tr\u00ean khung ti\u1ec1n s\u1ea3n xu\u1ea5t, c\u00f3 th\u1ec3 ch\u00eanh l\u1ec7ch so v\u1edbi phi\u00ean b\u1ea3n th\u01b0\u01a1ng m\u1ea1i.<\/td>\n<\/tr>\n<\/tbody>\n<\/table>\n","protected":false},"excerpt":{"rendered":"<p><strong>N\u00f3 ph\u00f9 h\u1ee3p v\u1edbi b\u1ea1n n\u1ebfu&#8230;<\/strong><\/p>\n<p>L\u00e0 ng\u01b0\u1eddi th\u01b0\u1eddng xuy\u00ean di chuy\u1ec3n b\u1eb1ng xe \u0111\u1ea1p ho\u1eb7c \u0111\u1ea1p xe v\u00ec m\u1ee5c \u0111\u00edch r\u00e8n luy\u1ec7n s\u1ee9c kh\u1ecfe, v\u00e0 b\u1ea1n \u0111ang t\u1eadn h\u01b0\u1edfng vi\u1ec7c d\u00e0nh nhi\u1ec1u th\u1eddi gian h\u01a1n \u0111\u1ec3 \u0111\u1ea1p xe. B\u1ea1n mu\u1ed1n m\u1ed9t chi\u1ebfc xe \u0111\u1ea1p c\u00f3 ki\u1ec3u d\u00e1ng \u0111\u1eb9p, \u0111a n\u0103ng, tho\u1ea3i m\u00e1i v\u00e0 \u0111\u01b0\u1ee3c trang b\u1ecb c\u00e1c b\u1ed9 ph\u1eadn ch\u1ea5t l\u01b0\u1ee3ng \u0111\u1ec3 c\u00f3 th\u1ec3 ho\u1ea1t \u0111\u1ed9ng t\u1ed1t trong nh\u1eefng chuy\u1ebfn \u0111i d\u00e0i h\u01a1n.<\/p>\n<p><strong>C\u00f4ng ngh\u1ec7 b\u1ea1n \u0111\u01b0\u1ee3c trang b\u1ecb<\/strong><\/p>\n<p>Khung nh\u00f4m Alpha Gold si\u00eau nh\u1eb9, phu\u1ed9c carbon, phanh \u0111\u0129a th\u1ee7y l\u1ef1c \u0111\u1ea3m b\u1ea3o l\u1ef1c d\u1eebng m\u1ea1nh m\u1ebd trong m\u1ecdi \u0111i\u1ec1u ki\u1ec7n th\u1eddi ti\u1ebft, v\u00e0 h\u1ec7 th\u1ed1ng truy\u1ec1n \u0111\u1ed9ng 1x \u0111\u01a1n gi\u1ea3n lo\u1ea1i b\u1ecf c\u00f9i \u0111\u1ec1 tr\u01b0\u1edbc gi\u00fap xe g\u1ecdn g\u00e0ng v\u00e0 d\u1ec5 v\u1eadn h\u00e0nh h\u01a1n, d\u1ea3i t\u1ef7 s\u1ed1 truy\u1ec1n r\u1ed9ng v\u1eabn cung c\u1ea5p \u0111\u1ee7 t\u1ec9 s\u1ed1 truy\u1ec1n b\u1ea1n c\u1ea7n \u0111\u1ec3 chinh ph\u1ee5c nh\u1eefng con d\u1ed1c v\u00e0 &#8220;x\u00e9 gi\u00f3&#8221; tr\u00ean \u0111\u01b0\u1eddng b\u1eb1ng. Th\u00eam v\u00e0o \u0111\u00f3, b\u1ea1n c\u00f2n c\u00f3 ghi \u0111\u00f4ng h\u1ea5p th\u1ee5 rung v\u1edbi tay n\u1eafm c\u00f4ng th\u00e1i h\u1ecdc mang l\u1ea1i s\u1ef1 tho\u1ea3i m\u00e1i h\u01a1n trong m\u1ed7i chuy\u1ebfn \u0111i.<\/p>\n<p><strong>V\u00e0 tr\u00ean t\u1ea5t c\u1ea3 l\u00e0<\/strong><\/p>\n<p>FX 3 l\u00e0 m\u1ed9t chi\u1ebfc xe \u0111\u1ea1p th\u1ec3 thao nh\u1eb9 v\u00e0 nhanh, \u0111\u1ed3ng th\u1eddi l\u00e0 ph\u01b0\u01a1ng ti\u1ec7n \u0111i l\u1ea1i v\u00e0 d\u1ea1o ph\u1ed1 trong khu d\u00e2n c\u01b0, t\u1ea5t c\u1ea3 trong m\u1ed9t. Trong s\u1ed1 nh\u1eefng \u01b0u \u0111i\u1ec3m tuy\u1ec7t v\u1eddi c\u1ee7a chi\u1ebfc xe n\u00e0y, n\u00e2ng c\u1ea5p c\u00f4ng ngh\u1ec7 \u0111\u00e1ng gi\u00e1 nh\u1ea5t l\u00e0 h\u1ec7 truy\u1ec1n \u0111\u1ed9ng 1&#215;10 \u0111\u01a1n gi\u1ea3n nh\u01b0ng hi\u1ec7u qu\u1ea3.<\/p>\n<p><strong>B\u1ea1n s\u1ebd y\u00eau chi\u1ebfc xe n\u00e0y v\u00ec&#8230;<\/strong><\/p>\n<p>1- H\u1ec7 th\u1ed1ng th\u1eafng \u0111\u0129a m\u1ea1nh m\u1ebd &amp; \u0111\u00e1ng tin c\u1eady, \u0111\u1ed3ng ngh\u0129a th\u1eddi ti\u1ebft x\u1ea5u kh\u00f4ng th\u1ec3 ng\u0103n ng\u0103n b\u1ea1n t\u1eadn h\u01b0\u1edfng ni\u1ec1m vui \u0111\u1ea1p xe c\u1ee7a m\u00ecnh.<\/p>\n<p>2- Mang t\u00ednh linh ho\u1ea1t cao cho b\u1ea5t k\u1ef3 m\u1ee5c \u0111\u00edch n\u00e0o, cho d\u00f9 \u0111\u00f3 l\u00e0 \u0111\u1ea1p xe th\u1ec3 d\u1ee5c, di chuy\u1ec3n, ho\u1eb7c kh\u00e1m ph\u00e1 xa h\u01a1n v\u1ec1 v\u00f9ng ngo\u1ea1i \u00f4.<\/p>\n<p>3- FX \u0111\u01b0\u1ee3c trang b\u1ecb nhi\u1ec1u ng\u00e0m g\u1eafn ph\u1ee5 ki\u1ec7n \u0111\u1ec3 b\u1ea1n tu\u1ef3 bi\u1ebfn d\u1ef1a tr\u00ean nhu c\u1ea7u s\u1eed d\u1ee5ng \u2013 trang b\u1ecb s\u1eb5n baga v\u00e0 v\u00e8 xe, \u0111\u00e8n xe, ch\u00e2n ch\u1ed1ng v\u00e0 nhi\u1ec1u h\u01a1n n\u1eefa!<\/p>\n<p>4 \u2013 Gi\u1ed1ng nh\u01b0 h\u1ea7u h\u1ebft t\u1ea5t c\u1ea3 c\u00e1c d\u00f2ng xe \u0111\u1ea1p Trek, FX \u0111\u01b0\u1ee3c \u0111\u1ea3m b\u1ea3o b\u1edfi ch\u1ebf \u0111\u1ed9 b\u1ea3o h\u00e0nh tr\u1ecdn \u0111\u1eddi\u00a0 v\u00e0 h\u1ed7 tr\u1ee3 b\u1edfi h\u1ec7 th\u1ed1ng \u0111\u1ea1i l\u00fd ch\u00ednh h\u00e3ng c\u1ee7a Trek.<\/p>\n<p>5 \u2013 D\u00e2y c\u00e1p \u0111\u01b0\u1ee3c l\u1eafp \u0111\u1eb7t \u00e2m s\u01b0\u1eddn, nh\u1edd v\u1eady b\u1ea3o v\u1ec7 ch\u00fang t\u1ed1t h\u01a1n kh\u1ecfi c\u00e1c va ch\u1ea1m b\u00ean ngo\u00e0i, gia t\u0103ng \u0111\u1ed9 b\u1ec1n v\u00e0 t\u1ea1o ra n\u00e9t \u0111\u1eb9p c\u1ee7a s\u1ef1 \u0111\u01a1n gi\u1ea3n thanh l\u1ecbch cho chi\u1ebfc xe<\/p>\n<p>&nbsp;<\/p>\n","protected":false},"featured_media":12275,"comment_status":"closed","ping_status":"closed","template":"","meta":[],"product_cat":[116],"product_tag":[],"class_list":["post-12274","product","type-product","status-publish","has-post-thumbnail","hentry","product_cat-xe-dap-trek"],"_links":{"self":[{"href":"https:\/\/xedop.com\/en\/wp-json\/wp\/v2\/product\/12274","targetHints":{"allow":["GET"]}}],"collection":[{"href":"https:\/\/xedop.com\/en\/wp-json\/wp\/v2\/product"}],"about":[{"href":"https:\/\/xedop.com\/en\/wp-json\/wp\/v2\/types\/product"}],"replies":[{"embeddable":true,"href":"https:\/\/xedop.com\/en\/wp-json\/wp\/v2\/comments?post=12274"}],"version-history":[{"count":1,"href":"https:\/\/xedop.com\/en\/wp-json\/wp\/v2\/product\/12274\/revisions"}],"predecessor-version":[{"id":12277,"href":"https:\/\/xedop.com\/en\/wp-json\/wp\/v2\/product\/12274\/revisions\/12277"}],"wp:featuredmedia":[{"embeddable":true,"href":"https:\/\/xedop.com\/en\/wp-json\/wp\/v2\/media\/12275"}],"wp:attachment":[{"href":"https:\/\/xedop.com\/en\/wp-json\/wp\/v2\/media?parent=12274"}],"wp:term":[{"taxonomy":"product_cat","embeddable":true,"href":"https:\/\/xedop.com\/en\/wp-json\/wp\/v2\/product_cat?post=12274"},{"taxonomy":"product_tag","embeddable":true,"href":"https:\/\/xedop.com\/en\/wp-json\/wp\/v2\/product_tag?post=12274"}],"curies":[{"name":"wp","href":"https:\/\/api.w.org\/{rel}","templated":true}]}}