{"id":12285,"date":"2026-04-18T09:13:00","date_gmt":"2026-04-18T02:13:00","guid":{"rendered":"https:\/\/xedop.com\/?post_type=product&#038;p=12285"},"modified":"2026-04-20T20:28:46","modified_gmt":"2026-04-20T13:28:46","slug":"xe-dap-trek-dual-sport-1","status":"publish","type":"product","link":"https:\/\/xedop.com\/en\/san-pham\/xe-dap-trek-dual-sport-1\/","title":{"rendered":"Xe \u0111\u1ea1p TREK DUAL SPORT 1"},"content":{"rendered":"<table>\n<tbody>\n<tr>\n<th>Khung<\/th>\n<td>Alpha Gold Aluminum, c\u00e1p \u00e2m s\u01b0\u1eddn, c\u00f3 ng\u00e0m g\u1eafn baga &amp; v\u00e8 xe, ng\u00e0m th\u1eafng \u0111\u0129a Post Mount, ng\u00e0m g\u1eafn ch\u00e2n ch\u1ed1ng, 135\u00d75mm QR<\/td>\n<\/tr>\n<tr>\n<th>Phu\u1ed9c<\/th>\n<td>Phu\u1ed9c Dual Sport steel, \u0111i c\u00e1p \u00e2m, ng\u00e0m g\u1eafn baga &amp; v\u00e8 xe, kh\u00f3a m\u1edf nhanh ThruSkew 5mm QR<\/td>\n<\/tr>\n<tr>\n<th>\u0110\u00f9m tr\u01b0\u1edbc<\/th>\n<td>Formula DC-20, alloy, 6-bolt, 5\u00d7100 mm QR<\/td>\n<\/tr>\n<tr>\n<th>\u0110\u00f9m sau<\/th>\n<td>Formula DC-22, alloy, 6-bolt, Shimano 8\/9\/10 freehub, 135\u00d75 mm QR<\/td>\n<\/tr>\n<tr>\n<th>V\u00e0nh xe<\/th>\n<td>Bontrager Connection, double-wall, 32-hole, r\u1ed9ng 20 mm, van Schrader<\/td>\n<\/tr>\n<tr>\n<th>L\u1ed1p xe<\/th>\n<td>Bontrager GR0 Comp, wire bead, 60 tpi, 650\u00d750c<\/td>\n<\/tr>\n<tr>\n<th>Tay \u0111\u1ec1<\/th>\n<td>Shimano EF500, 8-speed<\/td>\n<\/tr>\n<tr>\n<th>\u0110\u1ec1 tr\u01b0\u1edbc<\/th>\n<td>Shimano Tourney TY710, k\u1eb9p 34.9 mm<\/td>\n<\/tr>\n<tr>\n<th>\u0110\u1ec1 sau<\/th>\n<td>Shimano Altus M310<\/td>\n<\/tr>\n<tr>\n<th>\u0110\u00f9i \u0111\u0129a<\/th>\n<td>Forged alloy, 46\/30T, c\u00f3 chainguard, chi\u1ec1u d\u00e0i 170 mm<\/td>\n<\/tr>\n<tr>\n<th>\u1ed4 l\u00edp<\/th>\n<td>Shimano HG31, 11\u201332T, 8-speed<\/td>\n<\/tr>\n<tr>\n<th>X\u00edch xe<\/th>\n<td>KMC Z8.3<\/td>\n<\/tr>\n<tr>\n<th>B\u00e0n \u0111\u1ea1p<\/th>\n<td>Wellgo nylon platform<\/td>\n<\/tr>\n<tr>\n<th>Y\u00ean xe<\/th>\n<td>Bontrager Sport<\/td>\n<\/tr>\n<tr>\n<th>C\u1ed1t y\u00ean<\/th>\n<td>Bontrager alloy, 27.2 mm, offset 12 mm, d\u00e0i 330 mm<\/td>\n<\/tr>\n<tr>\n<th>Tay l\u00e1i<\/th>\n<td>Size S, M: Bontrager Riser, steel, 25.4 mm, rise 30 mm, r\u1ed9ng 600 mm<br \/>\nSize L, XL: Bontrager Riser, steel, 25.4 mm, rise 30 mm, r\u1ed9ng 620 mm<\/td>\n<\/tr>\n<tr>\n<th>Bao tay<\/th>\n<td>Bontrager Satellite<\/td>\n<\/tr>\n<tr>\n<th>C\u1ed5 l\u00e1i<\/th>\n<td>Size S, M: Bontrager alloy, clamp 25.4 mm, 10\u00b0, d\u00e0i 90 mm<br \/>\nSize L, XL: Bontrager alloy, clamp 25.4 mm, 10\u00b0, d\u00e0i 110 mm<\/td>\n<\/tr>\n<tr>\n<th>Ch\u00e9n c\u1ed5<\/th>\n<td>1-1\/8\u201d threadless, sealed cartridge bearings<\/td>\n<\/tr>\n<tr>\n<th>B\u1ed9 phanh<\/th>\n<td>Tektro MD-U310 mechanical disc, flat-mount, rotor 160 mm<\/td>\n<\/tr>\n<tr>\n<th>Tr\u1ecdng l\u01b0\u1ee3ng<\/th>\n<td>Size M \u2013 13.88 kg \/ 30.61 lbs<\/td>\n<\/tr>\n<tr>\n<th>T\u1ea3i tr\u1ecdng t\u1ed1i \u0111a<\/th>\n<td>300 lbs (136 kg) \u2013 bao g\u1ed3m xe, ng\u01b0\u1eddi \u0111\u1ea1p v\u00e0 h\u00e0ng h\u00f3a<\/td>\n<\/tr>\n<tr>\n<th>L\u01b0u \u00fd<\/th>\n<td>Nh\u00e0 ph\u00e2n ph\u1ed1i t\u1ea1i Vi\u1ec7t Nam c\u00f3 quy\u1ec1n thay \u0111\u1ed5i c\u1ea5u h\u00ecnh, ph\u1ee5 t\u00f9ng, k\u00edch th\u01b0\u1edbc, m\u00e0u s\u1eafc, v\u1eadt li\u1ec7u v\u00e0 gi\u00e1 b\u00e1n m\u00e0 kh\u00f4ng c\u1ea7n th\u00f4ng b\u00e1o tr\u01b0\u1edbc. Tr\u1ecdng l\u01b0\u1ee3ng hi\u1ec3n th\u1ecb d\u1ef1a tr\u00ean khung ti\u1ec1n s\u1ea3n xu\u1ea5t, c\u00f3 th\u1ec3 ch\u00eanh l\u1ec7ch so v\u1edbi phi\u00ean b\u1ea3n th\u01b0\u01a1ng m\u1ea1i.<\/td>\n<\/tr>\n<\/tbody>\n<\/table>\n","protected":false},"excerpt":{"rendered":"<p><strong>N\u00f3 ph\u00f9 h\u1ee3p v\u1edbi b\u1ea1n n\u1ebfu &#8230;<\/strong><\/p>\n<p>B\u1ea1n c\u1ea7n m\u1ed9t chi\u1ebfc xe \u0111\u1ea1p hybrid nh\u1eb9, linh ho\u1ea1t, ch\u1eafc ch\u1eafn, hi\u1ec7u qu\u1ea3 cho c\u1ea3 \u0111\u1ecba h\u00ecnh th\u00e0nh ph\u1ed1, ngo\u1ea1i \u00f4 hay c\u1ea3 \u0111\u01b0\u1eddng m\u00f2n. B\u1ea1n \u0111\u00e1nh gi\u00e1 cao s\u1ef1 t\u1ef1 tin, \u1ed5n \u0111\u1ecbnh, t\u00ednh linh ho\u1ea1t v\u00e0 hi\u1ec7u su\u1ea5t tr\u00ean c\u00e1c chuy\u1ebfn \u0111i gi\u1ea3i tr\u00ed, th\u1ec3 d\u1ee5c v\u00e0 \u0111i l\u1ea1i tr\u00ean nhi\u1ec1u lo\u1ea1i \u0111\u1ecba h\u00ecnh.<\/p>\n<p><strong>C\u00f4ng ngh\u1ec7 b\u1ea1n \u0111\u01b0\u1ee3c trang b\u1ecb &#8230;<\/strong><\/p>\n<p>Khung nh\u00f4m si\u00eau nh\u1eb9 Alpha Gold Aluminum c\u00e1p \u0111i \u00e2m s\u01b0\u1eddn t\u00edch h\u1ee3p ng\u00e0m g\u1eafn baga v\u00e0 v\u00e8 xe c\u00f9ng phu\u1ed9c Carbon. B\u00e1nh xe Bontrager Kovee 650b Tubeless r\u1ed9ng cho kh\u1ea3 n\u0103ng v\u1eadn h\u00e0nh v\u00e0 s\u1ef1 tho\u1ea3i m\u00e1i tr\u00ean c\u00e1c \u0111\u1ecba h\u00ecnh kh\u00e1c nhau. B\u1ed9 truy\u1ec1n \u0111\u1ed9ng Shimano Deore 1&#215;10 t\u1ed1c \u0111\u1ed9 cho ph\u00e9p b\u1ea1n b\u0103ng qua m\u1ecdi \u0111\u1ecba h\u00ecnh m\u1ed9t c\u00e1ch d\u1ec5 d\u00e0ng nh\u1ea5t. Trong khi h\u1ec7 th\u1ed1ng th\u1eafng \u0111\u0129a d\u1ea7u gi\u1eef b\u1ea1n an to\u00e0n trong m\u1ecdi \u0111i\u1ec1u ki\u1ec7n th\u1eddi ti\u1ebft..<\/p>\n<p><strong>V\u00e0 tr\u00ean h\u1ebft l\u00e0 &#8230;<\/strong><\/p>\n<p>Dual Sport l\u00e0 d\u00f2ng xe \u0111\u1ea1p d\u00e0nh cho t\u1ea5t c\u1ea3 nh\u1eefng ai y\u00eau th\u00edch kh\u00e1m ph\u00e1. D\u00f9 ch\u1ec9 l\u00e0 nh\u1eefng con ng\u00e1ch nh\u1ecf n\u01a1i con ph\u1ed1 b\u1ea1n s\u1ed1ng, khu ngo\u1ea1i \u00f4 hay th\u1eadm ch\u00ed l\u00e0 c\u1ea3 nh\u1eefng cung \u0111\u01b0\u1eddng m\u00f2n ch\u01b0a ai bi\u1ebft \u0111\u1ebfn. Thay v\u00ec h\u1ea1n ch\u1ebf v\u1edbi nh\u1eefng ph\u1ee5 t\u00f9ng ch\u1ec9 d\u00e0nh ri\u00eang cho th\u00e0nh ph\u1ed1 hay \u0111\u01b0\u1eddng m\u00f2n. Dual Sport ho\u00e0 tr\u1ed9n t\u1ea5t c\u1ea3 trong m\u1ed9t.<\/p>\n<p><strong>B\u1ea1n s\u1ebd y\u00eau chi\u1ebfc xe n\u00e0y v\u00ec &#8230;<\/strong><\/p>\n<p><strong>1 \u2013<\/strong>\u00a0Sao l\u1ea1i ph\u1ea3i l\u1ef1a ch\u1ecdn m\u1ed9t trong hai? Th\u00e0nh ph\u1ed1 hay \u0111\u01b0\u1eddng m\u00f2n? Dual Sport cho ph\u00e9p b\u1ea1n ch\u1ecdn c\u1ea3 hai c\u00f9ng l\u00fac<\/p>\n<p><strong>2 \u2013<\/strong>\u00a0Th\u1eadt d\u1ec5 d\u00e0ng \u0111\u1ec3 g\u1eafn baga, ch\u00e2n ch\u1ed1ng, v\u00e8 xe, \u0111\u00e8n v\u00e0 h\u01a1n th\u1ebf n\u1eefa!<\/p>\n<p><strong>3 \u2013<\/strong>\u00a0B\u1ed9 truy\u1ec1n \u0111\u1ed9ng 2x v\u1edbi d\u1ea3i t\u1ef7 l\u1ec7 truy\u1ec1n \u0111\u1ed9ng r\u1ed9ng, \u0111\u00e1p \u1ee9ng m\u1ecdi \u0111\u1ecba h\u00ecnh<\/p>\n<p><strong>4 \u2013<\/strong>\u00a0Thi\u1ebft k\u1ebf \u0111i d\u00e2y c\u00e1p \u00e2m s\u01b0\u1eddn gi\u1eef cho t\u1ed5ng th\u1ec3 xe g\u1ecdn g\u00e0ng, cao c\u1ea5p<\/p>\n<p><strong>5 \u2013\u00a0<\/strong>H\u1ec7 th\u1ed1ng th\u1eafng \u0111\u0129a ch\u00ednh x\u00e1c v\u00e0 m\u1ea1nh m\u1ebd gi\u00fap b\u1ea1n lu\u00f4n ki\u1ec3m so\u00e1t \u0111\u01b0\u1ee3c trong m\u1ecdi \u0111i\u1ec1u ki\u1ec7n th\u1eddi ti\u1ebft.<\/p>\n<p>&nbsp;<\/p>\n","protected":false},"featured_media":12286,"comment_status":"closed","ping_status":"closed","template":"","meta":[],"product_cat":[116],"product_tag":[],"class_list":["post-12285","product","type-product","status-publish","has-post-thumbnail","hentry","product_cat-xe-dap-trek"],"_links":{"self":[{"href":"https:\/\/xedop.com\/en\/wp-json\/wp\/v2\/product\/12285","targetHints":{"allow":["GET"]}}],"collection":[{"href":"https:\/\/xedop.com\/en\/wp-json\/wp\/v2\/product"}],"about":[{"href":"https:\/\/xedop.com\/en\/wp-json\/wp\/v2\/types\/product"}],"replies":[{"embeddable":true,"href":"https:\/\/xedop.com\/en\/wp-json\/wp\/v2\/comments?post=12285"}],"version-history":[{"count":3,"href":"https:\/\/xedop.com\/en\/wp-json\/wp\/v2\/product\/12285\/revisions"}],"predecessor-version":[{"id":12296,"href":"https:\/\/xedop.com\/en\/wp-json\/wp\/v2\/product\/12285\/revisions\/12296"}],"wp:featuredmedia":[{"embeddable":true,"href":"https:\/\/xedop.com\/en\/wp-json\/wp\/v2\/media\/12286"}],"wp:attachment":[{"href":"https:\/\/xedop.com\/en\/wp-json\/wp\/v2\/media?parent=12285"}],"wp:term":[{"taxonomy":"product_cat","embeddable":true,"href":"https:\/\/xedop.com\/en\/wp-json\/wp\/v2\/product_cat?post=12285"},{"taxonomy":"product_tag","embeddable":true,"href":"https:\/\/xedop.com\/en\/wp-json\/wp\/v2\/product_tag?post=12285"}],"curies":[{"name":"wp","href":"https:\/\/api.w.org\/{rel}","templated":true}]}}