{"id":12291,"date":"2026-04-18T09:25:37","date_gmt":"2026-04-18T02:25:37","guid":{"rendered":"https:\/\/xedop.com\/?post_type=product&#038;p=12291"},"modified":"2026-04-20T20:29:57","modified_gmt":"2026-04-20T13:29:57","slug":"xe-dap-trek-verve-1-disc-lowstep","status":"publish","type":"product","link":"https:\/\/xedop.com\/en\/san-pham\/xe-dap-trek-verve-1-disc-lowstep\/","title":{"rendered":"Xe \u0111\u1ea1p TREK Verve 1 Disc Lowstep"},"content":{"rendered":"<table>\n<tbody>\n<tr>\n<th>Khung<\/th>\n<td>\n<p class=\"info\">Alpha Gold Aluminum, low-step design, t\u01b0\u01a1ng th\u00edch c\u1ea3m bi\u1ebfn\u00a0DuoTrap S, disc brake, ng\u00e0m th\u1eafng \u0111\u0129a IS, c\u00f3 ng\u00e0m g\u1eafn baga v\u00e0 v\u00e8 xe, tr\u1ee5c b\u00e1nh 135x5mm QR<\/p>\n<\/td>\n<\/tr>\n<tr>\n<th>Phu\u1ed9c<\/th>\n<td>Th\u00e9p Verve Steel, c\u1ed5 phu\u1ed9c th\u00e9p d\u1ea1ng r\u0103ng v\u1eb7n, ng\u00e0m th\u1eafng \u0111\u0129a IS, 460mm axle-to-crown, tr\u1ee5c b\u00e1nh 100x5mm QR<\/td>\n<\/tr>\n<tr>\n<th>\u0110\u00f9m tr\u01b0\u1edbc<\/th>\n<td>Formula DC-20, alloy, 6-bolt, 5x100mm QR<\/td>\n<\/tr>\n<tr>\n<th>\u0110\u00f9m sau<\/th>\n<td>Formula DC-31, alloy, 6-bolt, 6\/7\/8 speed freewheel, 135x5mm QR<\/td>\n<\/tr>\n<tr>\n<th>V\u00e0nh xe<\/th>\n<td>Bontrager Connection, alloy, double-wall, 32-hole, schrader valve<\/td>\n<\/tr>\n<tr>\n<th>L\u1ed1p xe<\/th>\n<td>Bontrager H5 Comp, wire bead, 30 tpi, 700x45c<\/td>\n<\/tr>\n<tr>\n<th>Tay \u0111\u1ec1<\/th>\n<td>Shimano Altus EF500, 7 speed<\/td>\n<\/tr>\n<tr>\n<th>\u0110\u1ec1 tr\u01b0\u1edbc<\/th>\n<td>Shimano Tourney TY510, 34.9mm clamp, top swing, dual pull<\/td>\n<\/tr>\n<tr>\n<th>\u0110\u1ec1 sau<\/th>\n<td>Shimano Altus M310<\/td>\n<\/tr>\n<tr>\n<th>\u0110\u00f9i \u0111\u0129a<\/th>\n<td>\n<p class=\"info\">Forged alloy, 48\/38\/28, chainguard<\/p>\n<\/td>\n<\/tr>\n<tr>\n<th>\u1ed4 l\u00edp<\/th>\n<td>SunRace MFM300 freewheel, 14-34, 7 speed<\/td>\n<\/tr>\n<tr>\n<th>X\u00edch<\/th>\n<td>KMC Z7<\/td>\n<\/tr>\n<tr>\n<th>B\u00e0n \u0111\u1ea1p<\/th>\n<td>Wellgo nylon platform<\/td>\n<\/tr>\n<tr>\n<th>Y\u00ean xe<\/th>\n<td>Bontrager Boulevard<\/td>\n<\/tr>\n<tr>\n<th>C\u1ed1t y\u00ean<\/th>\n<td>Bontrager alloy, 27.2 mm, offset 12 mm, d\u00e0i 330 mm<\/td>\n<\/tr>\n<tr>\n<th>Tay l\u00e1i<\/th>\n<td>Bontrager Quill, 25.4mm clamp, 25 degree rise, 100mm reach<\/td>\n<\/tr>\n<tr>\n<th>C\u1ed5 l\u00e1i<\/th>\n<td>1-1\/8\u201d threaded, semi-integrated, semi-cartridge bearings<\/td>\n<\/tr>\n<tr>\n<th>B\u1ed9 phanh<\/th>\n<td>Th\u1eafng \u0111\u0129a c\u01a1 Tektro MD-M280, 160mm rotor<\/td>\n<\/tr>\n<tr>\n<th>Tr\u1ecdng l\u01b0\u1ee3ng<\/th>\n<td>M \u2013 13.98 kg \/ 30.82 lbs<\/td>\n<\/tr>\n<tr>\n<th>T\u1ea3i tr\u1ecdng t\u1ed1i \u0111a<\/th>\n<td>Tr\u1ecdng l\u01b0\u1ee3ng t\u1ed1i \u0111a gi\u1edbi h\u1ea1n: 300 pounds (136kg) (g\u1ed3m tr\u1ecdng l\u01b0\u1ee3ng xe, ng\u01b0\u1eddi \u0111\u1ea1p xe, v\u00e0 h\u00e0ng h\u00f3a v\u1eadn chuy\u1ec3n tr\u00ean xe)<\/td>\n<\/tr>\n<tr>\n<th><\/th>\n<td><\/td>\n<\/tr>\n<tr>\n<th><\/th>\n<td><\/td>\n<\/tr>\n<\/tbody>\n<\/table>\n","protected":false},"excerpt":{"rendered":"<p class=\"capt\"><strong>N\u00f3 ph\u00f9 h\u1ee3p v\u1edbi b\u1ea1n n\u1ebfu&#8230;<\/strong><\/p>\n<p>B\u1ea1n mu\u1ed1n ra ngo\u00e0i nhi\u1ec1u h\u01a1n, v\u00e0 b\u1ea1n mu\u1ed1n m\u1ed9t chi\u1ebfc xe hybrid v\u1edbi thi\u1ebft k\u1ebf ch\u00fa tr\u1ecdng v\u1ec1 s\u1ef1 tho\u1ea3i m\u00e1i, nhi\u1ec1u t\u1ed1c \u0111\u1ed9 \u0111\u1ec3 leo d\u1ed1c d\u1ec5 d\u00e0ng, th\u1eafng \u0111\u0129a an to\u00e0n v\u00e0 \u0111\u1ee7 linh ho\u1ea1t v\u1edbi c\u00e1c ng\u00e0m g\u1eafn baga, v\u00e8 xe \u0111\u1ec3 b\u1ea1n t\u00f9y ch\u1ec9nh theo m\u1ee5c \u0111\u00edch s\u1eed d\u1ee5ng.<\/p>\n<p class=\"capt\"><strong>C\u00f4ng ngh\u1ec7 b\u1ea1n \u0111\u01b0\u1ee3c trang b\u1ecb<\/strong><\/p>\n<p>M\u1ed9t khung h\u1ee3p kim nh\u00f4m Alpha Aluminum nh\u1eb9 nh\u00e0ng v\u00e0 b\u1ec1n b\u1ec9, v\u1edbi thi\u1ebft k\u1ebf khung v\u00f5ng xu\u1ed1ng \u0111\u1ec3 d\u1ec5 l\u00ean xu\u1ed1ng xe, k\u00e8m theo nhi\u1ec1u ng\u00e0m ph\u1ee5 ki\u1ec7n, t\u1eeb v\u00e8 xe \u0111\u1ebfn baga sau. H\u1ec7 th\u1ed1ng truy\u1ec1n \u0111\u1ed9ng Shimano 21 t\u1ed1c \u0111\u1ed9 \u0111\u1ec3 b\u1ea1n kh\u00f4ng bao gi\u1edd ph\u1ea3i qu\u00e1 g\u1eafng s\u1ee9c khi leo d\u1ed1c, h\u1ec7 th\u1ed1ng th\u1eafng \u0111\u0129a m\u1ea1nh m\u1ebd, b\u1ed9 c\u1ed5 \u0111i\u1ec1u ch\u1ec9nh \u0111\u01b0\u1ee3c g\u00f3c \u0111\u1ed9, m\u1ed9t y\u00ean xe Bontrager r\u1ed9ng r\u00e3i \u00eam \u00e1i, v\u1ecf xe c\u1ee1 l\u1edbn 45c b\u00e1m \u0111\u01b0\u1eddng v\u00e0 c\u1ea5u tr\u00fac h\u00ecnh h\u1ecdc gi\u00fap ng\u1ed3i th\u1eb3ng l\u01b0ng \u0111\u1ec3 t\u1ea1o ra tr\u1ea3i nghi\u1ec7m \u0111\u1ea1p xe tho\u1ea3i m\u00e1i h\u01a1n bao gi\u1edd h\u1ebft.<\/p>\n<p class=\"capt\"><strong>V\u00e0 tr\u00ean t\u1ea5t c\u1ea3 l\u00e0<\/strong><\/p>\n<p>Verve 1 Disc Lowstep l\u00e0 chi\u1ebfc xe hybrid ti\u1ec7n nghi v\u1edbi h\u1ec7 th\u1ed1ng th\u1eafng \u0111\u0129a m\u1ea1nh m\u1ebd \u1ea5n t\u01b0\u1ee3ng, c\u00e1c ph\u1ee5 t\u00f9ng b\u1ec1n b\u1ec9 gi\u00fap t\u0103ng tu\u1ed5i th\u1ecd ho\u1ea1t \u0111\u1ed9ng c\u1ee7a to\u00e0n h\u1ec7 th\u1ed1ng. \u0110\u00e2y l\u00e0 chi\u1ebfc xe tuy\u1ec7t v\u1eddi cho b\u1ea5t c\u1ee9 ai \u0111ang t\u00ecm ki\u1ebfm m\u1ed9t chi\u1ebfc xe tho\u1ea3i m\u00e1i, d\u1ec5 d\u00e0ng \u0111\u1ec3 b\u1eaft \u0111\u1ea7u nh\u1eefng chuy\u1ebfn \u0111\u1ea1p xe gi\u1ea3i tr\u00ed nh\u1eb9 nh\u00e0ng, \u0111i l\u00e0m, \u0111i h\u1ecdc ho\u1eb7c \u0111i si\u00eau th\u1ecb quanh nh\u00e0.<\/p>\n<p class=\"capt\">B\u1ea1n s\u1ebd y\u00eau chi\u1ebfc xe n\u00e0y v\u00ec&#8230;<\/p>\n<div class=\"mona-content-editor\">\n<p><strong>1 \u2013<\/strong>\u00a0V\u1edbi t\u01b0 th\u1ebf ng\u1ed3i th\u1eb3ng l\u01b0ng, Verve gi\u00fap b\u1ea1n c\u00f3 s\u1ef1 t\u1ef1 tin khi \u0111i\u1ec1u khi\u1ec3n v\u00e0 kh\u1ea3 n\u0103ng quan s\u00e1t xung quanh d\u1ec5 d\u00e0ng h\u01a1n<\/p>\n<p><strong>2 \u2013<\/strong>\u00a0Thi\u1ebft k\u1ebf khung Lowstep gi\u00fap b\u1ea1n d\u1ec5 d\u00e0ng l\u00ean xu\u1ed1ng xe \u2013 tho\u1ea3i m\u00e1i &amp; kh\u00f4ng ng\u1ea1i ng\u00f9ng!<\/p>\n<p><strong>3 \u2013<\/strong>\u00a0\u0110\u00e2y l\u00e0 chi\u1ebfc xe mang m\u1ecdi ng\u01b0\u1eddi l\u1ea1i g\u1ea7n nhau \u2013 b\u1ea1n c\u00f3 th\u1ec3 g\u1eafn th\u00eam xe k\u00e9o ph\u00eda sau v\u00e0 cho b\u00e9 y\u00eau c\u00f9ng gia nh\u1eadp h\u00e0nh tr\u00ecnh, th\u0103m b\u1ea1n b\u00e8 quanh khu b\u1ea1n s\u1ed1ng hay \u0111\u1ea1p xe \u0111i l\u00e0m c\u00f9ng \u0111\u1ed3ng nghi\u1ec7p<\/p>\n<p><strong>4 \u2013<\/strong>\u00a0H\u1ec7 th\u1ed1ng th\u1eafng \u0111\u0129a th\u1ec3 hi\u1ec7n l\u1ef1c th\u1eafng \u1ed5n \u0111\u1ecbnh trong b\u1ea5t c\u1ee9 \u0111i\u1ec1u ki\u1ec7n th\u1eddi ti\u1ebft n\u00e0o, gi\u00fap b\u1ea1n an t\u00e2m di chuy\u1ec3n &amp; tho\u1ea3i m\u00e1i h\u01a1n khi s\u1eed d\u1ee5ng nh\u1edd vi\u1ec7c y\u00eau c\u1ea7u \u00edt l\u1ef1c th\u1eafng khi thao th\u00e1c h\u01a1n l\u00e0 c\u00e1c lo\u1ea1i th\u1eafng v\u00e0nh<\/p>\n<p><strong>5 \u2013<\/strong>\u00a0C\u0169ng nh\u01b0 t\u1ea5t c\u1ea3 nh\u1eefng chi\u1ebfc xe \u0111\u1ea1p Trek hybrid kh\u00e1c, Verve \u0111\u01b0\u1ee3c h\u01b0\u1edfng ch\u00ednh s\u00e1ch b\u1ea3o h\u00e0nh tr\u1ecdn \u0111\u1eddi t\u1eeb Trek. \u0110\u1ed3ng ngh\u0129a v\u1edbi b\u1ea1n s\u1ebd c\u00f3 m\u1ed9t ng\u01b0\u1eddi \u0111\u1ed3ng h\u00e0nh tuy\u1ec7t v\u1eddi trong su\u1ed1t nhi\u1ec1u n\u0103m<\/p>\n<\/div>\n<p>&nbsp;<\/p>\n","protected":false},"featured_media":12292,"comment_status":"closed","ping_status":"closed","template":"","meta":[],"product_cat":[116],"product_tag":[],"class_list":["post-12291","product","type-product","status-publish","has-post-thumbnail","hentry","product_cat-xe-dap-trek"],"_links":{"self":[{"href":"https:\/\/xedop.com\/en\/wp-json\/wp\/v2\/product\/12291","targetHints":{"allow":["GET"]}}],"collection":[{"href":"https:\/\/xedop.com\/en\/wp-json\/wp\/v2\/product"}],"about":[{"href":"https:\/\/xedop.com\/en\/wp-json\/wp\/v2\/types\/product"}],"replies":[{"embeddable":true,"href":"https:\/\/xedop.com\/en\/wp-json\/wp\/v2\/comments?post=12291"}],"version-history":[{"count":1,"href":"https:\/\/xedop.com\/en\/wp-json\/wp\/v2\/product\/12291\/revisions"}],"predecessor-version":[{"id":12294,"href":"https:\/\/xedop.com\/en\/wp-json\/wp\/v2\/product\/12291\/revisions\/12294"}],"wp:featuredmedia":[{"embeddable":true,"href":"https:\/\/xedop.com\/en\/wp-json\/wp\/v2\/media\/12292"}],"wp:attachment":[{"href":"https:\/\/xedop.com\/en\/wp-json\/wp\/v2\/media?parent=12291"}],"wp:term":[{"taxonomy":"product_cat","embeddable":true,"href":"https:\/\/xedop.com\/en\/wp-json\/wp\/v2\/product_cat?post=12291"},{"taxonomy":"product_tag","embeddable":true,"href":"https:\/\/xedop.com\/en\/wp-json\/wp\/v2\/product_tag?post=12291"}],"curies":[{"name":"wp","href":"https:\/\/api.w.org\/{rel}","templated":true}]}}