{"id":12298,"date":"2026-04-18T09:37:09","date_gmt":"2026-04-18T02:37:09","guid":{"rendered":"https:\/\/xedop.com\/?post_type=product&#038;p=12298"},"modified":"2026-04-20T20:28:58","modified_gmt":"2026-04-20T13:28:58","slug":"xe-dap-trek-procaliber-9-6","status":"publish","type":"product","link":"https:\/\/xedop.com\/en\/san-pham\/xe-dap-trek-procaliber-9-6\/","title":{"rendered":"Xe \u0111\u1ea1p TREK Procaliber 9.6"},"content":{"rendered":"<table>\n<tbody>\n<tr>\n<th>Khung<\/th>\n<td>OCLV Mountain Carbon, IsoSpeed, \u1ed1ng c\u1ed5 l\u00e1i tapered, Knock Block, \u0111i d\u00e2y \u00e2m khung, phanh post-mount c\u00e2n b\u1eb1ng, Boost148<\/td>\n<\/tr>\n<tr>\n<th>Phu\u1ed9c<\/th>\n<td>RockShox Recon Gold RL, l\u00f2 xo DebonAir, Motion Control damper, kh\u00f3a phu\u1ed9c remote, c\u1ed5 l\u00e1i tapered, offset 42 mm, Boost110, tr\u1ee5c 15 mm Maxle Stealth, h\u00e0nh tr\u00ecnh 100 mm<\/td>\n<\/tr>\n<tr>\n<th>Kh\u00f3a phu\u1ed9c<\/th>\n<td>RockShox OneLoc Sprint<\/td>\n<\/tr>\n<tr>\n<th>B\u00e1nh tr\u01b0\u1edbc<\/th>\n<td>Bontrager Kovee Comp 23, Tubeless Ready, 6-bolt, Boost110, tr\u1ee5c xuy\u00ean 15 mm<\/td>\n<\/tr>\n<tr>\n<th>B\u00e1nh sau<\/th>\n<td>Bontrager Kovee Comp 23, Tubeless Ready, freehub Shimano Microspline, Rapid Drive 108, Boost148<\/td>\n<\/tr>\n<tr>\n<th>Kh\u00f3a b\u00e1nh sau<\/th>\n<td>Bontrager Switch thru-axle, c\u1ea7n g\u1ea1t th\u00e1o r\u1eddi<\/td>\n<\/tr>\n<tr>\n<th>L\u1ed1p xe<\/th>\n<td>Bontrager XR2 Team Issue, Tubeless Ready, h\u00f4ng Inner Strength, vi\u1ec1n aramid, 120 TPI, 29\u00d72.20\u2033<\/td>\n<\/tr>\n<tr>\n<th>Ph\u1ee5 ki\u1ec7n l\u1ed1p<\/th>\n<td>Van Tubeless Bontrager TLR, 50 mm<\/td>\n<\/tr>\n<tr>\n<th>D\u00e2y tim<\/th>\n<td>Bontrager TLR<\/td>\n<\/tr>\n<tr>\n<th>C\u1ee1 l\u1ed1p t\u1ed1i \u0111a<\/th>\n<td>29\u00d72.40\u2033<\/td>\n<\/tr>\n<tr>\n<th>Tay \u0111\u1ec1<\/th>\n<td>Shimano SLX M7100, 12 t\u1ed1c \u0111\u1ed9<\/td>\n<\/tr>\n<tr>\n<th>\u0110\u1ec1 sau<\/th>\n<td>Shimano XT M8100, l\u1ed3ng d\u00e0i, l\u00edp l\u1edbn nh\u1ea5t 51T<\/td>\n<\/tr>\n<tr>\n<th>\u0110\u00f9i \u0111\u0129a<\/th>\n<td>Shimano MT611, \u0111\u0129a 30T th\u00e9p, spider nh\u00f4m, Boost, chi\u1ec1u d\u00e0i 170 mm (175 mm cho size M, ML, L, XL, XXL)<\/td>\n<\/tr>\n<tr>\n<th>Ch\u00e9n tr\u1ee5c gi\u1eefa<\/th>\n<td>Shimano MT500, 92 mm, PressFit<\/td>\n<\/tr>\n<tr>\n<th>\u1ed4 l\u00edp<\/th>\n<td>Shimano SLX M7100, 10\u201351T, 12 t\u1ed1c \u0111\u1ed9<\/td>\n<\/tr>\n<tr>\n<th>X\u00edch xe<\/th>\n<td>Shimano Deore M6100, 12 t\u1ed1c \u0111\u1ed9<\/td>\n<\/tr>\n<tr>\n<th>C\u1ee1 \u0111\u0129a t\u1ed1i \u0111a<\/th>\n<td>36T<\/td>\n<\/tr>\n<tr>\n<th>B\u00e0n \u0111\u1ea1p<\/th>\n<td>Kh\u00f4ng \u0111i k\u00e8m<\/td>\n<\/tr>\n<tr>\n<th>Y\u00ean xe<\/th>\n<td>Bontrager Arvada, ray chromoly r\u1ed7ng, r\u1ed9ng 138 mm<\/td>\n<\/tr>\n<tr>\n<th>C\u1ed1t y\u00ean<\/th>\n<td>Bontrager Comp, h\u1ee3p kim 6061, 31.6 mm, offset 8 mm, d\u00e0i 400 mm (size S: 330 mm)<\/td>\n<\/tr>\n<tr>\n<th>Tay l\u00e1i<\/th>\n<td>Bontrager Comp, nh\u00f4m, 31.8 mm, rise 5 mm, r\u1ed9ng 720 mm (750 mm cho L, XL, XXL)<\/td>\n<\/tr>\n<tr>\n<th>Bao tay<\/th>\n<td>Herrmans Clik<\/td>\n<\/tr>\n<tr>\n<th>C\u1ed5 l\u00e1i<\/th>\n<td>Bontrager Rhythm Comp, Knock Block, 31.8 mm, g\u00f3c 0\u00b0, chi\u1ec1u d\u00e0i t\u00f9y size<\/td>\n<\/tr>\n<tr>\n<th>B\u1ed9 ch\u00e9n c\u1ed5<\/th>\n<td>Knock Block Integrated, b\u00e1n k\u00ednh 62\u00b0, b\u1ea1c \u0111\u1ea1n cartridge, 1-1\/8\u201d tr\u00ean, 1.5\u201d d\u01b0\u1edbi<\/td>\n<\/tr>\n<tr>\n<th>H\u1ec7 th\u1ed1ng phanh<\/th>\n<td>Tr\u01b0\u1edbc: Shimano MT4100 \/ MT410 \u00b7 Sau: Shimano MT401 \/ MT400, phanh \u0111\u0129a d\u1ea7u<\/td>\n<\/tr>\n<tr>\n<th>\u0110\u0129a phanh<\/th>\n<td>Shimano RT56, 180 mm (tr\u01b0\u1edbc) \/ 160 mm (sau)<\/td>\n<\/tr>\n<tr>\n<th>Tr\u1ecdng l\u01b0\u1ee3ng<\/th>\n<td>Size M: 11.37 kg (25.07 lbs), \u0111\u00e3 c\u00f3 dung d\u1ecbch Tubeless, kh\u00f4ng ru\u1ed9t<\/td>\n<\/tr>\n<tr>\n<th>T\u1ea3i tr\u1ecdng<\/th>\n<td>T\u1ed5ng t\u1ea3i tr\u1ecdng t\u1ed1i \u0111a (xe + ng\u01b0\u1eddi + h\u00e0nh l\u00fd): 136 kg<\/td>\n<\/tr>\n<\/tbody>\n<\/table>\n","protected":false},"excerpt":{"rendered":"<p><strong>N\u00f3 ph\u00f9 h\u1ee3p v\u1edbi b\u1ea1n n\u1ebfu\u2026<\/strong><\/p>\n<p>B\u1ea1n y\u00eau nh\u1eefng con \u0111\u01b0\u1eddng m\u00f2n xuy\u00ean r\u1eebng. B\u1ea1n \u0111\u00e3 t\u1eebng th\u1eed s\u1ee9c trong m\u1ed9t s\u1ed1 gi\u1ea3i \u0111ua XC khu v\u1ef1c v\u00e0 t\u1eadn h\u01b0\u1edfng t\u1eebng kho\u1ea3nh kh\u1eafc trong nh\u1eefng gi\u1ea3i \u0111ua n\u00e0y. Gi\u1edd \u0111\u00e2y b\u1ea1n mu\u1ed1n \u0111\u1ea7u t\u01b0 nghi\u00eam t\u00fac h\u01a1n. B\u1ea1n \u0111ang t\u00ecm ki\u1ebfm m\u1ed9t chi\u1ebfc xe \u0111ua \u0111\u1ecba h\u00ecnh ch\u1ea5t l\u01b0\u1ee3ng v\u1edbi khung carbon, tuy nhi\u00ean, m\u1ee9c gi\u00e1 h\u1ee3p l\u00fd cho ng\u01b0\u1eddi m\u1edbi b\u1eaft \u0111\u1ea7u.<\/p>\n<p><strong>C\u00f4ng ngh\u1ec7 b\u1ea1n \u0111\u01b0\u1ee3c trang b\u1ecb<\/strong><\/p>\n<p>M\u1ed9t khung xe carbon nh\u1eb9 v\u00e0 c\u1ee9ng v\u1edbi h\u1ec7 th\u1ed1ng gi\u1ea3m ch\u1ea5n t\u00edch h\u1ee3p IsoSpeed, gi\u1ea3m x\u00f3c tr\u01b0\u1edbc RockShox Recon Gold RL h\u00e0nh tr\u00ecnh 100mm v\u1edbi l\u00f2 xo h\u01a1i DebonAir c\u00f9ng kho\u00e1 phu\u1ed9c t\u1eeb xa. B\u1ed9 truy\u1ec1n \u0111\u1ed9ng ch\u1ea5t l\u01b0\u1ee3ng cao Shimano SLX 1&#215;12, th\u1eafng \u0111\u0129a thu\u1ef7 l\u1ef1c Shimano m\u1ea1nh m\u1ebd v\u00e0 b\u1ed9 v\u00e0nh 29&#8243; Bontrager Kovee Comp 23 Tubeless Ready nhanh nh\u1eb9n.<\/p>\n<p><strong>V\u00e0 tr\u00ean t\u1ea5t c\u1ea3 l\u00e0<\/strong><\/p>\n<p>Procaliber 9.6 l\u00e0 c\u00f3 th\u1ec3 \u0111\u1ed1i \u0111\u1ea7u v\u1edbi b\u1ea5t c\u1ee9 chi\u1ebfc xe hardtail n\u00e0o tr\u00ean \u0111\u01b0\u1eddng \u0111ua. B\u1ea1n c\u00f3 \u0111\u01b0\u1ee3c l\u1ee3i th\u1ebf nh\u1edd h\u1ec7 th\u1ed1ng IsoSpeed h\u1ea1n ch\u1ebf m\u1ecfi m\u1ec7t, thi\u1ebft k\u1ebf khung m\u1edbi ki\u1ec3m so\u00e1t xe t\u1ed1t h\u01a1n. N\u1ebfu b\u1ea1n mu\u1ed1n t\u1ea1o n\u00ean m\u1ed9t c\u00fa l\u1ed9i ng\u01b0\u1ee3c d\u00f2ng tr\u00ean b\u1ea3ng t\u1ed5ng s\u1eafp cu\u1ed9c \u0111ua XC s\u1eafp t\u1edbi, Procaliber 9.6 l\u00e0 l\u1ef1a ch\u1ecdn ho\u00e0n h\u1ea3o.<\/p>\n<p><strong>B\u1ea1n s\u1ebd y\u00eau chi\u1ebfc xe n\u00e0y v\u00ec&#8230;<\/strong><\/p>\n<p><strong>1 \u2013<\/strong>\u00a0Phu\u1ed9c tr\u01b0\u1edbc RockShox v\u1edbi l\u00f2 xo h\u01a1i c\u00f4ng ngh\u1ec7 ti\u00ean ti\u1ebfn DebonAir gi\u00fap t\u1ea1o ra tr\u1ea3i nghi\u1ec7m l\u00e1i \u00eam \u00e1i, ph\u1ea3n h\u1ed3i nhanh nh\u1eb9n h\u01a1n tr\u00ean nh\u1eefng \u0111\u1ecba h\u00ecnh ph\u1ee9c t\u1ea1p<\/p>\n<p><strong>2 \u2013<\/strong>\u00a0Ch\u1ed1t tr\u1ee5c gi\u1ea3m x\u00f3c IsoSpeed t\u00edch h\u1ee3p trong khung s\u01b0\u1eddn carbon t\u1ea1o ra m\u1ed9t tr\u1ea3i nghi\u1ec7m l\u00e1i \u00eam \u00e1i h\u01a1n b\u1ea5t c\u1ee9 chi\u1ebfc xe hardtail n\u00e0o kh\u00e1c<\/p>\n<p><strong>3 \u2013<\/strong>\u00a0Ph\u1ee5 t\u00f9ng chu\u1ea9n XC c\u1ee9ng c\u00e1p, m\u1ea1nh m\u1ebd &amp; b\u1ec1n b\u1ec9 \u0111\u1ec3 \u0111\u00e1p \u1ee9ng nh\u1eefng \u0111\u01b0\u1eddng \u0111ua kh\u1eafc nghi\u1ec7t<\/p>\n<p><strong>4 \u2013<\/strong>\u00a0Thi\u1ebft k\u1ebf \u1ed1ng d\u01b0\u1edbi ki\u1ec3u Straight Shot t\u0103ng c\u01b0\u1eddng \u0111\u1ed9 c\u1ee9ng c\u1ee7a khung xe, nh\u1edd \u0111\u00f3 xe ph\u1ea3n \u1ee9ng nhanh v\u00e0 linh ho\u1ea1t h\u01a1n. K\u1ebft h\u1ee3p v\u1edbi b\u1ed9 c\u1ed5 Knock Block gi\u00fap b\u1ea3o v\u1ec7 khung xe kh\u1ecfi c\u00e1c va ch\u1ea1m v\u1edbi ch\u00f3p phu\u1ed9c trong khi s\u1eed d\u1ee5ng.<\/p>\n<p><strong>5 \u2013<\/strong>\u00a0T\u00ednh n\u0103ng kho\u00e1 phu\u1ed9c t\u1eeb xa cho ph\u00e9p b\u1ea1n ngay l\u1eadp t\u1ee9c t\u0103ng t\u1ed1c, c\u1ea3i thi\u1ec7n hi\u1ec7u su\u1ea5t \u0111\u1ea1p m\u00e0 kh\u00f4ng c\u1ea7n r\u1eddi tay kh\u1ecfi ghi \u0111\u00f4ng<\/p>\n<section id=\"equalprice-products\" class=\"section sec_tab container\">\n<div class=\"row \">\n<div class=\"col-12 \">\n<div class=\"\">\n<div class=\"title_module section heading-bar d-flex justify-content-between align-items-center\"><\/div>\n<\/div>\n<\/div>\n<\/div>\n<\/section>\n","protected":false},"featured_media":12299,"comment_status":"closed","ping_status":"closed","template":"","meta":[],"product_cat":[116],"product_tag":[],"class_list":["post-12298","product","type-product","status-publish","has-post-thumbnail","hentry","product_cat-xe-dap-trek"],"_links":{"self":[{"href":"https:\/\/xedop.com\/en\/wp-json\/wp\/v2\/product\/12298","targetHints":{"allow":["GET"]}}],"collection":[{"href":"https:\/\/xedop.com\/en\/wp-json\/wp\/v2\/product"}],"about":[{"href":"https:\/\/xedop.com\/en\/wp-json\/wp\/v2\/types\/product"}],"replies":[{"embeddable":true,"href":"https:\/\/xedop.com\/en\/wp-json\/wp\/v2\/comments?post=12298"}],"version-history":[{"count":1,"href":"https:\/\/xedop.com\/en\/wp-json\/wp\/v2\/product\/12298\/revisions"}],"predecessor-version":[{"id":12301,"href":"https:\/\/xedop.com\/en\/wp-json\/wp\/v2\/product\/12298\/revisions\/12301"}],"wp:featuredmedia":[{"embeddable":true,"href":"https:\/\/xedop.com\/en\/wp-json\/wp\/v2\/media\/12299"}],"wp:attachment":[{"href":"https:\/\/xedop.com\/en\/wp-json\/wp\/v2\/media?parent=12298"}],"wp:term":[{"taxonomy":"product_cat","embeddable":true,"href":"https:\/\/xedop.com\/en\/wp-json\/wp\/v2\/product_cat?post=12298"},{"taxonomy":"product_tag","embeddable":true,"href":"https:\/\/xedop.com\/en\/wp-json\/wp\/v2\/product_tag?post=12298"}],"curies":[{"name":"wp","href":"https:\/\/api.w.org\/{rel}","templated":true}]}}