{"id":12302,"date":"2026-04-18T09:51:08","date_gmt":"2026-04-18T02:51:08","guid":{"rendered":"https:\/\/xedop.com\/?post_type=product&#038;p=12302"},"modified":"2026-04-20T20:29:11","modified_gmt":"2026-04-20T13:29:11","slug":"xe-dap-trek-domane-sl-5","status":"publish","type":"product","link":"https:\/\/xedop.com\/en\/san-pham\/xe-dap-trek-domane-sl-5\/","title":{"rendered":"Xe \u0111\u1ea1p TREK DOMANE SL 5"},"content":{"rendered":"<table>\n<tbody>\n<tr>\n<th>Khung<\/th>\n<td>500 Series OCLV Carbon, IsoSpeed, b\u1ed9 ch\u1ee9a ph\u1ee5 ki\u1ec7n t\u00edch h\u1ee3p trong khung s\u01b0\u1eddn, \u1ed1ng c\u1ed5 tapered, \u0111i d\u00e2y \u00e2m, \u1ed1ng ch\u1ee5p c\u1ed1t y\u00ean vi ch\u1ec9nh, b\u1ed9 gi\u1eef s\u00ean 3S, ng\u00e0m g\u1eafn v\u00e8, ng\u00e0m th\u1eafng \u0111\u0129a Flat Mount, 142&#215;12 mm thru axle<\/td>\n<\/tr>\n<tr>\n<th>Phu\u1ed9c<\/th>\n<td>Domane SL carbon, c\u1ed5 l\u00e1i carbon tapered, \u0111i d\u00e2y \u00e2m, ng\u00e0m g\u1eafn v\u00e8, ng\u00e0m th\u1eafng \u0111\u0129a Flat Mount, ch\u00e2n phu\u1ed9c carbon, 12&#215;100 mm thru axle<\/td>\n<\/tr>\n<tr>\n<th>\u0110\u00f9m tr\u01b0\u1edbc<\/th>\n<td>Bontrager alloy, sealed bearing, CenterLock disc, 100&#215;12 mm thru axle<\/td>\n<\/tr>\n<tr>\n<th>Kho\u00e1 \u0111\u00f9m tr\u01b0\u1edbc<\/th>\n<td>Bontrager Switch thru-axle, removable lever<\/td>\n<\/tr>\n<tr>\n<th>\u0110\u00f9m sau<\/th>\n<td>Bontrager alloy, sealed bearing, CenterLock disc, Shimano 11-speed freehub, 142&#215;12 mm thru axle<\/td>\n<\/tr>\n<tr>\n<th>V\u00e0nh xe<\/th>\n<td>Bontrager Paradigm SL, Tubeless Ready, 24-hole, 21 mm width, Presta valve<\/td>\n<\/tr>\n<tr>\n<th>L\u1ed1p xe<\/th>\n<td>Bontrager R3 Hard-Case Lite, Tubeless Ready, aramid bead, 120 tpi, 700x32c<\/td>\n<\/tr>\n<tr>\n<th>C\u1ee1 l\u1ed1p t\u1ed1i \u0111a<\/th>\n<td>38c kh\u00f4ng ch\u1eafn b\u00f9n, 35c v\u1edbi ch\u1eafn b\u00f9n<\/td>\n<\/tr>\n<tr>\n<th>Ph\u1ee5 ki\u1ec7n l\u1ed1p<\/th>\n<td>Bontrager TLR sealant, 180 ml \/ 6 oz<\/td>\n<\/tr>\n<tr>\n<th>D\u00e2y tim<\/th>\n<td>Bontrager Aeolus XXX rim strip<\/td>\n<\/tr>\n<tr>\n<th>Tay \u0111\u1ec1<\/th>\n<td>Size: 44, 47, 50, 52 Shimano 105 R7025, short-reach lever, 11-speed<\/p>\n<p>Size: 54, 56, 58, 60, 62 Shimano 105 R7020, 11-speed<\/td>\n<\/tr>\n<tr>\n<th>\u0110\u1ec1 tr\u01b0\u1edbc<\/th>\n<td>Shimano 105 R7000, braze-on<\/td>\n<\/tr>\n<tr>\n<th>\u0110\u1ec1 sau<\/th>\n<td>Shimano 105 R7000, Shadow design, long cage, 34T max cog<\/td>\n<\/tr>\n<tr>\n<th>\u0110\u00f9i \u0111\u0129a<\/th>\n<td>Size: 44, 47 Shimano 105 R7000, 50\/34T, 165 mm<\/p>\n<p>Size: 47, 50, 52 Shimano 105 R7000, 50\/34T, 170 mm<\/p>\n<p>Size: 54, 56 Shimano 105 R7000, 50\/34T, 172.5 mm<\/p>\n<p>Size: 58, 60, 62 Shimano 105 R7000, 50\/34T, 175 mm<\/td>\n<\/tr>\n<tr>\n<th>Ch\u00e9n tr\u1ee5c gi\u1eefa<\/th>\n<td>Praxis, T47 threaded, internal bearing<\/td>\n<\/tr>\n<tr>\n<th>\u1ed4 l\u00edp<\/th>\n<td>Shimano 105 HG700-11, 11-34T, 11-speed<\/td>\n<\/tr>\n<tr>\n<th>X\u00edch xe<\/th>\n<td>Shimano 105 HG601, 11-speed<\/td>\n<\/tr>\n<tr>\n<th>B\u00e0n \u0111\u1ea1p<\/th>\n<td>Kh\u00f4ng bao g\u1ed3m<\/td>\n<\/tr>\n<tr>\n<th>Y\u00ean xe<\/th>\n<td>Size: 44, 47, 50, 52 Bontrager P3 Comp, short nose, 155 mm width<\/p>\n<p>Size: 54, 56, 58, 60, 62 Bontrager P3 Comp, short nose, 145 mm width<\/td>\n<\/tr>\n<tr>\n<th>C\u1ed1t y\u00ean<\/th>\n<td>Size: 44, 47, 50, 52, 54, 56 Domane carbon seat post, KVF2 shaping, 20 mm offset, 280 mm length<\/p>\n<p>Size: 58, 60, 62 Domane carbon seat post, KVF2 shaping, 20 mm offset, 320 mm length<\/td>\n<\/tr>\n<tr>\n<th>Tay l\u00e1i<\/th>\n<td>Size: 44, 47 Bontrager Elite IsoZone VR-SF, alloy, 31.8 mm, internal Di2 routing, 75 mm reach, 128 mm drop, 36 cm width<\/p>\n<p>Size: 50 38 cm<\/p>\n<p>Size: 52 40 cm<\/p>\n<p>Size: 54, 56 42 cm<\/p>\n<p>Size: 58, 60, 62 44 cm<\/td>\n<\/tr>\n<tr>\n<th>D\u00e2y qu\u1ea5n tay l\u00e1i<\/th>\n<td>Bontrager Supertack Perf tape<\/td>\n<\/tr>\n<tr>\n<th>C\u1ed5 l\u00e1i<\/th>\n<td>Size: 44 Bontrager RCS Pro, 7-degree, 60 mm<\/p>\n<p>Size: 47 70 mm<\/p>\n<p>Size: 50 80 mm<\/p>\n<p>Size: 52, 54 90 mm<\/p>\n<p>Size: 56, 58 100 mm<\/p>\n<p>Size: 60, 62 110 mm<\/td>\n<\/tr>\n<tr>\n<th>\u0110\u0129a phanh<\/th>\n<td>Shimano SM-RT70, CenterLock, 160 mm<\/td>\n<\/tr>\n<tr>\n<th>T\u00fai ph\u1ee5 ki\u1ec7n<\/th>\n<td>Bontrager BITS Internal Frame Storage Bag<\/td>\n<\/tr>\n<tr>\n<th>Tr\u1ecdng l\u01b0\u1ee3ng<\/th>\n<td>Size: 56 \u2013 20.28 lbs \/ 9.2 kg<\/td>\n<\/tr>\n<tr>\n<th>T\u1ea3i tr\u1ecdng<\/th>\n<td>T\u1ed1i \u0111a 125 kg bao g\u1ed3m ng\u01b0\u1eddi l\u00e1i, khung v\u00e0 \u0111\u1ed3 \u0111\u1ea1c tr\u00ean xe<\/td>\n<\/tr>\n<\/tbody>\n<\/table>\n","protected":false},"excerpt":{"rendered":"<p><strong>N\u00f3 ph\u00f9 h\u1ee3p v\u1edbi b\u1ea1n n\u1ebfu&#8230;<\/strong><\/p>\n<p>B\u1ea1n mu\u1ed1n c\u00f3 m\u1ed9t chuy\u1ebfn \u0111i nhanh cho h\u00e0nh tr\u00ecnh d\u00e0i v\u00e0 b\u1ea1n th\u00edch khung xe Carbon nh\u1eb9 v\u00e0 ch\u1ed1ng rung IsoSpeed \u200b\u200b\u00eam \u00e1i tr\u00ean \u0111\u01b0\u1eddng. Nh\u1eefng chuy\u1ebfn \u0111i c\u00f3 th\u1ec3 \u0111\u01b0a b\u1ea1n v\u01b0\u1ee3t qua nh\u1eefng con \u0111\u01b0\u1eddng tr\u01a1n, g\u1ed3 gh\u1ec1 v\u00e0 xa h\u01a1n n\u1eefa, v\u00e0 b\u1ea1n mu\u1ed1n m\u1ed9t chi\u1ebfc xe \u0111\u1ea1p c\u00f3 kho\u1ea3ng l\u1ed1p r\u1ed9ng v\u00e0 phanh \u0111\u0129a \u0111\u1ec3 gi\u00fap b\u1ea1n v\u01b0\u1ee3t qua t\u1ea5t c\u1ea3.<\/p>\n<p><strong>C\u00f4ng ngh\u1ec7 b\u1ea1n \u0111\u01b0\u1ee3c trang b\u1ecb<\/strong><\/p>\n<p>M\u1ed9t khung xe carbon 500 OCLV Series v\u1edbi h\u1ec7 th\u1ed1ng gi\u1ea3m x\u00f3c IsoSpeed t\u00edch h\u1ee3p trong khung s\u01b0\u1eddn, h\u1ec7 th\u1ed1ng th\u1eafng \u0111\u0129a ng\u00e0m Flat Mount v\u00e0 b\u1ed9 truy\u1ec1n \u0111\u1ed9ng Shimano 105 2&#215;11 t\u1ed1c \u0111\u1ed9 \u0111\u00e1ng tin c\u1eady v\u00e0 b\u1ed9 b\u00e1nh xe cao c\u1ea5p h\u1ed7 tr\u1ee3 c\u00f4ng ngh\u1ec7 Tubeless k\u1ebft h\u1ee3p c\u00f9ng c\u1eb7p v\u1ecf b\u1ea3n r\u1ed9ng 700x32c. h\u1ec7 th\u1ed1ng d\u1ef1 tr\u1eef ph\u1ee5 ki\u1ec7n t\u00edch h\u1ee3p trong khung s\u01b0\u1eddn v\u00e0 t\u00ednh n\u0103ng \u0111i d\u00e2y \u00e2m gi\u00fap t\u1ea1o ra c\u00e1i nh\u00ecn g\u1ecdn g\u00e0ng &amp; cao c\u1ea5p.<\/p>\n<p><strong>V\u00e0 tr\u00ean t\u1ea5t c\u1ea3 l\u00e0<\/strong><\/p>\n<p>Domane SL 5 l\u00e0 chi\u1ebfc xe m\u01a1 \u01b0\u1edbc cho nh\u1eefng chuy\u1ebfn \u0111i d\u00e0i. Khung carbon nh\u1eb9 v\u00e0 nhanh, \u1ed5n \u0111\u1ecbnh c\u00f9ng c\u00f4ng ngh\u1ec7 IsoSpeed \u00eam \u00e1i tr\u00ean \u0111\u01b0\u1eddng gi\u00fap b\u1ea1n tho\u1ea3i m\u00e1i tr\u00ean nh\u1eefng ch\u1eb7ng \u0111\u01b0\u1eddng d\u00e0i.B\u1ea1n c\u00f2n s\u1ebd c\u1ea3m nh\u1eadn \u0111\u01b0\u1ee3c nh\u1eefng \u01b0u \u0111i\u1ec3m \u0111\u1ebfn t\u1eeb b\u1ed9 truy\u1ec1n \u0111\u1ed9ng cao c\u1ea5p Shimano 105 v\u00e0 h\u1ec7 th\u1ed1ng th\u1eafng \u0111\u0129a th\u1ee7y l\u1ef1c m\u1ea1nh m\u1ebd<\/p>\n<p><strong>B\u1ea1n s\u1ebd y\u00eau chi\u1ebfc xe n\u00e0y v\u00ec&#8230;<\/strong><\/p>\n<p><strong>1 \u2013<\/strong>\u00a0Domane l\u00e0 d\u00f2ng xe c\u1ef1c k\u1ef3 linh ho\u1ea1t, m\u01b0\u1ee3t m\u00e0 v\u00e0 \u0111\u1ee7 m\u1ea1nh m\u1ebd \u0111\u1ec3 b\u1ea1n thi \u0111\u1ea5u, luy\u1ec7n t\u1eadp hay kh\u00e1m ph\u00e1 nh\u1eefng cung \u0111\u01b0\u1eddng xa<\/p>\n<p><strong>2 \u2013<\/strong>\u00a0IsoSpeed \u1ed1ng \u0111\u1ea7u v\u00e0 IsoSpeed \u1ed1ng y\u00ean h\u1ea5p th\u1ee5 ch\u1ea5n \u0111\u1ed9ng t\u1eeb m\u1eb7t \u0111\u01b0\u1eddng \u0111\u1ec3 gi\u00fap h\u1ea1n ch\u1ebf nh\u1ee9c m\u1ecfi, gi\u00fap b\u1ea1n \u0111i l\u00e2u h\u01a1n, xa h\u01a1n<\/p>\n<p><strong>3 \u2013<\/strong>\u00a0Phu\u1ed9c carbon IsoSpeed c\u0169ng l\u00e0 m\u1ed9t th\u00e0nh ph\u1ea7n trong c\u1ea5u tr\u00fac khung gi\u00fap h\u1ea1n ch\u1ebf rung \u0111\u1ed9ng t\u1eeb m\u1eb7t \u0111\u01b0\u1eddng hi\u1ec7u qu\u1ea3<\/p>\n<p><strong>4 \u2013<\/strong>\u00a0H\u1ec7 th\u1ed1ng ch\u1ee9a \u0111\u1ef1ng ph\u1ee5 ki\u1ec7n t\u00edch h\u1ee3p b\u00ean trong khung s\u01b0\u1eddn c\u1ef1c k\u1ef3 \u0111\u1ed9c \u0111\u00e1o, mang l\u1ea1i hi\u1ec7u qu\u1ea3 s\u1eed d\u1ee5ng ti\u1ec7n l\u1ee3i, linh ho\u1ea1t v\u00e0 c\u1ea3m gi\u00e1c cao c\u1ea5p c\u1ee7a m\u1ed9t chi\u1ebfc xe \u0111\u01b0\u1ee3c thi\u1ebft k\u1ebf t\u1ec9 m\u1ec9<\/p>\n<p><strong>5 \u2013<\/strong>\u00a0C\u1ea5u tr\u00fac khung Endurance Geometry \u1ed5n \u0111\u1ecbnh &amp; tho\u1ea3i m\u00e1i trong su\u1ed1t h\u00e0nh tr\u00ecnh d\u00e0i, nh\u01b0ng v\u1eabn \u0111\u1ea3m b\u1ea3o t\u1ed1c \u0111\u1ed9 khi c\u1ea7n thi \u0111\u1ea5u<\/p>\n","protected":false},"featured_media":12303,"comment_status":"closed","ping_status":"closed","template":"","meta":[],"product_cat":[116],"product_tag":[],"class_list":["post-12302","product","type-product","status-publish","has-post-thumbnail","hentry","product_cat-xe-dap-trek"],"_links":{"self":[{"href":"https:\/\/xedop.com\/en\/wp-json\/wp\/v2\/product\/12302","targetHints":{"allow":["GET"]}}],"collection":[{"href":"https:\/\/xedop.com\/en\/wp-json\/wp\/v2\/product"}],"about":[{"href":"https:\/\/xedop.com\/en\/wp-json\/wp\/v2\/types\/product"}],"replies":[{"embeddable":true,"href":"https:\/\/xedop.com\/en\/wp-json\/wp\/v2\/comments?post=12302"}],"version-history":[{"count":2,"href":"https:\/\/xedop.com\/en\/wp-json\/wp\/v2\/product\/12302\/revisions"}],"predecessor-version":[{"id":12306,"href":"https:\/\/xedop.com\/en\/wp-json\/wp\/v2\/product\/12302\/revisions\/12306"}],"wp:featuredmedia":[{"embeddable":true,"href":"https:\/\/xedop.com\/en\/wp-json\/wp\/v2\/media\/12303"}],"wp:attachment":[{"href":"https:\/\/xedop.com\/en\/wp-json\/wp\/v2\/media?parent=12302"}],"wp:term":[{"taxonomy":"product_cat","embeddable":true,"href":"https:\/\/xedop.com\/en\/wp-json\/wp\/v2\/product_cat?post=12302"},{"taxonomy":"product_tag","embeddable":true,"href":"https:\/\/xedop.com\/en\/wp-json\/wp\/v2\/product_tag?post=12302"}],"curies":[{"name":"wp","href":"https:\/\/api.w.org\/{rel}","templated":true}]}}