{"id":12307,"date":"2026-04-18T18:48:31","date_gmt":"2026-04-18T11:48:31","guid":{"rendered":"https:\/\/xedop.com\/?post_type=product&#038;p=12307"},"modified":"2026-04-18T18:48:31","modified_gmt":"2026-04-18T11:48:31","slug":"ban-dap-ca-xe-mtb-pedals-shimano-pd-m520","status":"publish","type":"product","link":"https:\/\/xedop.com\/en\/san-pham\/ban-dap-ca-xe-mtb-pedals-shimano-pd-m520\/","title":{"rendered":"B\u00e0n \u0111\u1ea1p c\u00e1 xe MTB Pedals Shimano PD-M520"},"content":{"rendered":"<table class=\"w-full font-medium text-xs\">\n<tbody class=\"[&amp;&gt;*:nth-child(odd)]:bg-blue-10\">\n<tr class=\"\">\n<td class=\"w-36 py-[10px] px-4 text-gray-800\">Ch\u1ea5t Li\u1ec7u<\/td>\n<td class=\"px-4 py-[10px] text-right font-bold text-gray-800\">Body: aluminium Axle : steel (CrMo)<\/td>\n<\/tr>\n<tr class=\"\">\n<td class=\"w-36 py-[10px] px-4 text-gray-800\">Xu\u1ea5t x\u1ee9<\/td>\n<td class=\"px-4 py-[10px] text-right font-bold text-gray-800\">Malaysia<\/td>\n<\/tr>\n<tr class=\"\">\n<td class=\"w-36 py-[10px] px-4 text-gray-800\">Lo\u1ea1i<\/td>\n<td class=\"px-4 py-[10px] text-right font-bold text-gray-800\">clipless pedals<\/td>\n<\/tr>\n<tr class=\"\">\n<td class=\"w-36 py-[10px] px-4 text-gray-800\">Pedal<\/td>\n<td class=\"px-4 py-[10px] text-right font-bold text-gray-800\">SPD<\/td>\n<\/tr>\n<tr class=\"\">\n<td class=\"w-36 py-[10px] px-4 text-gray-800\">Cleat Mount<\/td>\n<td class=\"px-4 py-[10px] text-right font-bold text-gray-800\">2-bolt<\/td>\n<\/tr>\n<tr class=\"\">\n<td class=\"w-36 py-[10px] px-4 text-gray-800\">Stack height (mm)<\/td>\n<td class=\"px-4 py-[10px] text-right font-bold text-gray-800\">17<\/td>\n<\/tr>\n<tr class=\"\">\n<td class=\"w-36 py-[10px] px-4 text-gray-800\">Pedal center (mm)<\/td>\n<td class=\"px-4 py-[10px] text-right font-bold text-gray-800\">55<\/td>\n<\/tr>\n<tr class=\"\">\n<td class=\"w-36 py-[10px] px-4 text-gray-800\">T\u01b0\u01a1ng th\u00edch<\/td>\n<td class=\"px-4 py-[10px] text-right font-bold text-gray-800\">SM-SH51, SM-SH56<\/td>\n<\/tr>\n<tr class=\"\">\n<td class=\"w-36 py-[10px] px-4 text-gray-800\">Th\u00f4ng tin kh\u00e1c<\/td>\n<td class=\"px-4 py-[10px] text-right font-bold text-gray-800\">C\u1ea5u tr\u00fac th\u00e2n b\u00e0n \u0111\u1ea1p nh\u1ecf g\u1ecdn v\u1edbi thi\u1ebft k\u1ebf m\u1edf \u0111\u1ec3 d\u1ec5 d\u00e0ng ti\u1ebfp c\u1eadn C\u00e0i \u0111\u1eb7t \u0111\u1ed9 c\u0103ng c\u00f3 th\u1ec3 \u0111i\u1ec1u ch\u1ec9nh Tr\u1ee5c ch\u00ednh b\u1eb1ng cr\u00f4m-molly ch\u1eafc ch\u1eafn v\u00e0 tr\u1ee5c h\u1ed9p m\u1ef1c \u1ed5 tr\u1ee5c k\u00edn \u00edt b\u1ea3o d\u01b0\u1ee1ng<\/td>\n<\/tr>\n<tr class=\"\">\n<td class=\"w-36 py-[10px] px-4 text-gray-800\">Tr\u1ecdng l\u01b0\u1ee3ng<\/td>\n<td class=\"px-4 py-[10px] text-right font-bold text-gray-800\">380g\/pair<\/td>\n<\/tr>\n<\/tbody>\n<\/table>\n","protected":false},"excerpt":{"rendered":"<p>Ch\u1ea5t Li\u1ec7u Body: aluminium Axle : steel (CrMo) Xu\u1ea5t x\u1ee9 Malaysia Lo\u1ea1i clipless pedals Pedal SPD Cleat Mount 2-bolt Stack height (mm) 17 Pedal center (mm)<span class=\"excerpt-hellip\"> [\u2026]<\/span><\/p>\n","protected":false},"featured_media":12308,"comment_status":"closed","ping_status":"closed","template":"","meta":[],"product_cat":[109],"product_tag":[],"class_list":["post-12307","product","type-product","status-publish","has-post-thumbnail","hentry","product_cat-ban-dap-pedals"],"_links":{"self":[{"href":"https:\/\/xedop.com\/en\/wp-json\/wp\/v2\/product\/12307","targetHints":{"allow":["GET"]}}],"collection":[{"href":"https:\/\/xedop.com\/en\/wp-json\/wp\/v2\/product"}],"about":[{"href":"https:\/\/xedop.com\/en\/wp-json\/wp\/v2\/types\/product"}],"replies":[{"embeddable":true,"href":"https:\/\/xedop.com\/en\/wp-json\/wp\/v2\/comments?post=12307"}],"version-history":[{"count":1,"href":"https:\/\/xedop.com\/en\/wp-json\/wp\/v2\/product\/12307\/revisions"}],"predecessor-version":[{"id":12318,"href":"https:\/\/xedop.com\/en\/wp-json\/wp\/v2\/product\/12307\/revisions\/12318"}],"wp:featuredmedia":[{"embeddable":true,"href":"https:\/\/xedop.com\/en\/wp-json\/wp\/v2\/media\/12308"}],"wp:attachment":[{"href":"https:\/\/xedop.com\/en\/wp-json\/wp\/v2\/media?parent=12307"}],"wp:term":[{"taxonomy":"product_cat","embeddable":true,"href":"https:\/\/xedop.com\/en\/wp-json\/wp\/v2\/product_cat?post=12307"},{"taxonomy":"product_tag","embeddable":true,"href":"https:\/\/xedop.com\/en\/wp-json\/wp\/v2\/product_tag?post=12307"}],"curies":[{"name":"wp","href":"https:\/\/api.w.org\/{rel}","templated":true}]}}