{"id":12328,"date":"2026-04-18T18:55:54","date_gmt":"2026-04-18T11:55:54","guid":{"rendered":"https:\/\/xedop.com\/?post_type=product&#038;p=12328"},"modified":"2026-04-18T18:55:54","modified_gmt":"2026-04-18T11:55:54","slug":"ban-dap-ca-xe-mtb-pedals-shimano-pd-t8000-deore-xt","status":"publish","type":"product","link":"https:\/\/xedop.com\/en\/san-pham\/ban-dap-ca-xe-mtb-pedals-shimano-pd-t8000-deore-xt\/","title":{"rendered":"B\u00e0n \u0111\u1ea1p c\u00e1 xe MTB Pedals Shimano PD-T8000, Deore XT"},"content":{"rendered":"<table class=\"w-full font-medium text-xs\">\n<tbody>\n<tr class=\"\">\n<td class=\"w-36 py-[10px] px-4 text-gray-800\">Ch\u1ea5t Li\u1ec7u<\/td>\n<td class=\"px-4 py-[10px] text-right font-bold text-gray-800\">Body: aluminium Axle : steel (CrMo)<\/td>\n<\/tr>\n<tr class=\"\">\n<td class=\"w-36 py-[10px] px-4 text-gray-800\">Xu\u1ea5t x\u1ee9<\/td>\n<td class=\"px-4 py-[10px] text-right font-bold text-gray-800\">Malaysia<\/td>\n<\/tr>\n<tr class=\"\">\n<td class=\"w-36 py-[10px] px-4 text-gray-800\">Lo\u1ea1i<\/td>\n<td class=\"px-4 py-[10px] text-right font-bold text-gray-800\">hybrid pedals (one side clipless, one side platform)<\/td>\n<\/tr>\n<tr class=\"\">\n<td class=\"w-36 py-[10px] px-4 text-gray-800\">Pedal<\/td>\n<td class=\"px-4 py-[10px] text-right font-bold text-gray-800\">SPD<\/td>\n<\/tr>\n<tr class=\"\">\n<td class=\"w-36 py-[10px] px-4 text-gray-800\">Cleat Mount<\/td>\n<td class=\"px-4 py-[10px] text-right font-bold text-gray-800\">2-bolt<\/td>\n<\/tr>\n<tr class=\"\">\n<td class=\"w-36 py-[10px] px-4 text-gray-800\">Stack height (mm)<\/td>\n<td class=\"px-4 py-[10px] text-right font-bold text-gray-800\">17<\/td>\n<\/tr>\n<tr class=\"\">\n<td class=\"w-36 py-[10px] px-4 text-gray-800\">Pedal center (mm)<\/td>\n<td class=\"px-4 py-[10px] text-right font-bold text-gray-800\">55<\/td>\n<\/tr>\n<tr class=\"\">\n<td class=\"w-36 py-[10px] px-4 text-gray-800\">T\u01b0\u01a1ng th\u00edch<\/td>\n<td class=\"px-4 py-[10px] text-right font-bold text-gray-800\">SM-SH51, SM-SH56<\/td>\n<\/tr>\n<tr class=\"\">\n<td class=\"w-36 py-[10px] px-4 text-gray-800\">Th\u00f4ng tin kh\u00e1c<\/td>\n<td class=\"px-4 py-[10px] text-right font-bold text-gray-800\">B\u00e0n \u0111\u1ea1p \u0111\u1ebf \u1edf m\u1ed9t b\u00ean v\u00e0 b\u00e0n \u0111\u1ea1p SPD \u1edf b\u00ean kia C\u00e0i \u0111\u1eb7t \u0111\u1ed9 c\u0103ng c\u00f3 th\u1ec3 \u0111i\u1ec1u ch\u1ec9nh \u0110\u1ed9 b\u00e1m \u0111\u01b0\u1ee3c c\u1ea3i thi\u1ec7n: M\u1eb7t \u0111\u1ebf bao g\u1ed3m khe h\u1edf k\u1eb9p l\u00f5m v\u00e0 ch\u1ed1t c\u00f3 \u0111\u1ed9 b\u00e1m cao V\u00f2ng bi c\u1ed1c v\u00e0 h\u00ecnh n\u00f3n k\u00edn gi\u00fap b\u1ea3o d\u01b0\u1ee1ng d\u1ec5 d\u00e0ng<\/td>\n<\/tr>\n<tr class=\"\">\n<td class=\"w-36 py-[10px] px-4 text-gray-800\">Tr\u1ecdng l\u01b0\u1ee3ng<\/td>\n<td class=\"px-4 py-[10px] text-right font-bold text-gray-800\">392g\/pair<\/td>\n<\/tr>\n<\/tbody>\n<\/table>\n","protected":false},"excerpt":{"rendered":"<p>Ch\u1ea5t Li\u1ec7u Body: aluminium Axle : steel (CrMo) Xu\u1ea5t x\u1ee9 Malaysia Lo\u1ea1i hybrid pedals (one side clipless, one side platform) Pedal SPD Cleat Mount 2-bolt Stack<span class=\"excerpt-hellip\"> [\u2026]<\/span><\/p>\n","protected":false},"featured_media":12329,"comment_status":"closed","ping_status":"closed","template":"","meta":[],"product_cat":[109],"product_tag":[],"class_list":["post-12328","product","type-product","status-publish","has-post-thumbnail","hentry","product_cat-ban-dap-pedals"],"_links":{"self":[{"href":"https:\/\/xedop.com\/en\/wp-json\/wp\/v2\/product\/12328","targetHints":{"allow":["GET"]}}],"collection":[{"href":"https:\/\/xedop.com\/en\/wp-json\/wp\/v2\/product"}],"about":[{"href":"https:\/\/xedop.com\/en\/wp-json\/wp\/v2\/types\/product"}],"replies":[{"embeddable":true,"href":"https:\/\/xedop.com\/en\/wp-json\/wp\/v2\/comments?post=12328"}],"version-history":[{"count":1,"href":"https:\/\/xedop.com\/en\/wp-json\/wp\/v2\/product\/12328\/revisions"}],"predecessor-version":[{"id":12337,"href":"https:\/\/xedop.com\/en\/wp-json\/wp\/v2\/product\/12328\/revisions\/12337"}],"wp:featuredmedia":[{"embeddable":true,"href":"https:\/\/xedop.com\/en\/wp-json\/wp\/v2\/media\/12329"}],"wp:attachment":[{"href":"https:\/\/xedop.com\/en\/wp-json\/wp\/v2\/media?parent=12328"}],"wp:term":[{"taxonomy":"product_cat","embeddable":true,"href":"https:\/\/xedop.com\/en\/wp-json\/wp\/v2\/product_cat?post=12328"},{"taxonomy":"product_tag","embeddable":true,"href":"https:\/\/xedop.com\/en\/wp-json\/wp\/v2\/product_tag?post=12328"}],"curies":[{"name":"wp","href":"https:\/\/api.w.org\/{rel}","templated":true}]}}