{"id":12370,"date":"2026-04-18T19:09:47","date_gmt":"2026-04-18T12:09:47","guid":{"rendered":"https:\/\/xedop.com\/?post_type=product&#038;p=12370"},"modified":"2026-04-18T19:09:47","modified_gmt":"2026-04-18T12:09:47","slug":"ban-dap-ca-xe-road-pedals-shimano-pd-r8000-ultegra","status":"publish","type":"product","link":"https:\/\/xedop.com\/en\/san-pham\/ban-dap-ca-xe-road-pedals-shimano-pd-r8000-ultegra\/","title":{"rendered":"B\u00e0n \u0111\u1ea1p c\u00e1 xe road Pedals Shimano PD-R8000 Ultegra"},"content":{"rendered":"<table class=\"w-full font-medium text-xs\">\n<tbody>\n<tr class=\"\">\n<td class=\"w-36 py-[10px] px-4 text-gray-800\">Ch\u1ea5t Li\u1ec7u<\/td>\n<td class=\"px-4 py-[10px] text-right font-bold text-gray-800\">Body: Carbon composite; Axle : Steel (CrMo)<\/td>\n<\/tr>\n<tr class=\"\">\n<td class=\"w-36 py-[10px] px-4 text-gray-800\">Xu\u1ea5t x\u1ee9<\/td>\n<td class=\"px-4 py-[10px] text-right font-bold text-gray-800\">Nh\u1eadt B\u1ea3n<\/td>\n<\/tr>\n<tr class=\"\">\n<td class=\"w-36 py-[10px] px-4 text-gray-800\">Lo\u1ea1i<\/td>\n<td class=\"px-4 py-[10px] text-right font-bold text-gray-800\">Clipless pedals<\/td>\n<\/tr>\n<tr class=\"\">\n<td class=\"w-36 py-[10px] px-4 text-gray-800\">Pedal<\/td>\n<td class=\"px-4 py-[10px] text-right font-bold text-gray-800\">SPD-SL<\/td>\n<\/tr>\n<tr class=\"\">\n<td class=\"w-36 py-[10px] px-4 text-gray-800\">Cleat Mount<\/td>\n<td class=\"px-4 py-[10px] text-right font-bold text-gray-800\">3-bolt<\/td>\n<\/tr>\n<tr class=\"\">\n<td class=\"w-36 py-[10px] px-4 text-gray-800\">Stack height (mm)<\/td>\n<td class=\"px-4 py-[10px] text-right font-bold text-gray-800\">15.8<\/td>\n<\/tr>\n<tr class=\"\">\n<td class=\"w-36 py-[10px] px-4 text-gray-800\">Pedal center (mm)<\/td>\n<td class=\"px-4 py-[10px] text-right font-bold text-gray-800\">53<\/td>\n<\/tr>\n<tr class=\"\">\n<td class=\"w-36 py-[10px] px-4 text-gray-800\">T\u01b0\u01a1ng th\u00edch<\/td>\n<td class=\"px-4 py-[10px] text-right font-bold text-gray-800\">SM-SH11, SM-SH10, SM-SH12, SM-PD63<\/td>\n<\/tr>\n<tr class=\"\">\n<td class=\"w-36 py-[10px] px-4 text-gray-800\">Th\u00f4ng tin kh\u00e1c<\/td>\n<td class=\"px-4 py-[10px] text-right font-bold text-gray-800\">C\u01a1 ch\u1ebf r\u00e0ng bu\u1ed9c m\u1ed9t chi\u1ec1u; B\u1ec1 m\u1eb7t ti\u1ebfp x\u00fac r\u1ed9ng \u0111\u1ec3 truy\u1ec1n t\u1ea3i \u0111i\u1ec7n hi\u1ec7u qu\u1ea3 h\u01a1n; Th\u00e2n b\u00e0n \u0111\u1ea1p b\u1eb1ng th\u00e9p kh\u00f4ng g\u1ec9 b\u1ec1n b\u1ec9 gi\u00fap gi\u1ea3m \u0111\u1ed9 cong v\u00e0 m\u00e0i m\u00f2n; C\u00f3 th\u1ec3 \u0111i\u1ec1u ch\u1ec9nh c\u00e0i \u0111\u1eb7t \u0111\u1ed9 c\u0103ng v\u00e0o v\u00e0 ra; C\u00f3 s\u1eb5n tr\u1ee5c d\u00e0i h\u01a1n 4 mm<\/td>\n<\/tr>\n<tr class=\"\">\n<td class=\"w-36 py-[10px] px-4 text-gray-800\">Tr\u1ecdng l\u01b0\u1ee3ng<\/td>\n<td class=\"px-4 py-[10px] text-right font-bold text-gray-800\">248g\/pair<\/td>\n<\/tr>\n<\/tbody>\n<\/table>\n","protected":false},"excerpt":{"rendered":"<p>Ch\u1ea5t Li\u1ec7u Body: Carbon composite; Axle : Steel (CrMo) Xu\u1ea5t x\u1ee9 Nh\u1eadt B\u1ea3n Lo\u1ea1i Clipless pedals Pedal SPD-SL Cleat Mount 3-bolt Stack height (mm) 15.8 Pedal<span class=\"excerpt-hellip\"> [\u2026]<\/span><\/p>\n","protected":false},"featured_media":12371,"comment_status":"closed","ping_status":"closed","template":"","meta":[],"product_cat":[109],"product_tag":[],"class_list":["post-12370","product","type-product","status-publish","has-post-thumbnail","hentry","product_cat-ban-dap-pedals"],"_links":{"self":[{"href":"https:\/\/xedop.com\/en\/wp-json\/wp\/v2\/product\/12370","targetHints":{"allow":["GET"]}}],"collection":[{"href":"https:\/\/xedop.com\/en\/wp-json\/wp\/v2\/product"}],"about":[{"href":"https:\/\/xedop.com\/en\/wp-json\/wp\/v2\/types\/product"}],"replies":[{"embeddable":true,"href":"https:\/\/xedop.com\/en\/wp-json\/wp\/v2\/comments?post=12370"}],"version-history":[{"count":2,"href":"https:\/\/xedop.com\/en\/wp-json\/wp\/v2\/product\/12370\/revisions"}],"predecessor-version":[{"id":12380,"href":"https:\/\/xedop.com\/en\/wp-json\/wp\/v2\/product\/12370\/revisions\/12380"}],"wp:featuredmedia":[{"embeddable":true,"href":"https:\/\/xedop.com\/en\/wp-json\/wp\/v2\/media\/12371"}],"wp:attachment":[{"href":"https:\/\/xedop.com\/en\/wp-json\/wp\/v2\/media?parent=12370"}],"wp:term":[{"taxonomy":"product_cat","embeddable":true,"href":"https:\/\/xedop.com\/en\/wp-json\/wp\/v2\/product_cat?post=12370"},{"taxonomy":"product_tag","embeddable":true,"href":"https:\/\/xedop.com\/en\/wp-json\/wp\/v2\/product_tag?post=12370"}],"curies":[{"name":"wp","href":"https:\/\/api.w.org\/{rel}","templated":true}]}}