{"id":12391,"date":"2026-04-18T19:15:33","date_gmt":"2026-04-18T12:15:33","guid":{"rendered":"https:\/\/xedop.com\/?post_type=product&#038;p=12391"},"modified":"2026-04-18T19:15:33","modified_gmt":"2026-04-18T12:15:33","slug":"ban-dap-ca-xe-road-pedals-shimano-pd-r9100-dura-ace-4mm-longer-axle","status":"publish","type":"product","link":"https:\/\/xedop.com\/en\/san-pham\/ban-dap-ca-xe-road-pedals-shimano-pd-r9100-dura-ace-4mm-longer-axle\/","title":{"rendered":"B\u00e0n \u0111\u1ea1p c\u00e1 xe road Pedals Shimano PD-R9100, Dura-Ace, 4mm Longer Axle"},"content":{"rendered":"<table class=\"w-full font-medium text-xs\">\n<tbody>\n<tr class=\"\">\n<td class=\"w-36 py-[10px] px-4 text-gray-800\">Ch\u1ea5t Li\u1ec7u<\/td>\n<td class=\"px-4 py-[10px] text-right font-bold text-gray-800\">Body: Carbon composite; Axle : Steel (nickel-CrMo)<\/td>\n<\/tr>\n<tr class=\"\">\n<td class=\"w-36 py-[10px] px-4 text-gray-800\">Xu\u1ea5t x\u1ee9<\/td>\n<td class=\"px-4 py-[10px] text-right font-bold text-gray-800\">Nh\u1eadt B\u1ea3n<\/td>\n<\/tr>\n<tr class=\"\">\n<td class=\"w-36 py-[10px] px-4 text-gray-800\">Lo\u1ea1i<\/td>\n<td class=\"px-4 py-[10px] text-right font-bold text-gray-800\">Clipless pedals<\/td>\n<\/tr>\n<tr class=\"\">\n<td class=\"w-36 py-[10px] px-4 text-gray-800\">Pedal<\/td>\n<td class=\"px-4 py-[10px] text-right font-bold text-gray-800\">SPD-SL<\/td>\n<\/tr>\n<tr class=\"\">\n<td class=\"w-36 py-[10px] px-4 text-gray-800\">Cleat Mount<\/td>\n<td class=\"px-4 py-[10px] text-right font-bold text-gray-800\">3-bolt<\/td>\n<\/tr>\n<tr class=\"\">\n<td class=\"w-36 py-[10px] px-4 text-gray-800\">Stack height (mm)<\/td>\n<td class=\"px-4 py-[10px] text-right font-bold text-gray-800\">14.6<\/td>\n<\/tr>\n<tr class=\"\">\n<td class=\"w-36 py-[10px] px-4 text-gray-800\">Pedal center (mm)<\/td>\n<td class=\"px-4 py-[10px] text-right font-bold text-gray-800\">52<\/td>\n<\/tr>\n<tr class=\"\">\n<td class=\"w-36 py-[10px] px-4 text-gray-800\">Road clearance (deg.)<\/td>\n<td class=\"px-4 py-[10px] text-right font-bold text-gray-800\">35<\/td>\n<\/tr>\n<tr class=\"\">\n<td class=\"w-36 py-[10px] px-4 text-gray-800\">T\u01b0\u01a1ng th\u00edch<\/td>\n<td class=\"px-4 py-[10px] text-right font-bold text-gray-800\">SM-SH12, SM-SH10, SM-SH11, SM-PD63<\/td>\n<\/tr>\n<tr class=\"\">\n<td class=\"w-36 py-[10px] px-4 text-gray-800\">Th\u00f4ng tin kh\u00e1c<\/td>\n<td class=\"px-4 py-[10px] text-right font-bold text-gray-800\">T\u1ed1i \u01b0u h\u00f3a c\u00e2n b\u1eb1ng tr\u1ecdng l\u01b0\u1ee3ng v\u00e0 \u0111\u1ed9 c\u1ee9ng; C\u01a1 ch\u1ebf r\u00e0ng bu\u1ed9c m\u1ed9t chi\u1ec1u; B\u1ec1 m\u1eb7t ti\u1ebfp x\u00fac r\u1ed9ng \u0111\u1ec3 truy\u1ec1n t\u1ea3i \u0111i\u1ec7n hi\u1ec7u qu\u1ea3 h\u01a1n; V\u1ecb tr\u00ed \u1ed5 tr\u1ee5c r\u1ed9ng \u0111\u1ec3 ph\u00e2n ph\u1ed1i t\u1ea3i \u0111\u1ed3ng \u0111\u1ec1u; Th\u00e2n b\u1eb1ng v\u1eadt li\u1ec7u carbon t\u1ed5ng h\u1ee3p \u0111\u00fac phun; C\u00f3 th\u1ec3 \u0111i\u1ec1u ch\u1ec9nh c\u00e0i \u0111\u1eb7t \u0111\u1ed9 c\u0103ng v\u00e0o v\u00e0 ra; C\u00f3 s\u1eb5n tr\u1ee5c d\u00e0i h\u01a1n 4 mm<\/td>\n<\/tr>\n<tr class=\"\">\n<td class=\"w-36 py-[10px] px-4 text-gray-800\">Tr\u1ecdng l\u01b0\u1ee3ng<\/td>\n<td class=\"px-4 py-[10px] text-right font-bold text-gray-800\">246g\/pair<\/td>\n<\/tr>\n<\/tbody>\n<\/table>\n","protected":false},"excerpt":{"rendered":"<p>Ch\u1ea5t Li\u1ec7u Body: Carbon composite; Axle : Steel (nickel-CrMo) Xu\u1ea5t x\u1ee9 Nh\u1eadt B\u1ea3n Lo\u1ea1i Clipless pedals Pedal SPD-SL Cleat Mount 3-bolt Stack height (mm) 14.6 Pedal<span class=\"excerpt-hellip\"> [\u2026]<\/span><\/p>\n","protected":false},"featured_media":12392,"comment_status":"closed","ping_status":"closed","template":"","meta":[],"product_cat":[109],"product_tag":[],"class_list":["post-12391","product","type-product","status-publish","has-post-thumbnail","hentry","product_cat-ban-dap-pedals"],"_links":{"self":[{"href":"https:\/\/xedop.com\/en\/wp-json\/wp\/v2\/product\/12391","targetHints":{"allow":["GET"]}}],"collection":[{"href":"https:\/\/xedop.com\/en\/wp-json\/wp\/v2\/product"}],"about":[{"href":"https:\/\/xedop.com\/en\/wp-json\/wp\/v2\/types\/product"}],"replies":[{"embeddable":true,"href":"https:\/\/xedop.com\/en\/wp-json\/wp\/v2\/comments?post=12391"}],"version-history":[{"count":1,"href":"https:\/\/xedop.com\/en\/wp-json\/wp\/v2\/product\/12391\/revisions"}],"predecessor-version":[{"id":12400,"href":"https:\/\/xedop.com\/en\/wp-json\/wp\/v2\/product\/12391\/revisions\/12400"}],"wp:featuredmedia":[{"embeddable":true,"href":"https:\/\/xedop.com\/en\/wp-json\/wp\/v2\/media\/12392"}],"wp:attachment":[{"href":"https:\/\/xedop.com\/en\/wp-json\/wp\/v2\/media?parent=12391"}],"wp:term":[{"taxonomy":"product_cat","embeddable":true,"href":"https:\/\/xedop.com\/en\/wp-json\/wp\/v2\/product_cat?post=12391"},{"taxonomy":"product_tag","embeddable":true,"href":"https:\/\/xedop.com\/en\/wp-json\/wp\/v2\/product_tag?post=12391"}],"curies":[{"name":"wp","href":"https:\/\/api.w.org\/{rel}","templated":true}]}}