{"id":12410,"date":"2026-04-20T20:11:46","date_gmt":"2026-04-20T13:11:46","guid":{"rendered":"https:\/\/xedop.com\/?post_type=product&#038;p=12410"},"modified":"2026-04-20T20:33:36","modified_gmt":"2026-04-20T13:33:36","slug":"xe-dap-dia-hinh-vinabike-v110-27-5","status":"publish","type":"product","link":"https:\/\/xedop.com\/en\/san-pham\/xe-dap-dia-hinh-vinabike-v110-27-5\/","title":{"rendered":"Xe \u0111\u1ea1p \u0111\u1ecba h\u00ecnh VINABIKE V110 27.5&#8243;"},"content":{"rendered":"<ul>\n<li>Khung: th\u00e9p<\/li>\n<li>P\u00f4 t\u0103ng + ghi \u0111\u00f4ng: h\u1ee3p kim nh\u00f4m<\/li>\n<li>Phu\u1ed9c: th\u00e9p<\/li>\n<li>C\u1ecdc y\u00ean: th\u00e9p<\/li>\n<li>Tay \u0111\u1ec1 SHIMANO 3\u00d77 t\u1ed1c \u0111\u1ed9<\/li>\n<li>Phanh: \u0111\u0129a c\u01a1<\/li>\n<li>\u0110\u00f9i \u0111\u0129a: th\u00e9p<\/li>\n<li>V\u00e0nh: nh\u00f4m 27.5 inch<\/li>\n<\/ul>\n","protected":false},"excerpt":{"rendered":"<p>Khung: th\u00e9p P\u00f4 t\u0103ng + ghi \u0111\u00f4ng: h\u1ee3p kim nh\u00f4m Phu\u1ed9c: th\u00e9p C\u1ecdc y\u00ean: th\u00e9p Tay \u0111\u1ec1 SHIMANO 3\u00d77 t\u1ed1c \u0111\u1ed9 Phanh: \u0111\u0129a c\u01a1 \u0110\u00f9i \u0111\u0129a:<span class=\"excerpt-hellip\"> [\u2026]<\/span><\/p>\n","protected":false},"featured_media":12411,"comment_status":"closed","ping_status":"closed","template":"","meta":[],"product_cat":[115,117],"product_tag":[],"class_list":["post-12410","product","type-product","status-publish","has-post-thumbnail","hentry","product_cat-xe-dap-khac","product_cat-xe-dap-vinabike"],"_links":{"self":[{"href":"https:\/\/xedop.com\/en\/wp-json\/wp\/v2\/product\/12410","targetHints":{"allow":["GET"]}}],"collection":[{"href":"https:\/\/xedop.com\/en\/wp-json\/wp\/v2\/product"}],"about":[{"href":"https:\/\/xedop.com\/en\/wp-json\/wp\/v2\/types\/product"}],"replies":[{"embeddable":true,"href":"https:\/\/xedop.com\/en\/wp-json\/wp\/v2\/comments?post=12410"}],"version-history":[{"count":1,"href":"https:\/\/xedop.com\/en\/wp-json\/wp\/v2\/product\/12410\/revisions"}],"predecessor-version":[{"id":12415,"href":"https:\/\/xedop.com\/en\/wp-json\/wp\/v2\/product\/12410\/revisions\/12415"}],"wp:featuredmedia":[{"embeddable":true,"href":"https:\/\/xedop.com\/en\/wp-json\/wp\/v2\/media\/12411"}],"wp:attachment":[{"href":"https:\/\/xedop.com\/en\/wp-json\/wp\/v2\/media?parent=12410"}],"wp:term":[{"taxonomy":"product_cat","embeddable":true,"href":"https:\/\/xedop.com\/en\/wp-json\/wp\/v2\/product_cat?post=12410"},{"taxonomy":"product_tag","embeddable":true,"href":"https:\/\/xedop.com\/en\/wp-json\/wp\/v2\/product_tag?post=12410"}],"curies":[{"name":"wp","href":"https:\/\/api.w.org\/{rel}","templated":true}]}}