{"id":12430,"date":"2026-04-21T10:05:06","date_gmt":"2026-04-21T03:05:06","guid":{"rendered":"https:\/\/xedop.com\/?post_type=product&#038;p=12430"},"modified":"2026-04-21T10:05:56","modified_gmt":"2026-04-21T03:05:56","slug":"moc-treo-banh-west-biking-tren-tuong","status":"publish","type":"product","link":"https:\/\/xedop.com\/en\/san-pham\/moc-treo-banh-west-biking-tren-tuong\/","title":{"rendered":"M\u00f3c treo b\u00e1nh West Biking tr\u00ean t\u01b0\u1eddng"},"content":{"rendered":"<p><strong>Lo\u1ea1i m\u00f3c treo b\u00e1nh d\u1ecdc xe tr\u00ean t\u01b0\u1eddng\u00a0c\u00f3 th\u1ec3 \u0111i\u1ec1u ch\u1ec9nh\u00a0\u00a0<\/strong><\/p>\n<p>\u0110\u1eb7c t\u00ednh:<\/p>\n<p>\u2022 M\u00f3c nh\u1ef1a t\u1ed5ng h\u1ee3p b\u1ecdc b\u1edfi l\u1edbp cao su d\u00e0y ch\u1ed1ng tr\u1ea7y x\u01b0\u1edbc v\u00e0nh b\u00e1nh xe.<\/p>\n<p>\u2022 Thi\u1ebft k\u1ebf m\u00f3c \u0111\u1ed9c \u0111\u00e1o an to\u00e0n gi\u1eef xe kh\u1ecfi tai n\u1ea1n ngo\u00e0i \u00fd mu\u1ed1n.<\/p>\n<p>\u2022 Gi\u00e1 treo \u0111\u01b0\u1ee3c l\u00e0m b\u1eb1ng v\u1eadt li\u1ec7u cao c\u1ea5p n\u00ean ch\u1eafc ch\u1eafn, c\u1ee9ng, nh\u1eb9, ch\u1ed1ng m\u00f2n, b\u1ec1n v\u00e0 ch\u1ecbu \u0111\u01b0\u1ee3c tr\u1ecdng l\u01b0\u1ee3ng 66 pound.<\/p>\n<p>\u2022 Ti\u1ebft ki\u1ec7m di\u1ec7n t\u00edch<\/p>\n<p>\u2022 Ph\u00f9 h\u1ee3p treo nhi\u1ec1u lo\u1ea1i xe \u0111\u1ea1p nh\u01b0 xe \u0111\u1ea1p leo n\u00fai, \u0111i \u0111\u01b0\u1eddng, xe \u0111\u1ea1p g\u1eadp\u2026 L\u1eafp \u0111\u1eb7t \u0111\u01a1n gi\u1ea3n nh\u01b0 sau:<\/p>\n<p>\u2022 T\u1ed1t nh\u1ea5t m\u00f3c \u0111\u01b0\u1ee3c treo tr\u00ean t\u01b0\u1eddng g\u1ed7 v\u00ec \u1ed1c v\u00edt \u0111\u01b0\u1ee3c \u0111\u00f3ng ch\u00ecm trong t\u01b0\u1eddng n\u00ean s\u1ebd \u0111\u01b0\u1ee3c gi\u1eef ch\u1eafc ch\u1eafn.<\/p>\n<p>\u2022 X\u00e1c \u0111\u1ecbnh vi tr\u00ed treo m\u00f3c sao cho l\u1ed1p sau \u0111\u01b0\u1ee3c \u0111\u1eb7t cao h\u01a1n m\u1eb7t \u0111\u1ea5t, hai b\u00ean xe c\u00f3 kho\u1ea3ng h\u1edf. M\u00f3c \u0111\u01b0\u1ee3c treo cao b\u1eb1ng vai ti\u1ec7n treo xe. T\u1ea5t c\u1ea3 c\u00e1c \u1ed1c v\u00edt ph\u1ea3i \u0111\u01b0\u1ee3c s\u1eed d\u1ee5ng.<\/p>\n<p>\u2022 K\u00e9o b\u00e1nh xe sao cho ph\u1ea7n gi\u1eefa b\u00e1nh ngay m\u1ed1c \u0111\u1ec3 treo l\u00ean v\u00e0 b\u00e1nh xe \u1edf ph\u00eda tr\u00ean gi\u00e1 \u0111\u1ee1.<\/p>\n<p>\u2022 D\u00f9ng d\u00e2y kh\u00f3a n\u1ed1i t\u1eeb gi\u00e1 \u0111\u1ee1 v\u00f2ng qua khung xe \u0111\u1ea1p \u0111\u1ec3 kh\u00f3a xe l\u1ea1i.<\/p>\n<p><strong>S\u1ea3n ph\u1ea9m g\u1ed3m:<\/strong><\/p>\n<p>M\u00f3c t\u01b0\u1eddng treo xe \u0111\u1ea1p<\/p>\n<p>1. l\u00e0m b\u1eb1ng nh\u1ef1a t\u1ed5ng h\u1ee3p ch\u1eafc ch\u1eafn, ch\u1ecbu \u0111\u01b0\u1ee3c s\u1ee9c n\u1eb7ng l\u00ean \u0111\u1ebfn 30kg.<\/p>\n<p>2. gi\u00fap xe \u0111\u1ea1p th\u1ec3 thao \u1ed5n \u0111\u1ecbnh tr\u00ean t\u01b0\u1eddng.<\/p>\n<p>3. ph\u00f9 h\u1ee3p tr\u00ean b\u1ea5t k\u1ef3 b\u1ee9c t\u01b0\u1eddng n\u00e0o (k\u00e8m theo \u1ed1c v\u00edt \u0111\u1ec3 g\u1eafn )<\/p>\n<p>4. th\u00edch h\u1ee3p cho t\u1ea5t c\u1ea3 c\u00e1c lo\u1ea1i xe \u0111\u1ea1p nh\u01b0 xe \u0111\u1ea1p n\u00fai, xe \u0111\u1ea1p \u0111\u01b0\u1eddng, xe \u0111\u1ea1p g\u1ea5p vv.<\/p>\n<p>5. c\u00f3 th\u1ec3 g\u1eadp l\u00ean xu\u1ed1ng ti\u1ec7n l\u1ee3i<\/p>\n<p>6. m\u00f3c c\u00f3 l\u1edbp cao su tr\u00e1nh tr\u1ea7y v\u00e0nh xe khi treo<\/p>\n<p>7. d\u1ec5 d\u00e0ng l\u1eafp r\u00e1p<\/p>\n","protected":false},"excerpt":{"rendered":"<p>Lo\u1ea1i m\u00f3c treo b\u00e1nh d\u1ecdc xe tr\u00ean t\u01b0\u1eddng\u00a0c\u00f3 th\u1ec3 \u0111i\u1ec1u ch\u1ec9nh\u00a0\u00a0 \u0110\u1eb7c t\u00ednh: \u2022 M\u00f3c nh\u1ef1a t\u1ed5ng h\u1ee3p b\u1ecdc b\u1edfi l\u1edbp cao su d\u00e0y ch\u1ed1ng tr\u1ea7y<span class=\"excerpt-hellip\"> [\u2026]<\/span><\/p>\n","protected":false},"featured_media":12433,"comment_status":"closed","ping_status":"closed","template":"","meta":[],"product_cat":[33,118],"product_tag":[],"class_list":["post-12430","product","type-product","status-publish","has-post-thumbnail","hentry","product_cat-dung-cu","product_cat-moc-treo-gia-do"],"_links":{"self":[{"href":"https:\/\/xedop.com\/en\/wp-json\/wp\/v2\/product\/12430","targetHints":{"allow":["GET"]}}],"collection":[{"href":"https:\/\/xedop.com\/en\/wp-json\/wp\/v2\/product"}],"about":[{"href":"https:\/\/xedop.com\/en\/wp-json\/wp\/v2\/types\/product"}],"replies":[{"embeddable":true,"href":"https:\/\/xedop.com\/en\/wp-json\/wp\/v2\/comments?post=12430"}],"version-history":[{"count":2,"href":"https:\/\/xedop.com\/en\/wp-json\/wp\/v2\/product\/12430\/revisions"}],"predecessor-version":[{"id":12441,"href":"https:\/\/xedop.com\/en\/wp-json\/wp\/v2\/product\/12430\/revisions\/12441"}],"wp:featuredmedia":[{"embeddable":true,"href":"https:\/\/xedop.com\/en\/wp-json\/wp\/v2\/media\/12433"}],"wp:attachment":[{"href":"https:\/\/xedop.com\/en\/wp-json\/wp\/v2\/media?parent=12430"}],"wp:term":[{"taxonomy":"product_cat","embeddable":true,"href":"https:\/\/xedop.com\/en\/wp-json\/wp\/v2\/product_cat?post=12430"},{"taxonomy":"product_tag","embeddable":true,"href":"https:\/\/xedop.com\/en\/wp-json\/wp\/v2\/product_tag?post=12430"}],"curies":[{"name":"wp","href":"https:\/\/api.w.org\/{rel}","templated":true}]}}