{"id":12442,"date":"2026-04-21T10:16:22","date_gmt":"2026-04-21T03:16:22","guid":{"rendered":"https:\/\/xedop.com\/?post_type=product&#038;p=12442"},"modified":"2026-04-21T10:16:23","modified_gmt":"2026-04-21T03:16:23","slug":"chan-chong-de-xe-chu-l-kep-banh-co-moc-treo","status":"publish","type":"product","link":"https:\/\/xedop.com\/en\/san-pham\/chan-chong-de-xe-chu-l-kep-banh-co-moc-treo\/","title":{"rendered":"Ch\u00e2n ch\u1ed1ng \u0111\u1ec3 xe ch\u1eef L k\u1eb9p b\u00e1nh (c\u00f3 m\u00f3c treo)"},"content":{"rendered":"<p>T\u00ean s\u1ea3n ph\u1ea9m: Ch\u00e2n ch\u1ed1ng \u0111\u1ec3 xe ch\u1eef L k\u1eb9p b\u00e1nh (c\u00f3 m\u00f3c treo)<\/p>\n<p>Ch\u1ea5t li\u1ec7u:<\/p>\n<ul>\n<li>Khung: Th\u01b0\u1eddng l\u00e0m t\u1eeb th\u00e9p ho\u1eb7c h\u1ee3p kim nh\u00f4m, ch\u1eafc ch\u1eafn v\u00e0 b\u1ec1n b\u1ec9, ch\u1ed1ng g\u1ec9 s\u00e9t v\u00e0 \u0111\u1ea3m b\u1ea3o s\u1eed d\u1ee5ng l\u00e2u d\u00e0i.<\/li>\n<li>B\u1ec1 m\u1eb7t: Ho\u00e0n thi\u1ec7n m\u1ecbn m\u00e0ng, c\u00f3 th\u1ec3 \u0111\u01b0\u1ee3c ph\u1ee7 th\u00eam l\u1edbp s\u01a1n ho\u1eb7c b\u1ecdc cao su \u0111\u1ec3 t\u0103ng kh\u1ea3 n\u0103ng ch\u1ed1ng tr\u1ea7y x\u01b0\u1edbc.<\/li>\n<\/ul>\n<p>Thi\u1ebft k\u1ebf:<\/p>\n<ul>\n<li>H\u00ecnh d\u1ea1ng: Ki\u1ec3u d\u00e1ng ch\u1eef L, d\u1ec5 d\u00e0ng nh\u00e9t v\u00e0o b\u00e1nh xe, gi\u00fap gi\u1eef cho xe \u0111\u1ee9ng th\u1eb3ng m\u1ed9t c\u00e1ch an to\u00e0n.<\/li>\n<li>M\u00f3c treo: Trang b\u1ecb th\u00eam m\u00f3c treo ti\u1ec7n l\u1ee3i, cho ph\u00e9p treo \u0111\u1ed3 \u0111\u1ea1c ho\u1eb7c ph\u1ee5 ki\u1ec7n nh\u01b0 t\u00fai \u0111i xe, gi\u00fap ti\u1ebft ki\u1ec7m kh\u00f4ng gian v\u00e0 gia t\u0103ng t\u00ednh ti\u1ec7n d\u1ee5ng.<\/li>\n<\/ul>\n<p>T\u00ednh n\u0103ng n\u1ed5i b\u1eadt:<\/p>\n<ul>\n<li>D\u1ec5 d\u00e0ng s\u1eed d\u1ee5ng: Thi\u1ebft k\u1ebf th\u00f4ng minh gi\u00fap ng\u01b0\u1eddi d\u00f9ng d\u1ec5 d\u00e0ng l\u1eafp \u0111\u1eb7t v\u00e0 th\u00e1o r\u1eddi m\u00e0 kh\u00f4ng m\u1ea5t th\u1eddi gian.<\/li>\n<li>Kh\u1ea3 n\u0103ng gi\u1eef v\u1eefng: Thi\u1ebft k\u1ebf ch\u00e2n ch\u1ed1ng ch\u1eef L gi\u00fap ph\u00e2n b\u1ed5 tr\u1ecdng l\u01b0\u1ee3ng \u0111\u1ec1u, gi\u1eef cho chi\u1ebfc xe lu\u00f4n \u0111\u1ee9ng v\u1eefng tr\u00ean m\u1ecdi b\u1ec1 m\u1eb7t.<\/li>\n<li>T\u00ednh ti\u1ec7n l\u1ee3i: C\u00f3 m\u00f3c treo \u0111\u1ec3 treo \u0111\u1ed3, r\u1ea5t h\u1eefu \u00edch khi s\u1eed d\u1ee5ng trong nh\u1eefng chuy\u1ebfn \u0111i ho\u1eb7c khi c\u1ea7n tay \u0111\u1ec3 l\u00e0m vi\u1ec7c kh\u00e1c.<\/li>\n<\/ul>\n<p>\u1ee8ng d\u1ee5ng:<\/p>\n<ul>\n<li>Ph\u00f9 h\u1ee3p cho nhi\u1ec1u lo\u1ea1i xe \u0111\u1ea1p, t\u1eeb xe \u0111\u1ea1p th\u00e0nh ph\u1ed1 \u0111\u1ebfn xe \u0111\u1ea1p th\u1ec3 thao, l\u00fd t\u01b0\u1edfng cho nh\u1eefng ng\u01b0\u1eddi th\u01b0\u1eddng xuy\u00ean c\u1ea7n \u0111\u1ec3 xe \u0111\u1ee9ng v\u1eefng ho\u1eb7c treo \u0111\u1ed3.<\/li>\n<\/ul>\n","protected":false},"excerpt":{"rendered":"<p>T\u00ean s\u1ea3n ph\u1ea9m: Ch\u00e2n ch\u1ed1ng \u0111\u1ec3 xe ch\u1eef L k\u1eb9p b\u00e1nh (c\u00f3 m\u00f3c treo) Ch\u1ea5t li\u1ec7u: Khung: Th\u01b0\u1eddng l\u00e0m t\u1eeb th\u00e9p ho\u1eb7c h\u1ee3p kim nh\u00f4m, ch\u1eafc<span class=\"excerpt-hellip\"> [\u2026]<\/span><\/p>\n","protected":false},"featured_media":12443,"comment_status":"closed","ping_status":"closed","template":"","meta":[],"product_cat":[118],"product_tag":[],"class_list":["post-12442","product","type-product","status-publish","has-post-thumbnail","hentry","product_cat-moc-treo-gia-do"],"_links":{"self":[{"href":"https:\/\/xedop.com\/en\/wp-json\/wp\/v2\/product\/12442","targetHints":{"allow":["GET"]}}],"collection":[{"href":"https:\/\/xedop.com\/en\/wp-json\/wp\/v2\/product"}],"about":[{"href":"https:\/\/xedop.com\/en\/wp-json\/wp\/v2\/types\/product"}],"replies":[{"embeddable":true,"href":"https:\/\/xedop.com\/en\/wp-json\/wp\/v2\/comments?post=12442"}],"version-history":[{"count":2,"href":"https:\/\/xedop.com\/en\/wp-json\/wp\/v2\/product\/12442\/revisions"}],"predecessor-version":[{"id":12450,"href":"https:\/\/xedop.com\/en\/wp-json\/wp\/v2\/product\/12442\/revisions\/12450"}],"wp:featuredmedia":[{"embeddable":true,"href":"https:\/\/xedop.com\/en\/wp-json\/wp\/v2\/media\/12443"}],"wp:attachment":[{"href":"https:\/\/xedop.com\/en\/wp-json\/wp\/v2\/media?parent=12442"}],"wp:term":[{"taxonomy":"product_cat","embeddable":true,"href":"https:\/\/xedop.com\/en\/wp-json\/wp\/v2\/product_cat?post=12442"},{"taxonomy":"product_tag","embeddable":true,"href":"https:\/\/xedop.com\/en\/wp-json\/wp\/v2\/product_tag?post=12442"}],"curies":[{"name":"wp","href":"https:\/\/api.w.org\/{rel}","templated":true}]}}